{"id":1365,"date":"2025-08-03T23:59:16","date_gmt":"2025-08-03T23:59:16","guid":{"rendered":"https:\/\/negociosconectividade.ao\/?page_id=1365"},"modified":"2026-01-07T13:36:53","modified_gmt":"2026-01-07T13:36:53","slug":"programa-2","status":"publish","type":"page","link":"https:\/\/negociosconectividade.ao\/index.php\/programa-2\/","title":{"rendered":"PROGRAMA"},"content":{"rendered":"\t\t<div data-elementor-type=\"wp-page\" data-elementor-id=\"1365\" class=\"elementor elementor-1365\">\n\t\t\t\t<div class=\"elementor-element elementor-element-5532c6fd e-flex e-con-boxed e-con e-parent\" data-id=\"5532c6fd\" data-element_type=\"container\" data-e-type=\"container\" data-settings=\"{&quot;background_background&quot;:&quot;gradient&quot;,&quot;shape_divider_bottom&quot;:&quot;waves&quot;}\">\n\t\t\t\t\t<div class=\"e-con-inner\">\n\t\t\t\t<div class=\"elementor-shape elementor-shape-bottom\" aria-hidden=\"true\" data-negative=\"false\">\n\t\t\t<svg xmlns=\"http:\/\/www.w3.org\/2000\/svg\" viewBox=\"0 0 1000 100\" preserveAspectRatio=\"none\">\n\t<path class=\"elementor-shape-fill\" d=\"M421.9,6.5c22.6-2.5,51.5,0.4,75.5,5.3c23.6,4.9,70.9,23.5,100.5,35.7c75.8,32.2,133.7,44.5,192.6,49.7\n\tc23.6,2.1,48.7,3.5,103.4-2.5c54.7-6,106.2-25.6,106.2-25.6V0H0v30.3c0,0,72,32.6,158.4,30.5c39.2-0.7,92.8-6.7,134-22.4\n\tc21.2-8.1,52.2-18.2,79.7-24.2C399.3,7.9,411.6,7.5,421.9,6.5z\"\/>\n<\/svg>\t\t<\/div>\n\t\t\t\t<div class=\"elementor-element elementor-element-43649bca elementor-widget elementor-widget-heading\" data-id=\"43649bca\" data-element_type=\"widget\" data-e-type=\"widget\" data-widget_type=\"heading.default\">\n\t\t\t\t<div class=\"elementor-widget-container\">\n\t\t\t\t\t<h2 class=\"elementor-heading-title elementor-size-default\">ICOLO E BENGO<\/h2>\t\t\t\t<\/div>\n\t\t\t\t<\/div>\n\t\t\t\t\t<\/div>\n\t\t\t\t<\/div>\n\t\t<div class=\"elementor-element elementor-element-38be469 e-flex e-con-boxed e-con e-parent\" data-id=\"38be469\" data-element_type=\"container\" data-e-type=\"container\">\n\t\t\t\t\t<div class=\"e-con-inner\">\n\t\t<div class=\"elementor-element elementor-element-cacd495 e-con-full e-grid elementor-hidden-desktop elementor-hidden-tablet elementor-hidden-mobile e-con e-child\" data-id=\"cacd495\" data-element_type=\"container\" data-e-type=\"container\" data-settings=\"{&quot;background_background&quot;:&quot;classic&quot;}\">\n\t\t\t\t<div class=\"elementor-element elementor-element-eccd763 elementor-widget elementor-widget-heading\" data-id=\"eccd763\" data-element_type=\"widget\" data-e-type=\"widget\" data-widget_type=\"heading.default\">\n\t\t\t\t<div class=\"elementor-widget-container\">\n\t\t\t\t\t<h4 class=\"elementor-heading-title elementor-size-default\"><span style=\"color: Maroon\">LOCAL: <\/span>\n <\/h4>\t\t\t\t<\/div>\n\t\t\t\t<\/div>\n\t\t\t\t<\/div>\n\t\t<div class=\"elementor-element elementor-element-01106c4 e-con-full e-flex e-con e-child\" data-id=\"01106c4\" data-element_type=\"container\" data-e-type=\"container\">\n\t\t<div class=\"elementor-element elementor-element-a39d869 e-con-full e-grid e-con e-child\" data-id=\"a39d869\" data-element_type=\"container\" data-e-type=\"container\" data-settings=\"{&quot;background_background&quot;:&quot;classic&quot;}\">\n\t\t\t\t<div class=\"elementor-element elementor-element-8e284e5 elementor-widget elementor-widget-heading\" data-id=\"8e284e5\" data-element_type=\"widget\" data-e-type=\"widget\" data-widget_type=\"heading.default\">\n\t\t\t\t<div class=\"elementor-widget-container\">\n\t\t\t\t\t<h4 class=\"elementor-heading-title elementor-size-default\">1\u00ba DIA - 27\/03\/26 <\/h4>\t\t\t\t<\/div>\n\t\t\t\t<\/div>\n\t\t\t\t<\/div>\n\t\t\t\t<\/div>\n\t\t\t\t<div class=\"elementor-element elementor-element-b1ef073 elementor-widget elementor-widget-heading\" data-id=\"b1ef073\" data-element_type=\"widget\" data-e-type=\"widget\" data-widget_type=\"heading.default\">\n\t\t\t\t<div class=\"elementor-widget-container\">\n\t\t\t\t\t<h5 class=\"elementor-heading-title elementor-size-default\"><span style=\"color: Maroon\">MESTRE CERIM\u00d3NIA: <\/span>\nEDNO PINTO<\/h5>\t\t\t\t<\/div>\n\t\t\t\t<\/div>\n\t\t<div class=\"elementor-element elementor-element-ae67f12 e-con-full e-flex e-con e-child\" data-id=\"ae67f12\" data-element_type=\"container\" data-e-type=\"container\" data-settings=\"{&quot;background_background&quot;:&quot;classic&quot;}\">\n\t\t\t\t<div class=\"elementor-element elementor-element-3131c45 elementor-widget elementor-widget-text-editor\" data-id=\"3131c45\" data-element_type=\"widget\" data-e-type=\"widget\" data-widget_type=\"text-editor.default\">\n\t\t\t\t<div class=\"elementor-widget-container\">\n\t\t\t\t\t\t\t\t\t<p>08h00 &#8211; <strong>Chegada dos Participantes<\/strong><\/p>\t\t\t\t\t\t\t\t<\/div>\n\t\t\t\t<\/div>\n\t\t\t\t<\/div>\n\t\t<div class=\"elementor-element elementor-element-8c636e2 e-con-full e-flex e-con e-child\" data-id=\"8c636e2\" data-element_type=\"container\" data-e-type=\"container\" data-settings=\"{&quot;background_background&quot;:&quot;classic&quot;}\">\n\t\t\t\t<div class=\"elementor-element elementor-element-a3f2cc3 elementor-widget elementor-widget-text-editor\" data-id=\"a3f2cc3\" data-element_type=\"widget\" data-e-type=\"widget\" data-widget_type=\"text-editor.default\">\n\t\t\t\t<div class=\"elementor-widget-container\">\n\t\t\t\t\t\t\t\t\t<p>09h00 \u2013 <strong>ABERTURA SOLENE<\/strong> com <strong>Hino Nacional \u201cAngola Avante\u201d<\/strong><br \/>09h05 \u2013<strong> PALAVRAS DE CIRCUNST\u00c2NCIA<\/strong> &#8211; Exmo Sr. <strong>Augusto Dembo<\/strong><br \/>\u00a0 \u00a0 \u00a0 \u00a0 \u00a0 \u00a0 \u00a0 \u00a0Coordenador Geral do Grupo MediaNova<br \/>09h10 \u2013 <strong>PALAVRAS DE BOAS-VINDAS<\/strong> &#8211; Exmo Sr. <strong>Auz\u00edlio Jacob<\/strong><br \/>\u00a0 \u00a0 \u00a0 \u00a0 \u00a0 \u00a0 \u00a0 \u00a0Governador Provincial do Icolo e Bengo<br \/>09h15 \u2013 <strong>DISCURSO DE ABERTURA<\/strong> &#8211; Exmo Sr.<strong> M\u00e1rio A.S. Oliveira<\/strong><br \/>\u00a0 \u00a0 \u00a0 \u00a0 \u00a0 \u00a0 \u00a0 \u00a0Ministro das Telecomunica\u00e7\u00f5es, Tecnologias de Informa\u00e7\u00e3o e Comunica\u00e7\u00e3o Social,<strong><br \/><\/strong><\/p>\t\t\t\t\t\t\t\t<\/div>\n\t\t\t\t<\/div>\n\t\t\t\t<\/div>\n\t\t<div class=\"elementor-element elementor-element-69c83e8 e-con-full e-flex e-con e-child\" data-id=\"69c83e8\" data-element_type=\"container\" data-e-type=\"container\" data-settings=\"{&quot;background_background&quot;:&quot;classic&quot;}\">\n\t\t\t\t<div class=\"elementor-element elementor-element-fd004e6 elementor-widget elementor-widget-text-editor\" data-id=\"fd004e6\" data-element_type=\"widget\" data-e-type=\"widget\" data-widget_type=\"text-editor.default\">\n\t\t\t\t<div class=\"elementor-widget-container\">\n\t\t\t\t\t\t\t\t\t<p>09h20 \u2013 Foto de Fam\u00edlia com m\u00fasica ambiente de fundo (20\u00b4)<\/p>\t\t\t\t\t\t\t\t<\/div>\n\t\t\t\t<\/div>\n\t\t\t\t<\/div>\n\t\t<div class=\"elementor-element elementor-element-4a1fcfb e-con-full e-flex e-con e-child\" data-id=\"4a1fcfb\" data-element_type=\"container\" data-e-type=\"container\" data-settings=\"{&quot;background_background&quot;:&quot;classic&quot;}\">\n\t\t\t\t<div class=\"elementor-element elementor-element-d3c95cc elementor-widget elementor-widget-text-editor\" data-id=\"d3c95cc\" data-element_type=\"widget\" data-e-type=\"widget\" data-widget_type=\"text-editor.default\">\n\t\t\t\t<div class=\"elementor-widget-container\">\n\t\t\t\t\t\t\t\t\t<p>09h40 &#8211; <span style=\"color: maroon;\"><strong>CONVERSAS &amp; NEG\u00d3CIOS 1<\/strong>: <br \/><\/span>\u00a0 \u00a0 \u00a0 \u00a0 \u00a0 \u00a0 \u00a0 Moderador<strong>: Edgar God\u00f3<br \/>\u00a0 \u00a0 \u00a0 \u00a0 \u00a0 \u00a0 \u00a0 OPORTUNIDADES, POTENCIALIDADES DE NEG\u00d3CIOS<br \/><\/strong>09h45 &#8211; <strong>Tema \u00e0 escolha (20\u00b4)<\/strong><br \/>\u00a0 \u00a0 \u00a0 \u00a0 \u00a0 \u00a0 \u00a0 Prelector: <strong>a indicar<\/strong><br \/>\u00a0 \u00a0 \u00a0 \u00a0 \u00a0 \u00a0 \u00a0 Administrador do Fundo Soberano de Angola<br \/>10h05 &#8211; <strong>Tema \u00e0 escolha (15\u00b4)<\/strong><br \/>\u00a0 \u00a0 \u00a0 \u00a0 \u00a0 \u00a0 \u00a0 Prelector: <strong>a indicar<\/strong><br \/>\u00a0 \u00a0 \u00a0 \u00a0 \u00a0 \u00a0 \u00a0 T\u00e9cnico de Cr\u00e9dito do FADA<br \/>10h20 &#8211;<strong> Tema \u00e0 escolha (15\u00b4)<\/strong><br \/>\u00a0 \u00a0 \u00a0 \u00a0 \u00a0 \u00a0 \u00a0 Prelector: <strong>a indicar<\/strong><br \/>\u00a0 \u00a0 \u00a0 \u00a0 \u00a0 \u00a0 \u00a0 Fundo de Garantia de Cr\u00e9dito<br \/>10h35 &#8211; Perguntas e respostas (20min)<\/p>\t\t\t\t\t\t\t\t<\/div>\n\t\t\t\t<\/div>\n\t\t\t\t<\/div>\n\t\t<div class=\"elementor-element elementor-element-32fbed5 e-con-full e-flex e-con e-child\" data-id=\"32fbed5\" data-element_type=\"container\" data-e-type=\"container\" data-settings=\"{&quot;background_background&quot;:&quot;classic&quot;}\">\n\t\t\t\t<div class=\"elementor-element elementor-element-c90d4a5 elementor-widget elementor-widget-text-editor\" data-id=\"c90d4a5\" data-element_type=\"widget\" data-e-type=\"widget\" data-widget_type=\"text-editor.default\">\n\t\t\t\t<div class=\"elementor-widget-container\">\n\t\t\t\t\t\t\t\t\t<p>10h55 &#8211; COFFE-BREACK + momento m\u00fasica ambiente (45\u00b4)<\/p>\t\t\t\t\t\t\t\t<\/div>\n\t\t\t\t<\/div>\n\t\t\t\t<\/div>\n\t\t<div class=\"elementor-element elementor-element-0bd5f9e e-con-full e-flex e-con e-child\" data-id=\"0bd5f9e\" data-element_type=\"container\" data-e-type=\"container\" data-settings=\"{&quot;background_background&quot;:&quot;classic&quot;}\">\n\t\t\t\t<div class=\"elementor-element elementor-element-ddabb23 elementor-widget elementor-widget-text-editor\" data-id=\"ddabb23\" data-element_type=\"widget\" data-e-type=\"widget\" data-widget_type=\"text-editor.default\">\n\t\t\t\t<div class=\"elementor-widget-container\">\n\t\t\t\t\t\t\t\t\t<p>11h40 &#8211;<strong><span style=\"color: maroon;\">CONVERSAS &amp; NEG\u00d3CIOS 2: <br \/><\/span><\/strong>\u00a0 \u00a0 \u00a0 \u00a0 \u00a0 \u00a0 \u00a0 \u00a0Moderador:<strong> Gisela Silva<br \/>\u00a0 \u00a0 \u00a0 \u00a0 \u00a0 \u00a0 \u00a0 \u00a0Sustentabilidade e Competitividade em infinitas oportunidades de crescimento<br \/><\/strong>11h45 &#8211; Os Rios como Infraestruturas Naturais para o Com\u00e9rcio da Regi\u00e3o (15\u00b4)<br \/>\u00a0 \u00a0 \u00a0 \u00a0 \u00a0 \u00a0 \u00a0 \u00a0Prelector: <strong>a indicar<\/strong><br \/>12h00 &#8211; <strong>Cadeias de Valor Agr\u00edcolas e o Potencial da Zona Econ\u00f3mica Estatal<\/strong> (15\u00b4)<br \/>\u00a0 \u00a0 \u00a0 \u00a0 \u00a0 \u00a0 \u00a0 \u00a0Prelector:<strong> a indicar<\/strong><br \/>12h15 &#8211; Perguntas e respostas (20min)<\/p>\t\t\t\t\t\t\t\t<\/div>\n\t\t\t\t<\/div>\n\t\t\t\t<\/div>\n\t\t<div class=\"elementor-element elementor-element-a23a20e e-con-full e-flex e-con e-child\" data-id=\"a23a20e\" data-element_type=\"container\" data-e-type=\"container\" data-settings=\"{&quot;background_background&quot;:&quot;classic&quot;}\">\n\t\t\t\t<div class=\"elementor-element elementor-element-43d0c47 elementor-widget elementor-widget-text-editor\" data-id=\"43d0c47\" data-element_type=\"widget\" data-e-type=\"widget\" data-widget_type=\"text-editor.default\">\n\t\t\t\t<div class=\"elementor-widget-container\">\n\t\t\t\t\t\t\t\t\t<p>12h35 &#8211; Curto intervalo (5\u00b4)<\/p>\t\t\t\t\t\t\t\t<\/div>\n\t\t\t\t<\/div>\n\t\t\t\t<\/div>\n\t\t<div class=\"elementor-element elementor-element-9250f8e e-con-full e-flex e-con e-child\" data-id=\"9250f8e\" data-element_type=\"container\" data-e-type=\"container\" data-settings=\"{&quot;background_background&quot;:&quot;classic&quot;}\">\n\t\t\t\t<div class=\"elementor-element elementor-element-e568106 elementor-widget elementor-widget-text-editor\" data-id=\"e568106\" data-element_type=\"widget\" data-e-type=\"widget\" data-widget_type=\"text-editor.default\">\n\t\t\t\t<div class=\"elementor-widget-container\">\n\t\t\t\t\t\t\t\t\t<p>12h40 &#8211; <span style=\"color: maroon;\"><strong>CONVERSAS &amp; NEG\u00d3CIOS 3 (30\u00b4)<\/strong><br \/><\/span>\u00a0 \u00a0 \u00a0 \u00a0 \u00a0 \u00a0 \u00a0 Moderador:<strong> Ladislau Silva<\/strong><br \/>\u00a0 \u00a0 \u00a0 \u00a0 \u00a0 \u00a0 \u00a0 Conectando SeCtores, Impulsionando Mercados<br \/>12h45 &#8211; <strong>Vias, transporte, mobilidade e os seus destinos<\/strong> (15min)<br \/>\u00a0 \u00a0 \u00a0 \u00a0 \u00a0 \u00a0 \u00a0 Prelector:<strong> a indicar<\/strong><br \/>13h00 &#8211;<strong> Turismo como garante no suporte econ\u00f3mico<\/strong> (15min)<br \/>\u00a0 \u00a0 \u00a0 \u00a0 \u00a0 \u00a0 \u00a0 \u00a0Prelector:<strong> a indicar<\/strong><br \/>\u00a0 \u00a0 \u00a0 \u00a0 \u00a0 \u00a0 \u00a0 \u00a0Grupo Chicoil<br \/>13h15 &#8211; Perguntas e respostas (20min)<\/p>\t\t\t\t\t\t\t\t<\/div>\n\t\t\t\t<\/div>\n\t\t\t\t<\/div>\n\t\t<div class=\"elementor-element elementor-element-d6ba734 e-con-full e-flex e-con e-child\" data-id=\"d6ba734\" data-element_type=\"container\" data-e-type=\"container\" data-settings=\"{&quot;background_background&quot;:&quot;classic&quot;}\">\n\t\t\t\t<div class=\"elementor-element elementor-element-8901ed7 elementor-widget elementor-widget-text-editor\" data-id=\"8901ed7\" data-element_type=\"widget\" data-e-type=\"widget\" data-widget_type=\"text-editor.default\">\n\t\t\t\t<div class=\"elementor-widget-container\">\n\t\t\t\t\t\t\t\t\t<p>13h35 \u2013 Inscri\u00e7\u00f5es para o Cartaz Empresarial ao som de m\u00fasica ambiente (10\u00b4)<br \/>13h45 &#8211; <span style=\"color: maroon;\"><strong>CARTAZ EMPRESARIAL (30\u00b4)<\/strong><br \/><\/span><\/p>\t\t\t\t\t\t\t\t<\/div>\n\t\t\t\t<\/div>\n\t\t\t\t<\/div>\n\t\t<div class=\"elementor-element elementor-element-be9b49c e-con-full e-flex e-con e-child\" data-id=\"be9b49c\" data-element_type=\"container\" data-e-type=\"container\" data-settings=\"{&quot;background_background&quot;:&quot;classic&quot;}\">\n\t\t\t\t<div class=\"elementor-element elementor-element-6688aca elementor-widget elementor-widget-text-editor\" data-id=\"6688aca\" data-element_type=\"widget\" data-e-type=\"widget\" data-widget_type=\"text-editor.default\">\n\t\t\t\t<div class=\"elementor-widget-container\">\n\t\t\t\t\t\t\t\t\t<p>14h15 &#8211; Discurso de Encerramento (5\u00b4) &#8211; Exmo Sr. <strong>Augusto Dembo<\/strong><br \/>\u00a0 \u00a0 \u00a0 \u00a0 \u00a0 \u00a0 \u00a0 Coordenador Geral do Grupo Media Nova<\/p>\t\t\t\t\t\t\t\t<\/div>\n\t\t\t\t<\/div>\n\t\t\t\t<\/div>\n\t\t<div class=\"elementor-element elementor-element-5478ab1 e-con-full e-flex e-con e-child\" data-id=\"5478ab1\" data-element_type=\"container\" data-e-type=\"container\" data-settings=\"{&quot;background_background&quot;:&quot;classic&quot;}\">\n\t\t\t\t<div class=\"elementor-element elementor-element-db1fcfd elementor-widget elementor-widget-text-editor\" data-id=\"db1fcfd\" data-element_type=\"widget\" data-e-type=\"widget\" data-widget_type=\"text-editor.default\">\n\t\t\t\t<div class=\"elementor-widget-container\">\n\t\t\t\t\t\t\t\t\t<p>14h20 &#8211; Entrega de Certificados (15\u00b4)<\/p>\t\t\t\t\t\t\t\t<\/div>\n\t\t\t\t<\/div>\n\t\t\t\t<\/div>\n\t\t<div class=\"elementor-element elementor-element-ec1fc23 e-con-full e-flex e-con e-child\" data-id=\"ec1fc23\" data-element_type=\"container\" data-e-type=\"container\" data-settings=\"{&quot;background_background&quot;:&quot;classic&quot;}\">\n\t\t\t\t<div class=\"elementor-element elementor-element-4860080 elementor-widget elementor-widget-text-editor\" data-id=\"4860080\" data-element_type=\"widget\" data-e-type=\"widget\" data-widget_type=\"text-editor.default\">\n\t\t\t\t<div class=\"elementor-widget-container\">\n\t\t\t\t\t\t\t\t\t<p>14h35 \u2013<strong><span style=\"color: maroon;\">\u00a0ALMO\u00c7O \/ ENCERRAMENTO (2h) <\/span><\/strong><\/p>\t\t\t\t\t\t\t\t<\/div>\n\t\t\t\t<\/div>\n\t\t\t\t<\/div>\n\t\t<div class=\"elementor-element elementor-element-96f86c6 e-con-full e-grid e-con e-child\" data-id=\"96f86c6\" data-element_type=\"container\" data-e-type=\"container\" data-settings=\"{&quot;background_background&quot;:&quot;classic&quot;}\">\n\t\t\t\t<div class=\"elementor-element elementor-element-76a57f5 elementor-widget elementor-widget-heading\" data-id=\"76a57f5\" data-element_type=\"widget\" data-e-type=\"widget\" data-widget_type=\"heading.default\">\n\t\t\t\t<div class=\"elementor-widget-container\">\n\t\t\t\t\t<h4 class=\"elementor-heading-title elementor-size-default\">2\u00ba DIA - 28\/03\/26 <\/h4>\t\t\t\t<\/div>\n\t\t\t\t<\/div>\n\t\t\t\t<\/div>\n\t\t<div class=\"elementor-element elementor-element-4bfb0d5 e-con-full e-flex e-con e-child\" data-id=\"4bfb0d5\" data-element_type=\"container\" data-e-type=\"container\" data-settings=\"{&quot;background_background&quot;:&quot;classic&quot;}\">\n\t\t\t\t<div class=\"elementor-element elementor-element-ef7179a elementor-widget elementor-widget-text-editor\" data-id=\"ef7179a\" data-element_type=\"widget\" data-e-type=\"widget\" data-widget_type=\"text-editor.default\">\n\t\t\t\t<div class=\"elementor-widget-container\">\n\t\t\t\t\t\t\t\t\t<p>08h30 &#8211; PASSEIO TUR\u00cdSTICO INCLUINDO VISITA A \u00c1REAS DE PRODU\u00c7\u00c3O;<br \/>\u00a0 \u00a0 \u00a0 \u00a0 \u00a0 \u00a0 \u00a0 Reservado a patrocinadores e participantes A, B e D (Programa a definir)<\/p>\t\t\t\t\t\t\t\t<\/div>\n\t\t\t\t<\/div>\n\t\t\t\t<\/div>\n\t\t\t\t\t<\/div>\n\t\t\t\t<\/div>\n\t\t<div class=\"elementor-element elementor-element-68776636 e-flex e-con-boxed e-con e-parent\" data-id=\"68776636\" data-element_type=\"container\" data-e-type=\"container\" data-settings=\"{&quot;background_background&quot;:&quot;classic&quot;}\">\n\t\t\t\t\t<div class=\"e-con-inner\">\n\t\t<div class=\"elementor-element elementor-element-5514856e e-con-full e-flex e-con e-child\" data-id=\"5514856e\" data-element_type=\"container\" data-e-type=\"container\" data-settings=\"{&quot;background_background&quot;:&quot;gradient&quot;}\">\n\t\t\t\t<div class=\"elementor-element elementor-element-75ad51c elementor-widget elementor-widget-heading\" data-id=\"75ad51c\" data-element_type=\"widget\" data-e-type=\"widget\" data-widget_type=\"heading.default\">\n\t\t\t\t<div class=\"elementor-widget-container\">\n\t\t\t\t\t<h2 class=\"elementor-heading-title elementor-size-default\">Torne-se um patrocinador<\/h2>\t\t\t\t<\/div>\n\t\t\t\t<\/div>\n\t\t\t\t<div class=\"elementor-element elementor-element-457359a9 elementor-widget elementor-widget-text-editor\" data-id=\"457359a9\" data-element_type=\"widget\" data-e-type=\"widget\" data-widget_type=\"text-editor.default\">\n\t\t\t\t<div class=\"elementor-widget-container\">\n\t\t\t\t\t\t\t\t\t<p>Os patrocinadores deste projecto, beneficiam de espa\u00e7os publicit\u00e1rios entre as classes, no quadro abaixo indicado. Os espa\u00e7os ser\u00e3o cedidos em conformidade com os valores que forem patrocinados.<\/p>\t\t\t\t\t\t\t\t<\/div>\n\t\t\t\t<\/div>\n\t\t\t\t<div class=\"elementor-element elementor-element-5d31424a elementor-widget elementor-widget-button\" data-id=\"5d31424a\" data-element_type=\"widget\" data-e-type=\"widget\" data-widget_type=\"button.default\">\n\t\t\t\t<div class=\"elementor-widget-container\">\n\t\t\t\t\t\t\t\t\t<div class=\"elementor-button-wrapper\">\n\t\t\t\t\t<a class=\"elementor-button elementor-button-link elementor-size-sm\" href=\"https:\/\/negociosconectividade.ao\/index.php\/elementor-pagina-851\/\">\n\t\t\t\t\t\t<span class=\"elementor-button-content-wrapper\">\n\t\t\t\t\t\t\t\t\t<span class=\"elementor-button-text\">SABER MAIS<\/span>\n\t\t\t\t\t<\/span>\n\t\t\t\t\t<\/a>\n\t\t\t\t<\/div>\n\t\t\t\t\t\t\t\t<\/div>\n\t\t\t\t<\/div>\n\t\t\t\t<\/div>\n\t\t\t\t\t<\/div>\n\t\t\t\t<\/div>\n\t\t\t\t<\/div>\n\t\t","protected":false},"excerpt":{"rendered":"<p>ICOLO E BENGO LOCAL: 1\u00ba DIA &#8211; 27\/03\/26 MESTRE CERIM\u00d3NIA: EDNO PINTO 08h00 &#8211; Chegada dos Participantes 09h00 \u2013 ABERTURA SOLENE com Hino Nacional \u201cAngola Avante\u201d09h05 \u2013 PALAVRAS DE CIRCUNST\u00c2NCIA &#8211; Exmo Sr. Augusto Dembo\u00a0 \u00a0 \u00a0 \u00a0 \u00a0 \u00a0 \u00a0 \u00a0Coordenador Geral do Grupo MediaNova09h10 \u2013 PALAVRAS DE BOAS-VINDAS &#8211; Exmo Sr. Auz\u00edlio Jacob\u00a0 [&hellip;]<\/p>\n","protected":false},"author":2,"featured_media":0,"parent":0,"menu_order":0,"comment_status":"closed","ping_status":"closed","template":"","meta":{"footnotes":""},"class_list":["post-1365","page","type-page","status-publish","hentry"],"blocksy_meta":[],"_links":{"self":[{"href":"https:\/\/negociosconectividade.ao\/index.php\/wp-json\/wp\/v2\/pages\/1365","targetHints":{"allow":["GET"]}}],"collection":[{"href":"https:\/\/negociosconectividade.ao\/index.php\/wp-json\/wp\/v2\/pages"}],"about":[{"href":"https:\/\/negociosconectividade.ao\/index.php\/wp-json\/wp\/v2\/types\/page"}],"author":[{"embeddable":true,"href":"https:\/\/negociosconectividade.ao\/index.php\/wp-json\/wp\/v2\/users\/2"}],"replies":[{"embeddable":true,"href":"https:\/\/negociosconectividade.ao\/index.php\/wp-json\/wp\/v2\/comments?post=1365"}],"version-history":[{"count":157,"href":"https:\/\/negociosconectividade.ao\/index.php\/wp-json\/wp\/v2\/pages\/1365\/revisions"}],"predecessor-version":[{"id":2946,"href":"https:\/\/negociosconectividade.ao\/index.php\/wp-json\/wp\/v2\/pages\/1365\/revisions\/2946"}],"wp:attachment":[{"href":"https:\/\/negociosconectividade.ao\/index.php\/wp-json\/wp\/v2\/media?parent=1365"}],"curies":[{"name":"wp","href":"https:\/\/api.w.org\/{rel}","templated":true}]}}