{"id":2834,"date":"2026-01-05T13:28:31","date_gmt":"2026-01-05T13:28:31","guid":{"rendered":"https:\/\/negociosconectividade.ao\/?page_id=2834"},"modified":"2026-01-12T10:31:20","modified_gmt":"2026-01-12T10:31:20","slug":"elementor-2834","status":"publish","type":"page","link":"https:\/\/negociosconectividade.ao\/index.php\/elementor-2834\/","title":{"rendered":"Elementor #2834"},"content":{"rendered":"\t\t<div data-elementor-type=\"wp-page\" data-elementor-id=\"2834\" class=\"elementor elementor-2834\">\n\t\t\t\t<div class=\"elementor-element elementor-element-9d23f44 e-con-full e-flex e-con e-parent\" data-id=\"9d23f44\" data-element_type=\"container\" data-e-type=\"container\" data-settings=\"{&quot;background_background&quot;:&quot;classic&quot;}\">\n\t\t\t\t<div class=\"elementor-element elementor-element-0632c5d elementor-widget elementor-widget-image\" data-id=\"0632c5d\" data-element_type=\"widget\" data-e-type=\"widget\" data-widget_type=\"image.default\">\n\t\t\t\t<div class=\"elementor-widget-container\">\n\t\t\t\t\t\t\t\t\t\t\t\t\t\t\t<img fetchpriority=\"high\" decoding=\"async\" width=\"2560\" height=\"516\" src=\"https:\/\/negociosconectividade.ao\/wp-content\/uploads\/2025\/10\/Torne_se_parceiro-scaled.webp\" class=\"attachment-full size-full wp-image-1852\" alt=\"\" srcset=\"https:\/\/negociosconectividade.ao\/wp-content\/uploads\/2025\/10\/Torne_se_parceiro-scaled.webp 2560w, https:\/\/negociosconectividade.ao\/wp-content\/uploads\/2025\/10\/Torne_se_parceiro-300x61.webp 300w, https:\/\/negociosconectividade.ao\/wp-content\/uploads\/2025\/10\/Torne_se_parceiro-1024x207.webp 1024w, https:\/\/negociosconectividade.ao\/wp-content\/uploads\/2025\/10\/Torne_se_parceiro-768x155.webp 768w, https:\/\/negociosconectividade.ao\/wp-content\/uploads\/2025\/10\/Torne_se_parceiro-1536x310.webp 1536w, https:\/\/negociosconectividade.ao\/wp-content\/uploads\/2025\/10\/Torne_se_parceiro-2048x413.webp 2048w\" sizes=\"(max-width: 2560px) 100vw, 2560px\" \/>\t\t\t\t\t\t\t\t\t\t\t\t\t\t\t<\/div>\n\t\t\t\t<\/div>\n\t\t\t\t<\/div>\n\t\t<div class=\"elementor-element elementor-element-eac2ad8 e-flex e-con-boxed e-con e-parent\" data-id=\"eac2ad8\" data-element_type=\"container\" data-e-type=\"container\">\n\t\t\t\t\t<div class=\"e-con-inner\">\n\t\t<div class=\"elementor-element elementor-element-b79a823 e-con-full e-flex e-con e-child\" data-id=\"b79a823\" data-element_type=\"container\" data-e-type=\"container\">\n\t\t\t\t<div class=\"elementor-element elementor-element-ba3f7dc elementor-widget elementor-widget-image\" data-id=\"ba3f7dc\" data-element_type=\"widget\" data-e-type=\"widget\" data-widget_type=\"image.default\">\n\t\t\t\t<div class=\"elementor-widget-container\">\n\t\t\t\t\t\t\t\t\t\t\t\t\t\t\t<img decoding=\"async\" width=\"707\" height=\"1024\" src=\"https:\/\/negociosconectividade.ao\/wp-content\/uploads\/2026\/01\/Patrocinio-1-707x1024.webp\" class=\"attachment-large size-large wp-image-2908\" alt=\"\" srcset=\"https:\/\/negociosconectividade.ao\/wp-content\/uploads\/2026\/01\/Patrocinio-1-707x1024.webp 707w, https:\/\/negociosconectividade.ao\/wp-content\/uploads\/2026\/01\/Patrocinio-1-207x300.webp 207w, https:\/\/negociosconectividade.ao\/wp-content\/uploads\/2026\/01\/Patrocinio-1-768x1113.webp 768w, https:\/\/negociosconectividade.ao\/wp-content\/uploads\/2026\/01\/Patrocinio-1-1060x1536.webp 1060w, https:\/\/negociosconectividade.ao\/wp-content\/uploads\/2026\/01\/Patrocinio-1-1414x2048.webp 1414w, https:\/\/negociosconectividade.ao\/wp-content\/uploads\/2026\/01\/Patrocinio-1-scaled.webp 1767w\" sizes=\"(max-width: 707px) 100vw, 707px\" \/>\t\t\t\t\t\t\t\t\t\t\t\t\t\t\t<\/div>\n\t\t\t\t<\/div>\n\t\t\t\t<\/div>\n\t\t<div class=\"elementor-element elementor-element-9011679 e-con-full e-flex e-con e-child\" data-id=\"9011679\" data-element_type=\"container\" data-e-type=\"container\">\n\t\t\t\t<div class=\"elementor-element elementor-element-c9d1174 elementor-widget elementor-widget-image\" data-id=\"c9d1174\" data-element_type=\"widget\" data-e-type=\"widget\" data-widget_type=\"image.default\">\n\t\t\t\t<div class=\"elementor-widget-container\">\n\t\t\t\t\t\t\t\t\t\t\t\t\t\t\t<img decoding=\"async\" width=\"760\" height=\"1024\" src=\"https:\/\/negociosconectividade.ao\/wp-content\/uploads\/2026\/01\/Patrocinio2-760x1024.webp\" class=\"attachment-large size-large wp-image-2909\" alt=\"\" srcset=\"https:\/\/negociosconectividade.ao\/wp-content\/uploads\/2026\/01\/Patrocinio2-760x1024.webp 760w, https:\/\/negociosconectividade.ao\/wp-content\/uploads\/2026\/01\/Patrocinio2-223x300.webp 223w, https:\/\/negociosconectividade.ao\/wp-content\/uploads\/2026\/01\/Patrocinio2-768x1034.webp 768w, https:\/\/negociosconectividade.ao\/wp-content\/uploads\/2026\/01\/Patrocinio2-1141x1536.webp 1141w, https:\/\/negociosconectividade.ao\/wp-content\/uploads\/2026\/01\/Patrocinio2-1521x2048.webp 1521w, https:\/\/negociosconectividade.ao\/wp-content\/uploads\/2026\/01\/Patrocinio2.webp 1823w\" sizes=\"(max-width: 760px) 100vw, 760px\" \/>\t\t\t\t\t\t\t\t\t\t\t\t\t\t\t<\/div>\n\t\t\t\t<\/div>\n\t\t\t\t<\/div>\n\t\t\t\t\t<\/div>\n\t\t\t\t<\/div>\n\t\t<div class=\"elementor-element elementor-element-773ea56 e-flex e-con-boxed e-con e-parent\" data-id=\"773ea56\" data-element_type=\"container\" data-e-type=\"container\">\n\t\t\t\t\t<div class=\"e-con-inner\">\n\t\t<div class=\"elementor-element elementor-element-83c3494 e-con-full e-flex e-con e-child\" data-id=\"83c3494\" data-element_type=\"container\" data-e-type=\"container\">\n\t\t\t\t<div class=\"elementor-element elementor-element-a7d8f2a elementor-widget elementor-widget-image\" data-id=\"a7d8f2a\" data-element_type=\"widget\" data-e-type=\"widget\" data-widget_type=\"image.default\">\n\t\t\t\t<div class=\"elementor-widget-container\">\n\t\t\t\t\t\t\t\t\t\t\t\t\t\t\t<img loading=\"lazy\" decoding=\"async\" width=\"1817\" height=\"2285\" src=\"https:\/\/negociosconectividade.ao\/wp-content\/uploads\/2026\/01\/Patrocinio3.webp\" class=\"attachment-full size-full wp-image-2907\" alt=\"\" srcset=\"https:\/\/negociosconectividade.ao\/wp-content\/uploads\/2026\/01\/Patrocinio3.webp 1817w, https:\/\/negociosconectividade.ao\/wp-content\/uploads\/2026\/01\/Patrocinio3-239x300.webp 239w, https:\/\/negociosconectividade.ao\/wp-content\/uploads\/2026\/01\/Patrocinio3-814x1024.webp 814w, https:\/\/negociosconectividade.ao\/wp-content\/uploads\/2026\/01\/Patrocinio3-768x966.webp 768w, https:\/\/negociosconectividade.ao\/wp-content\/uploads\/2026\/01\/Patrocinio3-1221x1536.webp 1221w, https:\/\/negociosconectividade.ao\/wp-content\/uploads\/2026\/01\/Patrocinio3-1629x2048.webp 1629w\" sizes=\"(max-width: 1817px) 100vw, 1817px\" \/>\t\t\t\t\t\t\t\t\t\t\t\t\t\t\t<\/div>\n\t\t\t\t<\/div>\n\t\t\t\t<\/div>\n\t\t<div class=\"elementor-element elementor-element-a25c110 e-con-full e-flex e-con e-child\" data-id=\"a25c110\" data-element_type=\"container\" data-e-type=\"container\">\n\t\t\t\t<div class=\"elementor-element elementor-element-bd0bef7 elementor-widget elementor-widget-image\" data-id=\"bd0bef7\" data-element_type=\"widget\" data-e-type=\"widget\" data-widget_type=\"image.default\">\n\t\t\t\t<div class=\"elementor-widget-container\">\n\t\t\t\t\t\t\t\t\t\t\t\t\t\t\t<img loading=\"lazy\" decoding=\"async\" width=\"1818\" height=\"2046\" src=\"https:\/\/negociosconectividade.ao\/wp-content\/uploads\/2026\/01\/Patrocinio4.webp\" class=\"attachment-full size-full wp-image-2910\" alt=\"\" srcset=\"https:\/\/negociosconectividade.ao\/wp-content\/uploads\/2026\/01\/Patrocinio4.webp 1818w, https:\/\/negociosconectividade.ao\/wp-content\/uploads\/2026\/01\/Patrocinio4-267x300.webp 267w, https:\/\/negociosconectividade.ao\/wp-content\/uploads\/2026\/01\/Patrocinio4-910x1024.webp 910w, https:\/\/negociosconectividade.ao\/wp-content\/uploads\/2026\/01\/Patrocinio4-768x864.webp 768w, https:\/\/negociosconectividade.ao\/wp-content\/uploads\/2026\/01\/Patrocinio4-1365x1536.webp 1365w\" sizes=\"(max-width: 1818px) 100vw, 1818px\" \/>\t\t\t\t\t\t\t\t\t\t\t\t\t\t\t<\/div>\n\t\t\t\t<\/div>\n\t\t\t\t<\/div>\n\t\t\t\t\t<\/div>\n\t\t\t\t<\/div>\n\t\t<div class=\"elementor-element elementor-element-0915140 e-flex e-con-boxed e-con e-parent\" data-id=\"0915140\" data-element_type=\"container\" data-e-type=\"container\" data-settings=\"{&quot;background_background&quot;:&quot;classic&quot;}\">\n\t\t\t\t\t<div class=\"e-con-inner\">\n\t\t\t\t<div class=\"elementor-element elementor-element-d893667 elementor-widget elementor-widget-elementskit-heading\" data-id=\"d893667\" data-element_type=\"widget\" data-e-type=\"widget\" data-widget_type=\"elementskit-heading.default\">\n\t\t\t\t<div class=\"elementor-widget-container\">\n\t\t\t\t\t<div class=\"ekit-wid-con\" ><div class=\"ekit-heading elementskit-section-title-wraper center   ekit_heading_tablet-   ekit_heading_mobile-\"><h2 class=\"ekit-heading--title elementskit-section-title \">PARTICIPA\u00c7\u00c3O INDIVIDUAL<\/h2>\t\t\t\t<div class='ekit-heading__description'>\n\t\t\t\t\t<p>Para terem acesso \u00e0 Participa\u00e7\u00e3o os interessados dever\u00e3o escolher um dos pacotes que lhes seja<br \/>favor\u00e1vel tendo em conta o custo e os benef\u00edcios em cada um deles.<\/p>\n\t\t\t\t<\/div>\n\t\t\t<div class=\"ekit_heading_separetor_wraper ekit_heading_elementskit-border-divider ekit-dotted\"><div class=\"elementskit-border-divider ekit-dotted\"><\/div><\/div><\/div><\/div>\t\t\t\t<\/div>\n\t\t\t\t<\/div>\n\t\t<div class=\"elementor-element elementor-element-e672aa6 e-con-full e-grid e-con e-child\" data-id=\"e672aa6\" data-element_type=\"container\" data-e-type=\"container\">\n\t\t\t\t<div class=\"elementor-element elementor-element-1b4a684 elementor-widget elementor-widget-elementskit-pricing\" data-id=\"1b4a684\" data-element_type=\"widget\" data-e-type=\"widget\" data-widget_type=\"elementskit-pricing.default\">\n\t\t\t\t<div class=\"elementor-widget-container\">\n\t\t\t\t\t<div class=\"ekit-wid-con\" >\n\n        <div class=\"elementskit-single-pricing \" >\n            <div class=\"elementskit-pricing-header \">\n\t\t\t\t\t\t\t\t\n\t\t\t\t                \t<h3\t\t\t\t\tclass=\" elementskit-pricing-title\">PARTICIPANTE A\t\t\t\t\t<\/h3>\n\t\t\t\t\t\t\t\t                \t<p class=\" elementskit-pricing-subtitle\">CONTRAPARTIDAS<\/p>\n\t\t\t\t            <\/div>\n\t\t\t            <div class=\" elementskit-pricing-price-wraper has-tag \">\n                <div class=\"elementskit-pricing-tag\"><\/div>\n                <span class=\"elementskit-pricing-price\">\n\t\t\t\t\t\t\t\t\t\t\t<sup class=\"currency\">Kzs <\/sup>\n\t\t\t\t\t\t\t\t\t\t<span>300.000,00<\/span>\n\t\t\t\t\t\n\t\t\t\t\t\t\t\t\t<\/span>\n            <\/div>\n\t\t\t            <div class=\"elementskit-pricing-content \">\n\n                                                    <ul class=\"elementskit-pricing-lists\">\n                        \t\t\t\t\t\t\t<li class=\"elementor-repeater-item-524a2ba\">\n\t\t\t\t\t\t\t\t\t\t\t\t\t\t\t\t\n\t\t\t\t\t\t\t\t1. Transporte Luanda\/Icolo e Bengo\/Luanda\t\t\t\t\t\t\t\t\n\t\t\t\t\t\t\t\t\t\t\t\t\t\t\t<\/li>\n                        \t\t\t\t\t\t\t<li class=\"elementor-repeater-item-61572a8\">\n\t\t\t\t\t\t\t\t\t\t\t\t\t\t\t\t\n\t\t\t\t\t\t\t\t2. Hospedagem e alimenta\u00e7\u00e3o (Jantar no dia da chegada e Almo\u00e7o no dias do evento)\t\t\t\t\t\t\t\t\n\t\t\t\t\t\t\t\t\t\t\t\t\t\t\t<\/li>\n                        \t\t\t\t\t\t\t<li class=\"elementor-repeater-item-14baa04\">\n\t\t\t\t\t\t\t\t\t\t\t\t\t\t\t\t\n\t\t\t\t\t\t\t\t3. Visita Tur\u00edstica e almo\u00e7o;\t\t\t\t\t\t\t\t\n\t\t\t\t\t\t\t\t\t\t\t\t\t\t\t<\/li>\n                        \t\t\t\t\t\t\t<li class=\"elementor-repeater-item-4d6ce20\">\n\t\t\t\t\t\t\t\t\t\t\t\t\t\t\t\t\n\t\t\t\t\t\t\t\t4. Exposi\u00e7\u00e3o\/Activa\u00e7\u00e3o da marca no local;\t\t\t\t\t\t\t\t\n\t\t\t\t\t\t\t\t\t\t\t\t\t\t\t<\/li>\n                        \t\t\t\t\t\t\t<li class=\"elementor-repeater-item-04cbf73\">\n\t\t\t\t\t\t\t\t\t\t\t\t\t\t\t\t\n\t\t\t\t\t\t\t\t5. Certificado de participa\u00e7\u00e3o;\t\t\t\t\t\t\t\t\n\t\t\t\t\t\t\t\t\t\t\t\t\t\t\t<\/li>\n                        \t\t\t\t\t\t\t<li class=\"elementor-repeater-item-2eced6a\">\n\t\t\t\t\t\t\t\t\t\t\t\t\t\t\t\t\n\t\t\t\t\t\t\t\t6. Foto de fam\u00edlia;\t\t\t\t\t\t\t\t\n\t\t\t\t\t\t\t\t\t\t\t\t\t\t\t<\/li>\n                        \t\t\t\t\t\t\t<li class=\"elementor-repeater-item-52f550c\">\n\t\t\t\t\t\t\t\t\t\t\t\t\t\t\t\t\n\t\t\t\t\t\t\t\t7. Entrevista: R\u00e1dio Mais e Jornal OPA\u00cdS.\t\t\t\t\t\t\t\t\n\t\t\t\t\t\t\t\t\t\t\t\t\t\t\t<\/li>\n                                            <\/ul>\n                            <\/div>\n            <div class=\"elementskit-pricing-btn-wraper \">\n\t\t\t\t<a href=\"https:\/\/negociosconectividade.ao\/index.php\/contacto\/\" class=\"elementskit-pricing-btn  ekit-pricing-btn-icon-pos-left\" >\n\t\t\t\t\tEmail\t\t\t\t<\/a>\n            <\/div>\n        <\/div>\n\n    <\/div>\t\t\t\t<\/div>\n\t\t\t\t<\/div>\n\t\t\t\t<div class=\"elementor-element elementor-element-1d24d5c elementor-widget elementor-widget-elementskit-pricing\" data-id=\"1d24d5c\" data-element_type=\"widget\" data-e-type=\"widget\" data-widget_type=\"elementskit-pricing.default\">\n\t\t\t\t<div class=\"elementor-widget-container\">\n\t\t\t\t\t<div class=\"ekit-wid-con\" >\n\n        <div class=\"elementskit-single-pricing \" >\n            <div class=\"elementskit-pricing-header \">\n\t\t\t\t\t\t\t\t\n\t\t\t\t                \t<h3\t\t\t\t\tclass=\" elementskit-pricing-title\">PARTICIPANTE B\t\t\t\t\t<\/h3>\n\t\t\t\t\t\t\t\t                \t<p class=\" elementskit-pricing-subtitle\">CONTRAPARTIDAS<\/p>\n\t\t\t\t            <\/div>\n\t\t\t            <div class=\" elementskit-pricing-price-wraper has-tag \">\n                <div class=\"elementskit-pricing-tag\"><\/div>\n                <span class=\"elementskit-pricing-price\">\n\t\t\t\t\t\t\t\t\t\t\t<sup class=\"currency\">Kzs <\/sup>\n\t\t\t\t\t\t\t\t\t\t<span>250.000,00<\/span>\n\t\t\t\t\t\n\t\t\t\t\t\t\t\t\t<\/span>\n            <\/div>\n\t\t\t            <div class=\"elementskit-pricing-content \">\n\n                                                    <ul class=\"elementskit-pricing-lists\">\n                        \t\t\t\t\t\t\t<li class=\"elementor-repeater-item-524a2ba\">\n\t\t\t\t\t\t\t\t\t\t\t\t\t\t\t\t\n\t\t\t\t\t\t\t\tHospedagem e alimenta\u00e7\u00e3o (Jantar no dia da chegada e Almo\u00e7o no dia do evento);\t\t\t\t\t\t\t\t\n\t\t\t\t\t\t\t\t\t\t\t\t\t\t\t<\/li>\n                        \t\t\t\t\t\t\t<li class=\"elementor-repeater-item-61572a8\">\n\t\t\t\t\t\t\t\t\t\t\t\t\t\t\t\t\n\t\t\t\t\t\t\t\t2. Visita Tur\u00edstica e almo\u00e7o;\t\t\t\t\t\t\t\t\n\t\t\t\t\t\t\t\t\t\t\t\t\t\t\t<\/li>\n                        \t\t\t\t\t\t\t<li class=\"elementor-repeater-item-14baa04\">\n\t\t\t\t\t\t\t\t\t\t\t\t\t\t\t\t\n\t\t\t\t\t\t\t\t 3. Exposi\u00e7\u00e3o\/Activa\u00e7\u00e3o da marca no local;\t\t\t\t\t\t\t\t\n\t\t\t\t\t\t\t\t\t\t\t\t\t\t\t<\/li>\n                        \t\t\t\t\t\t\t<li class=\"elementor-repeater-item-4d6ce20\">\n\t\t\t\t\t\t\t\t\t\t\t\t\t\t\t\t\n\t\t\t\t\t\t\t\t4. Certificado de participa\u00e7\u00e3o;\t\t\t\t\t\t\t\t\n\t\t\t\t\t\t\t\t\t\t\t\t\t\t\t<\/li>\n                        \t\t\t\t\t\t\t<li class=\"elementor-repeater-item-04cbf73\">\n\t\t\t\t\t\t\t\t\t\t\t\t\t\t\t\t\n\t\t\t\t\t\t\t\t5. Foto de fam\u00edlia;\t\t\t\t\t\t\t\t\n\t\t\t\t\t\t\t\t\t\t\t\t\t\t\t<\/li>\n                        \t\t\t\t\t\t\t<li class=\"elementor-repeater-item-2eced6a\">\n\t\t\t\t\t\t\t\t\t\t\t\t\t\t\t\t\n\t\t\t\t\t\t\t\t6. Entrevista: R\u00e1dio Mais e Jornal OPA\u00cdS.\t\t\t\t\t\t\t\t\n\t\t\t\t\t\t\t\t\t\t\t\t\t\t\t<\/li>\n                                            <\/ul>\n                            <\/div>\n            <div class=\"elementskit-pricing-btn-wraper \">\n\t\t\t\t<a href=\"https:\/\/negociosconectividade.ao\/index.php\/contacto\/\" class=\"elementskit-pricing-btn  ekit-pricing-btn-icon-pos-left\" >\n\t\t\t\t\tEmail\t\t\t\t<\/a>\n            <\/div>\n        <\/div>\n\n    <\/div>\t\t\t\t<\/div>\n\t\t\t\t<\/div>\n\t\t\t\t<div class=\"elementor-element elementor-element-5f2ad8b elementor-widget elementor-widget-elementskit-pricing\" data-id=\"5f2ad8b\" data-element_type=\"widget\" data-e-type=\"widget\" data-widget_type=\"elementskit-pricing.default\">\n\t\t\t\t<div class=\"elementor-widget-container\">\n\t\t\t\t\t<div class=\"ekit-wid-con\" >\n\n        <div class=\"elementskit-single-pricing \" >\n            <div class=\"elementskit-pricing-header \">\n\t\t\t\t\t\t\t\t\n\t\t\t\t                \t<h3\t\t\t\t\tclass=\" elementskit-pricing-title\">PARTICIPANTE C\t\t\t\t\t<\/h3>\n\t\t\t\t\t\t\t\t                \t<p class=\" elementskit-pricing-subtitle\">CONTRAPARTIDAS<\/p>\n\t\t\t\t            <\/div>\n\t\t\t            <div class=\" elementskit-pricing-price-wraper has-tag \">\n                <div class=\"elementskit-pricing-tag\"><\/div>\n                <span class=\"elementskit-pricing-price\">\n\t\t\t\t\t\t\t\t\t\t\t<sup class=\"currency\">Kzs <\/sup>\n\t\t\t\t\t\t\t\t\t\t<span>50.000,00<\/span>\n\t\t\t\t\t\n\t\t\t\t\t\t\t\t\t<\/span>\n            <\/div>\n\t\t\t            <div class=\"elementskit-pricing-content \">\n\n                                                    <ul class=\"elementskit-pricing-lists\">\n                        \t\t\t\t\t\t\t<li class=\"elementor-repeater-item-524a2ba\">\n\t\t\t\t\t\t\t\t\t\t\t\t\t\t\t\t\n\t\t\t\t\t\t\t\t1. Certificado de participa\u00e7\u00e3o;\t\t\t\t\t\t\t\t\n\t\t\t\t\t\t\t\t\t\t\t\t\t\t\t<\/li>\n                        \t\t\t\t\t\t\t<li class=\"elementor-repeater-item-61572a8\">\n\t\t\t\t\t\t\t\t\t\t\t\t\t\t\t\t\n\t\t\t\t\t\t\t\t2. Exposi\u00e7\u00e3o\/Activa\u00e7\u00e3o da marca no local;\t\t\t\t\t\t\t\t\n\t\t\t\t\t\t\t\t\t\t\t\t\t\t\t<\/li>\n                        \t\t\t\t\t\t\t<li class=\"elementor-repeater-item-14baa04\">\n\t\t\t\t\t\t\t\t\t\t\t\t\t\t\t\t\n\t\t\t\t\t\t\t\t3. Foto de fam\u00edlia;\t\t\t\t\t\t\t\t\n\t\t\t\t\t\t\t\t\t\t\t\t\t\t\t<\/li>\n                        \t\t\t\t\t\t\t<li class=\"elementor-repeater-item-4d6ce20\">\n\t\t\t\t\t\t\t\t\t\t\t\t\t\t\t\t\n\t\t\t\t\t\t\t\t4. Almo\u00e7o no local do evento.\t\t\t\t\t\t\t\t\n\t\t\t\t\t\t\t\t\t\t\t\t\t\t\t<\/li>\n                                            <\/ul>\n                            <\/div>\n            <div class=\"elementskit-pricing-btn-wraper \">\n\t\t\t\t<a href=\"https:\/\/negociosconectividade.ao\/index.php\/contacto\/\" class=\"elementskit-pricing-btn  ekit-pricing-btn-icon-pos-left\" >\n\t\t\t\t\tEmail\t\t\t\t<\/a>\n            <\/div>\n        <\/div>\n\n    <\/div>\t\t\t\t<\/div>\n\t\t\t\t<\/div>\n\t\t\t\t<div class=\"elementor-element elementor-element-0e7e609 elementor-widget elementor-widget-elementskit-pricing\" data-id=\"0e7e609\" data-element_type=\"widget\" data-e-type=\"widget\" data-widget_type=\"elementskit-pricing.default\">\n\t\t\t\t<div class=\"elementor-widget-container\">\n\t\t\t\t\t<div class=\"ekit-wid-con\" >\n\n        <div class=\"elementskit-single-pricing \" >\n            <div class=\"elementskit-pricing-header \">\n\t\t\t\t\t\t\t\t\n\t\t\t\t                \t<h3\t\t\t\t\tclass=\" elementskit-pricing-title\">PARTICIPANTE D\t\t\t\t\t<\/h3>\n\t\t\t\t\t\t\t\t                \t<p class=\" elementskit-pricing-subtitle\">CONTRAPARTIDAS<\/p>\n\t\t\t\t            <\/div>\n\t\t\t            <div class=\" elementskit-pricing-price-wraper has-tag \">\n                <div class=\"elementskit-pricing-tag\"><\/div>\n                <span class=\"elementskit-pricing-price\">\n\t\t\t\t\t\t\t\t\t\t\t<sup class=\"currency\">Kzs <\/sup>\n\t\t\t\t\t\t\t\t\t\t<span>1.680.000<\/span>\n\t\t\t\t\t\n\t\t\t\t\t\t\t\t\t<\/span>\n            <\/div>\n\t\t\t            <div class=\"elementskit-pricing-content \">\n\n                                                    <ul class=\"elementskit-pricing-lists\">\n                        \t\t\t\t\t\t\t<li class=\"elementor-repeater-item-524a2ba\">\n\t\t\t\t\t\t\t\t\t\t\t\t\t\t\t\t\n\t\t\t\t\t\t\t\t1. Transfer Chegada: aeroporto\/hotel;\t\t\t\t\t\t\t\t\n\t\t\t\t\t\t\t\t\t\t\t\t\t\t\t<\/li>\n                        \t\t\t\t\t\t\t<li class=\"elementor-repeater-item-10928b1\">\n\t\t\t\t\t\t\t\t\t\t\t\t\t\t\t\t\n\t\t\t\t\t\t\t\t2. Transporte \u2013 Lda\/Icolo e Bengo\/Lda;\t\t\t\t\t\t\t\t\n\t\t\t\t\t\t\t\t\t\t\t\t\t\t\t<\/li>\n                        \t\t\t\t\t\t\t<li class=\"elementor-repeater-item-5d28514\">\n\t\t\t\t\t\t\t\t\t\t\t\t\t\t\t\t\n\t\t\t\t\t\t\t\t3. Transfer para o Hotel; \t\t\t\t\t\t\t\t\n\t\t\t\t\t\t\t\t\t\t\t\t\t\t\t<\/li>\n                        \t\t\t\t\t\t\t<li class=\"elementor-repeater-item-2b6214c\">\n\t\t\t\t\t\t\t\t\t\t\t\t\t\t\t\t\n\t\t\t\t\t\t\t\t4. Hospedagem e alimenta\u00e7\u00e3o (Jantar no dia da chegada e Almo\u00e7o no dia do evento);\t\t\t\t\t\t\t\t\n\t\t\t\t\t\t\t\t\t\t\t\t\t\t\t<\/li>\n                        \t\t\t\t\t\t\t<li class=\"elementor-repeater-item-2f1510b\">\n\t\t\t\t\t\t\t\t\t\t\t\t\t\t\t\t\n\t\t\t\t\t\t\t\t5. Visita Tur\u00edstica e almo\u00e7o;\t\t\t\t\t\t\t\t\n\t\t\t\t\t\t\t\t\t\t\t\t\t\t\t<\/li>\n                        \t\t\t\t\t\t\t<li class=\"elementor-repeater-item-e0ebf1c\">\n\t\t\t\t\t\t\t\t\t\t\t\t\t\t\t\t\n\t\t\t\t\t\t\t\t6. Exposi\u00e7\u00e3o\/Activa\u00e7\u00e3o da marca no local;\t\t\t\t\t\t\t\t\n\t\t\t\t\t\t\t\t\t\t\t\t\t\t\t<\/li>\n                        \t\t\t\t\t\t\t<li class=\"elementor-repeater-item-de404e2\">\n\t\t\t\t\t\t\t\t\t\t\t\t\t\t\t\t\n\t\t\t\t\t\t\t\t7. Certificado de participa\u00e7\u00e3o;\t\t\t\t\t\t\t\t\n\t\t\t\t\t\t\t\t\t\t\t\t\t\t\t<\/li>\n                        \t\t\t\t\t\t\t<li class=\"elementor-repeater-item-14e2b45\">\n\t\t\t\t\t\t\t\t\t\t\t\t\t\t\t\t\n\t\t\t\t\t\t\t\t8. Foto de fam\u00edlia; \t\t\t\t\t\t\t\t\n\t\t\t\t\t\t\t\t\t\t\t\t\t\t\t<\/li>\n                        \t\t\t\t\t\t\t<li class=\"elementor-repeater-item-4cbddd0\">\n\t\t\t\t\t\t\t\t\t\t\t\t\t\t\t\t\n\t\t\t\t\t\t\t\t 9. Entrevista: R\u00e1dio Mais e Jornal OPA\u00cdS;\t\t\t\t\t\t\t\t\n\t\t\t\t\t\t\t\t\t\t\t\t\t\t\t<\/li>\n                        \t\t\t\t\t\t\t<li class=\"elementor-repeater-item-c739313\">\n\t\t\t\t\t\t\t\t\t\t\t\t\t\t\t\t\n\t\t\t\t\t\t\t\t10. Transfer Hotel\/Aeroporto para Regresso.\t\t\t\t\t\t\t\t\n\t\t\t\t\t\t\t\t\t\t\t\t\t\t\t<\/li>\n                                            <\/ul>\n                            <\/div>\n            <div class=\"elementskit-pricing-btn-wraper \">\n\t\t\t\t<a href=\"https:\/\/negociosconectividade.ao\/index.php\/contacto\/\" class=\"elementskit-pricing-btn  ekit-pricing-btn-icon-pos-\" >\n\t\t\t\t\tEmail\t\t\t\t<\/a>\n            <\/div>\n        <\/div>\n\n    <\/div>\t\t\t\t<\/div>\n\t\t\t\t<\/div>\n\t\t\t\t<\/div>\n\t\t\t\t\t<\/div>\n\t\t\t\t<\/div>\n\t\t<div class=\"elementor-element elementor-element-887dd36 e-flex e-con-boxed e-con e-parent\" data-id=\"887dd36\" data-element_type=\"container\" data-e-type=\"container\" data-settings=\"{&quot;background_background&quot;:&quot;classic&quot;}\">\n\t\t\t\t\t<div class=\"e-con-inner\">\n\t\t<div class=\"elementor-element elementor-element-411b5f0 e-grid e-con-full e-con e-child\" data-id=\"411b5f0\" data-element_type=\"container\" data-e-type=\"container\">\n\t\t<div class=\"elementor-element elementor-element-b76ec2f e-con-full e-flex e-con e-child\" data-id=\"b76ec2f\" data-element_type=\"container\" data-e-type=\"container\">\n\t\t\t\t<div class=\"elementor-element elementor-element-a23bc2a elementor-widget elementor-widget-heading\" data-id=\"a23bc2a\" data-element_type=\"widget\" data-e-type=\"widget\" data-widget_type=\"heading.default\">\n\t\t\t\t<div class=\"elementor-widget-container\">\n\t\t\t\t\t<h2 class=\"elementor-heading-title elementor-size-default\">Exposi\u00e7\u00e3o<\/h2>\t\t\t\t<\/div>\n\t\t\t\t<\/div>\n\t\t\t\t<div class=\"elementor-element elementor-element-bd0f095 elementor-widget elementor-widget-text-editor\" data-id=\"bd0f095\" data-element_type=\"widget\" data-e-type=\"widget\" data-widget_type=\"text-editor.default\">\n\t\t\t\t<div class=\"elementor-widget-container\">\n\t\t\t\t\t\t\t\t\t<p>Tamanho: 2&#215;2 &#8211; Kzs 5.400,00<br \/>Tamanho: 3&#215;3 &#8211; Kzs 11.400,00<br \/>Tamanho: 6&#215;3 &#8211; Kzs 28.500,00<\/p>\t\t\t\t\t\t\t\t<\/div>\n\t\t\t\t<\/div>\n\t\t\t\t<\/div>\n\t\t<div class=\"elementor-element elementor-element-edf291e e-con-full e-flex e-con e-child\" data-id=\"edf291e\" data-element_type=\"container\" data-e-type=\"container\" data-settings=\"{&quot;background_background&quot;:&quot;classic&quot;}\">\n\t\t\t\t<div class=\"elementor-element elementor-element-323e08c elementor-widget elementor-widget-heading\" data-id=\"323e08c\" data-element_type=\"widget\" data-e-type=\"widget\" data-widget_type=\"heading.default\">\n\t\t\t\t<div class=\"elementor-widget-container\">\n\t\t\t\t\t<h2 class=\"elementor-heading-title elementor-size-default\">Condi\u00e7\u00f5es de Pagamento:<\/h2>\t\t\t\t<\/div>\n\t\t\t\t<\/div>\n\t\t\t\t<div class=\"elementor-element elementor-element-e086e07 elementor-widget elementor-widget-text-editor\" data-id=\"e086e07\" data-element_type=\"widget\" data-e-type=\"widget\" data-widget_type=\"text-editor.default\">\n\t\t\t\t<div class=\"elementor-widget-container\">\n\t\t\t\t\t\t\t\t\t<p>O pagamento (excepto para o Pacote C) pode ser feito em duas partes<br \/>e, quando assim for, a segunda parcela deve ser efectuada at\u00e9 25 dias<br \/>antes da data do evento, findo o qual, perde o direito ao acesso e aos<br \/>50% avan\u00e7ados.<\/p>\t\t\t\t\t\t\t\t<\/div>\n\t\t\t\t<\/div>\n\t\t\t\t<\/div>\n\t\t\t\t<\/div>\n\t\t\t\t\t<\/div>\n\t\t\t\t<\/div>\n\t\t\t\t<\/div>\n\t\t","protected":false},"excerpt":{"rendered":"<p>PARTICIPA\u00c7\u00c3O INDIVIDUAL Para terem acesso \u00e0 Participa\u00e7\u00e3o os interessados dever\u00e3o escolher um dos pacotes que lhes sejafavor\u00e1vel tendo em conta o custo e os benef\u00edcios em cada um deles. PARTICIPANTE A CONTRAPARTIDAS Kzs 300.000,00 1. Transporte Luanda\/Icolo e Bengo\/Luanda 2. Hospedagem e alimenta\u00e7\u00e3o (Jantar no dia da chegada e Almo\u00e7o no dias do evento) 3. [&hellip;]<\/p>\n","protected":false},"author":2,"featured_media":0,"parent":0,"menu_order":0,"comment_status":"closed","ping_status":"closed","template":"","meta":{"footnotes":""},"class_list":["post-2834","page","type-page","status-publish","hentry"],"blocksy_meta":[],"_links":{"self":[{"href":"https:\/\/negociosconectividade.ao\/index.php\/wp-json\/wp\/v2\/pages\/2834","targetHints":{"allow":["GET"]}}],"collection":[{"href":"https:\/\/negociosconectividade.ao\/index.php\/wp-json\/wp\/v2\/pages"}],"about":[{"href":"https:\/\/negociosconectividade.ao\/index.php\/wp-json\/wp\/v2\/types\/page"}],"author":[{"embeddable":true,"href":"https:\/\/negociosconectividade.ao\/index.php\/wp-json\/wp\/v2\/users\/2"}],"replies":[{"embeddable":true,"href":"https:\/\/negociosconectividade.ao\/index.php\/wp-json\/wp\/v2\/comments?post=2834"}],"version-history":[{"count":55,"href":"https:\/\/negociosconectividade.ao\/index.php\/wp-json\/wp\/v2\/pages\/2834\/revisions"}],"predecessor-version":[{"id":2990,"href":"https:\/\/negociosconectividade.ao\/index.php\/wp-json\/wp\/v2\/pages\/2834\/revisions\/2990"}],"wp:attachment":[{"href":"https:\/\/negociosconectividade.ao\/index.php\/wp-json\/wp\/v2\/media?parent=2834"}],"curies":[{"name":"wp","href":"https:\/\/api.w.org\/{rel}","templated":true}]}}