{"id":3020,"date":"2026-02-26T03:51:00","date_gmt":"2026-02-26T03:51:00","guid":{"rendered":"https:\/\/negociosconectividade.ao\/?page_id=3020"},"modified":"2026-02-26T03:51:11","modified_gmt":"2026-02-26T03:51:11","slug":"politica-de-cookies","status":"publish","type":"page","link":"https:\/\/negociosconectividade.ao\/index.php\/politica-de-cookies\/","title":{"rendered":"Pol\u00edtica de Cookies"},"content":{"rendered":"\t\t<div data-elementor-type=\"wp-page\" data-elementor-id=\"3020\" class=\"elementor elementor-3020\">\n\t\t\t\t<div class=\"elementor-element elementor-element-36af063 e-flex e-con-boxed e-con e-parent\" data-id=\"36af063\" data-element_type=\"container\" data-e-type=\"container\">\n\t\t\t\t\t<div class=\"e-con-inner\">\n\t\t<div class=\"elementor-element elementor-element-801e1b6 e-con-full e-flex e-con e-child\" data-id=\"801e1b6\" data-element_type=\"container\" data-e-type=\"container\">\n\t\t\t\t<div class=\"elementor-element elementor-element-fe34c69 elementor-widget elementor-widget-heading\" data-id=\"fe34c69\" data-element_type=\"widget\" data-e-type=\"widget\" data-widget_type=\"heading.default\">\n\t\t\t\t<div class=\"elementor-widget-container\">\n\t\t\t\t\t<h2 class=\"elementor-heading-title elementor-size-default\">Pol\u00edtica de Cookies<\/h2>\t\t\t\t<\/div>\n\t\t\t\t<\/div>\n\t\t\t\t<\/div>\n\t\t\t\t<div class=\"elementor-element elementor-element-45c2bc6 elementor-widget elementor-widget-text-editor\" data-id=\"45c2bc6\" data-element_type=\"widget\" data-e-type=\"widget\" data-widget_type=\"text-editor.default\">\n\t\t\t\t<div class=\"elementor-widget-container\">\n\t\t\t\t\t\t\t\t\t<p><strong><br \/>Introdu\u00e7\u00e3o<\/strong><br \/>Os sites e aplica\u00e7\u00f5es da Socijornal utilizam cookies para melhorar a experi\u00eancia do<br \/>utilizador, garantir o funcionamento adequado das funcionalidades e analisar o tr\u00e1fego. <br \/>Esta pol\u00edtica explica o que s\u00e3o cookies, como os utilizamos e como pode gerir as suas prefer\u00eancias.<\/p><p><strong>O que s\u00e3o cookies?<\/strong><br \/>Cookies s\u00e3o pequenos ficheiros de texto armazenados no seu dispositivo quando visita<br \/>um site. Servem para reconhecer o utilizador, guardar prefer\u00eancias e fornecer<br \/>informa\u00e7\u00f5es estat\u00edsticas.<\/p><p><strong>Tipos de cookies que utilizamos<\/strong><br \/>Cookies necess\u00e1rios: Essenciais para o funcionamento do site.<br \/>permitindo funcionalidades b\u00e1sicas como navega\u00e7\u00e3o e acesso a \u00e1reas seguras. <br \/>Cookies de desempenho\/anal\u00edticos: <br \/>Ajudam-nos a compreender como os visitantes interagem com o site.<br \/>permitindo melhorar o conte\u00fado e a usabilidade.<br \/>Cookies de funcionalidade: Guardam prefer\u00eancias do utilizador, como idioma<br \/>ou regi\u00e3o, para oferecer uma experi\u00eancia personalizada.<br \/>\u00a0Cookies de publicidade\/marketing: Utilizados para apresentar an\u00fancios<br \/>relevantes e medir a efic\u00e1cia das campanhas publicit\u00e1rias.<br \/>Finalidade<\/p><p><strong>Os cookies permitem:<\/strong><br \/>\u00a0Melhorar a performance e seguran\u00e7a do site.<br \/>Personalizar a experi\u00eancia do utilizador. <br \/>Analisar estat\u00edsticas de utiliza\u00e7\u00e3o. \u00a0<br \/>Apresentar publicidade direcionada Consentimento\u00a0 ao aceder ao nosso site.<br \/>ser\u00e1 informado sobre o uso de cookies e poder\u00e1 aceitar ou rejeitar categorias espec\u00edficas.<br \/>O consentimento pode ser alterado a qualquer momento<br \/>atrav\u00e9s das defini\u00e7\u00f5es de cookies dispon\u00edveis no site.<br \/>Gest\u00e3o de cookies Pode gerir ou desativar cookies diretamente nas defini\u00e7\u00f5es do seu navegador. <br \/>Tenha em aten\u00e7\u00e3o que a desativa\u00e7\u00e3o de alguns cookies pode afetar o funcionamento do site.<\/p><p><strong>Altera\u00e7\u00f5es \u00e0 Pol\u00edtica de Cookies<\/strong> <br \/>Podemos atualizar esta pol\u00edtica periodicamente para refletir mudan\u00e7as nas pr\u00e1ticas de<br \/>cookies ou requisitos legais. Recomendamos que consulte esta p\u00e1gina regularmente.<\/p><p><strong>Contacto<\/strong> <br \/>Se tiver alguma quest\u00e3o sobre esta Pol\u00edtica de Cookies ou a forma como a Socijornal<br \/>utiliza os seus dados pessoais entre em contacto connosco atrav\u00e9s do email <strong>info@opais.co.ao<\/strong><\/p>\t\t\t\t\t\t\t\t<\/div>\n\t\t\t\t<\/div>\n\t\t\t\t\t<\/div>\n\t\t\t\t<\/div>\n\t\t\t\t<\/div>\n\t\t","protected":false},"excerpt":{"rendered":"<p>Pol\u00edtica de Cookies Introdu\u00e7\u00e3oOs sites e aplica\u00e7\u00f5es da Socijornal utilizam cookies para melhorar a experi\u00eancia doutilizador, garantir o funcionamento adequado das funcionalidades e analisar o tr\u00e1fego. Esta pol\u00edtica explica o que s\u00e3o cookies, como os utilizamos e como pode gerir as suas prefer\u00eancias. O que s\u00e3o cookies?Cookies s\u00e3o pequenos ficheiros de texto armazenados no seu [&hellip;]<\/p>\n","protected":false},"author":2,"featured_media":0,"parent":0,"menu_order":0,"comment_status":"closed","ping_status":"closed","template":"elementor_header_footer","meta":{"footnotes":""},"class_list":["post-3020","page","type-page","status-publish","hentry"],"blocksy_meta":[],"_links":{"self":[{"href":"https:\/\/negociosconectividade.ao\/index.php\/wp-json\/wp\/v2\/pages\/3020","targetHints":{"allow":["GET"]}}],"collection":[{"href":"https:\/\/negociosconectividade.ao\/index.php\/wp-json\/wp\/v2\/pages"}],"about":[{"href":"https:\/\/negociosconectividade.ao\/index.php\/wp-json\/wp\/v2\/types\/page"}],"author":[{"embeddable":true,"href":"https:\/\/negociosconectividade.ao\/index.php\/wp-json\/wp\/v2\/users\/2"}],"replies":[{"embeddable":true,"href":"https:\/\/negociosconectividade.ao\/index.php\/wp-json\/wp\/v2\/comments?post=3020"}],"version-history":[{"count":4,"href":"https:\/\/negociosconectividade.ao\/index.php\/wp-json\/wp\/v2\/pages\/3020\/revisions"}],"predecessor-version":[{"id":3024,"href":"https:\/\/negociosconectividade.ao\/index.php\/wp-json\/wp\/v2\/pages\/3020\/revisions\/3024"}],"wp:attachment":[{"href":"https:\/\/negociosconectividade.ao\/index.php\/wp-json\/wp\/v2\/media?parent=3020"}],"curies":[{"name":"wp","href":"https:\/\/api.w.org\/{rel}","templated":true}]}}