{"id":3072,"date":"2026-04-28T11:11:41","date_gmt":"2026-04-28T11:11:41","guid":{"rendered":"https:\/\/negociosconectividade.ao\/?page_id=3072"},"modified":"2026-04-28T11:38:03","modified_gmt":"2026-04-28T11:38:03","slug":"fotografia-6","status":"publish","type":"page","link":"https:\/\/negociosconectividade.ao\/index.php\/fotografia-6\/","title":{"rendered":"Fotografia &#8211; 6"},"content":{"rendered":"\t\t<div data-elementor-type=\"wp-page\" data-elementor-id=\"3072\" class=\"elementor elementor-3072\">\n\t\t\t\t<div class=\"elementor-element elementor-element-27014531 e-flex e-con-boxed e-con e-parent\" data-id=\"27014531\" data-element_type=\"container\" data-e-type=\"container\" data-settings=\"{&quot;background_background&quot;:&quot;gradient&quot;,&quot;shape_divider_bottom&quot;:&quot;waves&quot;}\">\n\t\t\t\t\t<div class=\"e-con-inner\">\n\t\t\t\t<div class=\"elementor-shape elementor-shape-bottom\" aria-hidden=\"true\" data-negative=\"false\">\n\t\t\t<svg xmlns=\"http:\/\/www.w3.org\/2000\/svg\" viewBox=\"0 0 1000 100\" preserveAspectRatio=\"none\">\n\t<path class=\"elementor-shape-fill\" d=\"M421.9,6.5c22.6-2.5,51.5,0.4,75.5,5.3c23.6,4.9,70.9,23.5,100.5,35.7c75.8,32.2,133.7,44.5,192.6,49.7\n\tc23.6,2.1,48.7,3.5,103.4-2.5c54.7-6,106.2-25.6,106.2-25.6V0H0v30.3c0,0,72,32.6,158.4,30.5c39.2-0.7,92.8-6.7,134-22.4\n\tc21.2-8.1,52.2-18.2,79.7-24.2C399.3,7.9,411.6,7.5,421.9,6.5z\"\/>\n<\/svg>\t\t<\/div>\n\t\t\t\t<div class=\"elementor-element elementor-element-1e03b11 elementor-widget elementor-widget-heading\" data-id=\"1e03b11\" data-element_type=\"widget\" data-e-type=\"widget\" data-widget_type=\"heading.default\">\n\t\t\t\t<div class=\"elementor-widget-container\">\n\t\t\t\t\t<h2 class=\"elementor-heading-title elementor-size-default\">FOTOGRAFIAS<\/h2>\t\t\t\t<\/div>\n\t\t\t\t<\/div>\n\t\t\t\t\t<\/div>\n\t\t\t\t<\/div>\n\t\t<div class=\"elementor-element elementor-element-c886455 e-flex e-con-boxed e-con e-parent\" data-id=\"c886455\" data-element_type=\"container\" data-e-type=\"container\" data-settings=\"{&quot;background_background&quot;:&quot;classic&quot;}\">\n\t\t\t\t\t<div class=\"e-con-inner\">\n\t\t\t\t<div class=\"elementor-element elementor-element-5af3112 elementor-widget elementor-widget-reacg-elementor\" data-id=\"5af3112\" data-element_type=\"widget\" data-e-type=\"widget\" data-widget_type=\"reacg-elementor.default\">\n\t\t\t\t<div class=\"elementor-widget-container\">\n\t\t\t\t\t    <script>if (typeof reacg_data === \"undefined\") { var reacg_data = {}; } reacg_data[3073] = {\"images\":[],\"options\":{\"type\":\"slideshow\",\"lightbox\":{\"isFullscreen\":true,\"width\":800,\"height\":600,\"areControlButtonsShown\":true,\"isInfinite\":true,\"padding\":70,\"showCounter\":false,\"canShare\":false,\"canDownload\":false,\"canZoom\":true,\"autoplay\":false,\"slideDuration\":5000,\"imageAnimation\":\"slideH\",\"isSlideshowAllowed\":true,\"canFullscreen\":true,\"thumbnailsPosition\":\"none\",\"thumbnailWidth\":120,\"thumbnailHeight\":90,\"thumbnailBorder\":0,\"thumbnailBorderColor\":\"\",\"thumbnailBorderRadius\":0,\"thumbnailPadding\":0,\"thumbnailGap\":5,\"backgroundColor\":\"rgba(0, 0, 0, 0.2)\",\"textPosition\":\"bottom\",\"textFontFamily\":\"Inherit\",\"textColor\":\"#FFFFFF\",\"textBackground\":\"\",\"invertTextColor\":false,\"showTitle\":true,\"titleSource\":\"title\",\"titleFontSize\":1.6,\"titleAlignment\":\"left\",\"showDescription\":true,\"descriptionSource\":\"description\",\"descriptionFontSize\":1.3,\"descriptionMaxRowsCount\":1,\"showCaption\":false,\"captionSource\":\"caption\",\"captionFontSize\":1.5,\"captionFontColor\":\"#FFFFFF\",\"showButton\":false,\"buttonText\":\"View more\",\"openInNewTab\":false,\"buttonAlignment\":\"left\",\"buttonFontSize\":1.3,\"buttonColor\":\"#afafaf80\",\"buttonTextColor\":\"#000000de\",\"buttonBorderSize\":0,\"buttonBorderColor\":\"#afafaf80\",\"buttonBorderRadius\":4,\"buttonUrlSource\":\"action_url\"},\"thumbnails\":{\"showTitle\":false,\"titleVisibility\":\"alwaysShown\",\"captionVisibility\":\"alwaysShown\",\"captionPosition\":\"bottom\",\"fillContainer\":false,\"aspectRatio\":\"1.77\",\"width\":430,\"height\":380,\"columns\":3,\"gap\":10,\"itemBorder\":0,\"itemBackgroundColor\":\"\",\"itemBorderRadius\":0,\"backgroundColor\":\"\",\"containerPadding\":0,\"padding\":0,\"paddingColor\":\"\",\"borderRadius\":0,\"paginationType\":\"simple\",\"showAllItems\":true,\"hoverEffect\":\"zoom-in\",\"titleSource\":\"title\",\"titlePosition\":\"bottom\",\"titleFontSize\":25,\"titleColor\":\"#DDDDDD\",\"titleAlignment\":\"left\",\"titleFontFamily\":\"Inherit\",\"overlayTextBackground\":\"\",\"invertTextColor\":false,\"showCaption\":false,\"captionSource\":\"caption\",\"captionFontSize\":20,\"captionFontColor\":\"#DDDDDD\",\"showDescription\":false,\"descriptionSource\":\"description\",\"descriptionPosition\":\"below\",\"descriptionFontSize\":18,\"descriptionFontColor\":\"#DDDDDD\",\"descriptionMaxRowsCount\":3,\"showVideoCover\":true,\"showButton\":false,\"buttonText\":\"View more\",\"openInNewTab\":false,\"buttonAlignment\":\"left\",\"buttonFontSize\":20,\"buttonColor\":\"#afafaf80\",\"buttonTextColor\":\"#000000de\",\"buttonUrlSource\":\"action_url\",\"buttonVisibility\":\"alwaysShown\",\"buttonPosition\":\"bottom\",\"buttonBorderSize\":0,\"buttonBorderColor\":\"#afafaf80\",\"buttonBorderRadius\":4},\"general\":{\"clickAction\":\"none\",\"openUrlInNewTab\":false,\"actionUrlSource\":\"action_url\",\"orderBy\":\"default\",\"orderDirection\":\"asc\",\"itemsPerPage\":20,\"activeButtonColor\":\"#FFFFFF\",\"inactiveButtonColor\":\"#D7D7D7\",\"loadMoreButtonColor\":\"#D7D7D7\",\"paginationTextColor\":\"#000000de\",\"paginationButtonTextSize\":0.875,\"paginationButtonBorderRadius\":4,\"paginationButtonBorderSize\":\"\",\"paginationButtonBorderColor\":\"\",\"loadMoreButtonText\":\"\",\"paginationButtonClass\":\"\",\"enableWatermark\":false,\"watermarkImageURL\":\"https:\\\/\\\/negociosconectividade.ao\\\/wp-content\\\/plugins\\\/regallery\\\/assets\\\/images\\\/icon.svg\",\"watermarkTransparency\":20,\"watermarkSize\":30,\"watermarkPosition\":\"middle-center\",\"enableSearch\":false,\"searchPlaceholderText\":\"\",\"enableRightClickProtection\":false},\"custom_css\":\"\",\"title\":\"Default\",\"template_id\":0,\"templateType\":\"\",\"css\":\"\",\"mosaic\":{\"width\":100,\"direction\":\"vertical\",\"gap\":5,\"backgroundColor\":\"\",\"containerPadding\":0,\"padding\":0,\"paddingColor\":\"\",\"rowHeight\":200,\"columns\":3,\"borderRadius\":0,\"hoverEffect\":\"overlay\",\"showTitle\":false,\"titleVisibility\":\"alwaysShown\",\"titleSource\":\"title\",\"titlePosition\":\"bottom\",\"titleAlignment\":\"left\",\"titleColor\":\"#DDDDDD\",\"titleFontSize\":25,\"titleFontFamily\":\"Inherit\",\"overlayTextBackground\":\"\",\"invertTextColor\":false,\"paginationType\":\"simple\",\"showAllItems\":true,\"showCaption\":false,\"captionVisibility\":\"alwaysShown\",\"captionPosition\":\"bottom\",\"captionSource\":\"caption\",\"captionFontSize\":20,\"captionFontColor\":\"#DDDDDD\",\"showVideoCover\":true,\"showButton\":false,\"buttonText\":\"View more\",\"openInNewTab\":false,\"buttonAlignment\":\"left\",\"buttonFontSize\":20,\"buttonColor\":\"#afafaf80\",\"buttonTextColor\":\"#000000de\",\"buttonUrlSource\":\"action_url\",\"buttonVisibility\":\"alwaysShown\",\"buttonPosition\":\"bottom\",\"buttonBorderSize\":0,\"buttonBorderColor\":\"#afafaf80\",\"buttonBorderRadius\":4},\"justified\":{\"width\":100,\"gap\":2,\"backgroundColor\":\"\",\"containerPadding\":0,\"padding\":0,\"paddingColor\":\"\",\"rowHeight\":300,\"borderRadius\":0,\"hoverEffect\":\"overlay-icon-zoom\",\"showTitle\":false,\"titleVisibility\":\"alwaysShown\",\"titleSource\":\"title\",\"titlePosition\":\"bottom\",\"titleAlignment\":\"left\",\"titleColor\":\"#DDDDDD\",\"titleFontSize\":25,\"titleFontFamily\":\"Inherit\",\"overlayTextBackground\":\"\",\"invertTextColor\":false,\"paginationType\":\"simple\",\"showAllItems\":true,\"showCaption\":false,\"captionVisibility\":\"alwaysShown\",\"captionPosition\":\"bottom\",\"captionSource\":\"caption\",\"captionFontSize\":20,\"captionFontColor\":\"#DDDDDD\",\"showVideoCover\":true,\"showButton\":false,\"buttonText\":\"View more\",\"openInNewTab\":false,\"buttonAlignment\":\"left\",\"buttonFontSize\":20,\"buttonColor\":\"#afafaf80\",\"buttonTextColor\":\"#000000de\",\"buttonUrlSource\":\"action_url\",\"buttonVisibility\":\"alwaysShown\",\"buttonPosition\":\"bottom\",\"buttonBorderSize\":0,\"buttonBorderColor\":\"#afafaf80\",\"buttonBorderRadius\":4},\"masonry\":{\"width\":100,\"gap\":20,\"backgroundColor\":\"\",\"containerPadding\":0,\"padding\":0,\"paddingColor\":\"\",\"columns\":3,\"borderRadius\":0,\"hoverEffect\":\"shine\",\"showTitle\":false,\"titleVisibility\":\"alwaysShown\",\"titleSource\":\"title\",\"titlePosition\":\"bottom\",\"titleAlignment\":\"left\",\"titleColor\":\"#DDDDDD\",\"titleFontSize\":25,\"titleFontFamily\":\"Inherit\",\"overlayTextBackground\":\"\",\"invertTextColor\":false,\"paginationType\":\"scroll\",\"showAllItems\":true,\"showCaption\":false,\"captionVisibility\":\"alwaysShown\",\"captionPosition\":\"bottom\",\"captionSource\":\"caption\",\"captionFontSize\":20,\"captionFontColor\":\"#DDDDDD\",\"showVideoCover\":true,\"showButton\":false,\"buttonText\":\"View more\",\"openInNewTab\":false,\"buttonAlignment\":\"left\",\"buttonFontSize\":20,\"buttonColor\":\"#afafaf80\",\"buttonTextColor\":\"#000000de\",\"buttonUrlSource\":\"action_url\",\"buttonVisibility\":\"alwaysShown\",\"buttonPosition\":\"bottom\",\"buttonBorderSize\":0,\"buttonBorderColor\":\"#afafaf80\",\"buttonBorderRadius\":4},\"slideshow\":{\"width\":1080,\"height\":608,\"isFullCoverImage\":true,\"isInfinite\":true,\"padding\":0,\"autoplay\":false,\"slideDuration\":5000,\"imageAnimation\":\"slideH\",\"isSlideshowAllowed\":true,\"canFullscreen\":false,\"showCounter\":false,\"canShare\":false,\"canDownload\":false,\"canZoom\":false,\"thumbnailsPosition\":\"none\",\"thumbnailWidth\":120,\"thumbnailHeight\":90,\"thumbnailBorder\":0,\"thumbnailBorderColor\":\"\",\"thumbnailBorderRadius\":0,\"thumbnailPadding\":0,\"thumbnailGap\":5,\"backgroundColor\":\"#000000\",\"textPosition\":\"bottom\",\"textFontFamily\":\"Inherit\",\"textColor\":\"#DDDDDD\",\"textBackground\":\"\",\"invertTextColor\":false,\"showTitle\":true,\"titleSource\":\"title\",\"titleFontSize\":1.6,\"titleAlignment\":\"left\",\"showDescription\":true,\"descriptionSource\":\"description\",\"descriptionFontSize\":1.3,\"descriptionMaxRowsCount\":1,\"showCaption\":false,\"captionSource\":\"caption\",\"captionFontSize\":1.5,\"captionFontColor\":\"#DDDDDD\",\"showButton\":false,\"buttonText\":\"View more\",\"openInNewTab\":false,\"buttonAlignment\":\"left\",\"buttonFontSize\":1.3,\"buttonColor\":\"#afafaf80\",\"buttonTextColor\":\"#000000de\",\"buttonBorderSize\":0,\"buttonBorderColor\":\"#afafaf80\",\"buttonBorderRadius\":4,\"buttonUrlSource\":\"action_url\"},\"cube\":{\"width\":300,\"height\":300,\"isInfinite\":true,\"autoplay\":true,\"slideDuration\":3000,\"playAndPauseAllowed\":false,\"backgroundColor\":\"#FFFFFF\",\"padding\":0,\"shadow\":true,\"hoverEffect\":\"none\",\"showTitle\":false,\"titleSource\":\"title\",\"titleVisibility\":\"alwaysShown\",\"titlePosition\":\"bottom\",\"titleFontSize\":20,\"titleColor\":\"#DDDDDD\",\"titleAlignment\":\"left\",\"titleFontFamily\":\"Inherit\",\"overlayTextBackground\":\"\",\"invertTextColor\":false,\"showCaption\":false,\"captionSource\":\"caption\",\"captionVisibility\":\"alwaysShown\",\"captionPosition\":\"bottom\",\"captionFontSize\":18,\"captionFontColor\":\"#DDDDDD\",\"navigation\":\"none\",\"arrowsSize\":26,\"arrowsColor\":\"rgba(255, 255, 255, 0.8)\",\"dotsPosition\":\"outside\",\"dotsSize\":13,\"dotsGap\":4,\"activeDotColor\":\"#aaaaaa\",\"inactiveDotsColor\":\"rgba(170, 170, 170, 0.4)\",\"showVideoControls\":false,\"animationSpeed\":500,\"showVideoCover\":false,\"showButton\":false,\"buttonText\":\"View more\",\"openInNewTab\":false,\"buttonAlignment\":\"left\",\"buttonFontSize\":20,\"buttonColor\":\"#afafaf80\",\"buttonTextColor\":\"#000000de\",\"buttonUrlSource\":\"action_url\",\"buttonVisibility\":\"alwaysShown\",\"buttonPosition\":\"bottom\",\"buttonBorderSize\":0,\"buttonBorderColor\":\"#afafaf80\",\"buttonBorderRadius\":4},\"carousel\":{\"width\":300,\"height\":400,\"backgroundColor\":\"\",\"padding\":0,\"autoplay\":false,\"slideDuration\":3000,\"playAndPauseAllowed\":false,\"scale\":1,\"imagesCount\":3,\"enableScrollByImagesCount\":false,\"spaceBetween\":20,\"hoverEffect\":\"none\",\"showTitle\":false,\"titleSource\":\"title\",\"titleVisibility\":\"alwaysShown\",\"titlePosition\":\"bottom\",\"titleFontSize\":20,\"titleColor\":\"#DDDDDD\",\"titleAlignment\":\"left\",\"titleFontFamily\":\"Inherit\",\"overlayTextBackground\":\"\",\"invertTextColor\":false,\"showCaption\":false,\"captionSource\":\"caption\",\"captionVisibility\":\"alwaysShown\",\"captionPosition\":\"bottom\",\"captionFontSize\":18,\"captionFontColor\":\"#DDDDDD\",\"navigation\":\"arrows\",\"arrowsSize\":26,\"arrowsColor\":\"rgba(255, 255, 255, 0.8)\",\"dotsPosition\":\"outside\",\"dotsSize\":13,\"dotsGap\":4,\"activeDotColor\":\"#aaaaaa\",\"inactiveDotsColor\":\"rgba(170, 170, 170, 0.4)\",\"showVideoControls\":false,\"animationSpeed\":500,\"showVideoCover\":false,\"showButton\":false,\"buttonText\":\"View more\",\"openInNewTab\":false,\"buttonAlignment\":\"left\",\"buttonFontSize\":20,\"buttonColor\":\"#afafaf80\",\"buttonTextColor\":\"#000000de\",\"buttonUrlSource\":\"action_url\",\"buttonVisibility\":\"alwaysShown\",\"buttonPosition\":\"bottom\",\"buttonBorderSize\":0,\"buttonBorderColor\":\"#afafaf80\",\"buttonBorderRadius\":4},\"cards\":{\"width\":500,\"height\":500,\"perSlideOffset\":20,\"playAndPauseAllowed\":false,\"autoplay\":false,\"slideDuration\":3000,\"hoverEffect\":\"none\",\"showTitle\":false,\"titleSource\":\"title\",\"titleVisibility\":\"alwaysShown\",\"titlePosition\":\"bottom\",\"titleFontSize\":20,\"titleColor\":\"#DDDDDD\",\"titleAlignment\":\"left\",\"titleFontFamily\":\"Inherit\",\"overlayTextBackground\":\"\",\"invertTextColor\":false,\"showCaption\":false,\"captionSource\":\"caption\",\"captionVisibility\":\"alwaysShown\",\"captionPosition\":\"bottom\",\"captionFontSize\":18,\"captionFontColor\":\"#DDDDDD\",\"navigation\":\"arrows\",\"arrowsSize\":26,\"arrowsColor\":\"rgba(255, 255, 255, 0.8)\",\"dotsPosition\":\"outside\",\"dotsSize\":13,\"dotsGap\":4,\"activeDotColor\":\"#aaaaaa\",\"inactiveDotsColor\":\"rgba(170, 170, 170, 0.4)\",\"showVideoControls\":false,\"animationSpeed\":500,\"showVideoCover\":false,\"showButton\":false,\"buttonText\":\"View more\",\"openInNewTab\":false,\"buttonAlignment\":\"left\",\"buttonFontSize\":20,\"buttonColor\":\"#afafaf80\",\"buttonTextColor\":\"#000000de\",\"buttonUrlSource\":\"action_url\",\"buttonVisibility\":\"alwaysShown\",\"buttonPosition\":\"bottom\",\"buttonBorderSize\":0,\"buttonBorderColor\":\"#afafaf80\",\"buttonBorderRadius\":4},\"coverflow\":{\"width\":500,\"height\":700,\"backgroundColor\":\"\",\"padding\":0,\"autoplay\":true,\"slideDuration\":3000,\"playAndPauseAllowed\":false,\"rotate\":50,\"imagesCount\":3,\"hoverEffect\":\"none\",\"showTitle\":false,\"titleSource\":\"title\",\"titleVisibility\":\"alwaysShown\",\"titlePosition\":\"bottom\",\"titleFontSize\":20,\"titleColor\":\"#DDDDDD\",\"titleAlignment\":\"left\",\"titleFontFamily\":\"Inherit\",\"overlayTextBackground\":\"\",\"invertTextColor\":false,\"showCaption\":false,\"captionSource\":\"caption\",\"captionVisibility\":\"alwaysShown\",\"captionPosition\":\"bottom\",\"captionFontSize\":18,\"captionFontColor\":\"#DDDDDD\",\"navigation\":\"none\",\"arrowsSize\":26,\"arrowsColor\":\"rgba(255, 255, 255, 0.8)\",\"dotsPosition\":\"outside\",\"dotsSize\":13,\"dotsGap\":4,\"activeDotColor\":\"#aaaaaa\",\"inactiveDotsColor\":\"rgba(170, 170, 170, 0.4)\",\"showVideoControls\":false,\"animationSpeed\":800,\"showVideoCover\":false,\"showButton\":false,\"buttonText\":\"View more\",\"openInNewTab\":false,\"buttonAlignment\":\"left\",\"buttonFontSize\":20,\"buttonColor\":\"#afafaf80\",\"buttonTextColor\":\"#000000de\",\"buttonUrlSource\":\"action_url\",\"buttonVisibility\":\"alwaysShown\",\"buttonPosition\":\"bottom\",\"buttonBorderSize\":0,\"buttonBorderColor\":\"#afafaf80\",\"buttonBorderRadius\":4},\"blog\":{\"imageWidth\":50,\"imageWidthType\":\"%\",\"imageHeight\":400,\"imageHeightType\":\"px\",\"imagePosition\":\"staggered\",\"spacing\":0,\"backgroundColor\":\"\",\"containerPadding\":0,\"imageRadius\":0,\"hoverEffect\":\"zoom-in\",\"showTitle\":true,\"titleSource\":\"title\",\"titleFontSize\":36,\"titleColor\":\"#000000\",\"titleAlignment\":\"left\",\"showDescription\":true,\"descriptionSource\":\"description\",\"descriptionFontSize\":23,\"descriptionColor\":\"#333333\",\"descriptionMaxRowsCount\":4,\"showButton\":true,\"buttonText\":\"View more\",\"openInNewTab\":false,\"buttonAlignment\":\"left\",\"buttonFontSize\":20,\"buttonColor\":\"#afafaf80\",\"buttonTextColor\":\"#000000de\",\"buttonBorderSize\":0,\"buttonBorderColor\":\"#afafaf80\",\"buttonBorderRadius\":4,\"textFontFamily\":\"Inherit\",\"textVerticalAlignment\":\"center\",\"textHorizontalSpacing\":35,\"textVerticalSpacing\":35,\"paginationType\":\"simple\",\"showAllItems\":true,\"showCaption\":false,\"captionSource\":\"caption\",\"captionFontSize\":26,\"captionFontColor\":\"#CCCCCC\",\"buttonUrlSource\":\"action_url\",\"showVideoCover\":false}},\"imagesCount\":0};<\/script>\r\n    <div id=\"reacg-root3073\"\r\n         class=\"reacg-wrapper reacg-gallery reacg-preview\"\r\n         data-options-section=\"0\"\r\n         data-options-container=\"#reacg_settings\"\r\n         data-plugin-version=\"1.19.1\"\r\n         data-gallery-timestamp=\"1777462378027\"\r\n         data-options-timestamp=\"1777378388\"\r\n         data-gallery-id=\"3073\"><\/div>\t\t\t\t<\/div>\n\t\t\t\t<\/div>\n\t\t\t\t\t<\/div>\n\t\t\t\t<\/div>\n\t\t<div class=\"elementor-element elementor-element-487ceca5 e-flex e-con-boxed e-con e-parent\" data-id=\"487ceca5\" data-element_type=\"container\" data-e-type=\"container\" data-settings=\"{&quot;background_background&quot;:&quot;classic&quot;}\">\n\t\t\t\t\t<div class=\"e-con-inner\">\n\t\t<div class=\"elementor-element elementor-element-1d27a5f e-con-full e-flex e-con e-child\" data-id=\"1d27a5f\" data-element_type=\"container\" data-e-type=\"container\" data-settings=\"{&quot;background_background&quot;:&quot;gradient&quot;}\">\n\t\t\t\t<div class=\"elementor-element elementor-element-2eab8e elementor-widget elementor-widget-heading\" data-id=\"2eab8e\" data-element_type=\"widget\" data-e-type=\"widget\" data-widget_type=\"heading.default\">\n\t\t\t\t<div class=\"elementor-widget-container\">\n\t\t\t\t\t<h2 class=\"elementor-heading-title elementor-size-default\">Torne-se um patrocinador<\/h2>\t\t\t\t<\/div>\n\t\t\t\t<\/div>\n\t\t\t\t<div class=\"elementor-element elementor-element-64ffbb7e elementor-widget elementor-widget-text-editor\" data-id=\"64ffbb7e\" data-element_type=\"widget\" data-e-type=\"widget\" data-widget_type=\"text-editor.default\">\n\t\t\t\t<div class=\"elementor-widget-container\">\n\t\t\t\t\t\t\t\t\t<p>Os patrocinadores deste projecto, beneficiam de espa\u00e7os publicit\u00e1rios entre as classes, no quadro abaixo indicado. Os espa\u00e7os ser\u00e3o cedidos em conformidade com os valores que forem patrocinados.<\/p>\t\t\t\t\t\t\t\t<\/div>\n\t\t\t\t<\/div>\n\t\t\t\t<div class=\"elementor-element elementor-element-30103a33 elementor-widget elementor-widget-button\" data-id=\"30103a33\" data-element_type=\"widget\" data-e-type=\"widget\" data-widget_type=\"button.default\">\n\t\t\t\t<div class=\"elementor-widget-container\">\n\t\t\t\t\t\t\t\t\t<div class=\"elementor-button-wrapper\">\n\t\t\t\t\t<a class=\"elementor-button elementor-button-link elementor-size-sm\" href=\"https:\/\/negociosconectividade.ao\/index.php\/elementor-pagina-851\/\">\n\t\t\t\t\t\t<span class=\"elementor-button-content-wrapper\">\n\t\t\t\t\t\t\t\t\t<span class=\"elementor-button-text\">SABER MAIS<\/span>\n\t\t\t\t\t<\/span>\n\t\t\t\t\t<\/a>\n\t\t\t\t<\/div>\n\t\t\t\t\t\t\t\t<\/div>\n\t\t\t\t<\/div>\n\t\t\t\t<\/div>\n\t\t\t\t\t<\/div>\n\t\t\t\t<\/div>\n\t\t\t\t<\/div>\n\t\t","protected":false},"excerpt":{"rendered":"<p>FOTOGRAFIAS Torne-se um patrocinador Os patrocinadores deste projecto, beneficiam de espa\u00e7os publicit\u00e1rios entre as classes, no quadro abaixo indicado. Os espa\u00e7os ser\u00e3o cedidos em conformidade com os valores que forem patrocinados. SABER MAIS<\/p>\n","protected":false},"author":2,"featured_media":0,"parent":0,"menu_order":0,"comment_status":"closed","ping_status":"closed","template":"","meta":{"footnotes":""},"class_list":["post-3072","page","type-page","status-publish","hentry"],"blocksy_meta":[],"_links":{"self":[{"href":"https:\/\/negociosconectividade.ao\/index.php\/wp-json\/wp\/v2\/pages\/3072","targetHints":{"allow":["GET"]}}],"collection":[{"href":"https:\/\/negociosconectividade.ao\/index.php\/wp-json\/wp\/v2\/pages"}],"about":[{"href":"https:\/\/negociosconectividade.ao\/index.php\/wp-json\/wp\/v2\/types\/page"}],"author":[{"embeddable":true,"href":"https:\/\/negociosconectividade.ao\/index.php\/wp-json\/wp\/v2\/users\/2"}],"replies":[{"embeddable":true,"href":"https:\/\/negociosconectividade.ao\/index.php\/wp-json\/wp\/v2\/comments?post=3072"}],"version-history":[{"count":3,"href":"https:\/\/negociosconectividade.ao\/index.php\/wp-json\/wp\/v2\/pages\/3072\/revisions"}],"predecessor-version":[{"id":3137,"href":"https:\/\/negociosconectividade.ao\/index.php\/wp-json\/wp\/v2\/pages\/3072\/revisions\/3137"}],"wp:attachment":[{"href":"https:\/\/negociosconectividade.ao\/index.php\/wp-json\/wp\/v2\/media?parent=3072"}],"curies":[{"name":"wp","href":"https:\/\/api.w.org\/{rel}","templated":true}]}}