{"id":564,"date":"2025-05-12T12:15:34","date_gmt":"2025-05-12T12:15:34","guid":{"rendered":"https:\/\/negociosconectividade.ao\/?page_id=564"},"modified":"2025-10-20T14:29:39","modified_gmt":"2025-10-20T14:29:39","slug":"o-evento","status":"publish","type":"page","link":"https:\/\/negociosconectividade.ao\/index.php\/o-evento\/","title":{"rendered":"O EVENTO"},"content":{"rendered":"\t\t<div data-elementor-type=\"wp-page\" data-elementor-id=\"564\" class=\"elementor elementor-564\">\n\t\t\t\t<div class=\"elementor-element elementor-element-2024d98 e-flex e-con-boxed e-con e-parent\" data-id=\"2024d98\" data-element_type=\"container\" data-e-type=\"container\" data-settings=\"{&quot;background_background&quot;:&quot;gradient&quot;,&quot;shape_divider_bottom&quot;:&quot;waves&quot;}\">\n\t\t\t\t\t<div class=\"e-con-inner\">\n\t\t\t\t<div class=\"elementor-shape elementor-shape-bottom\" aria-hidden=\"true\" data-negative=\"false\">\n\t\t\t<svg xmlns=\"http:\/\/www.w3.org\/2000\/svg\" viewBox=\"0 0 1000 100\" preserveAspectRatio=\"none\">\n\t<path class=\"elementor-shape-fill\" d=\"M421.9,6.5c22.6-2.5,51.5,0.4,75.5,5.3c23.6,4.9,70.9,23.5,100.5,35.7c75.8,32.2,133.7,44.5,192.6,49.7\n\tc23.6,2.1,48.7,3.5,103.4-2.5c54.7-6,106.2-25.6,106.2-25.6V0H0v30.3c0,0,72,32.6,158.4,30.5c39.2-0.7,92.8-6.7,134-22.4\n\tc21.2-8.1,52.2-18.2,79.7-24.2C399.3,7.9,411.6,7.5,421.9,6.5z\"\/>\n<\/svg>\t\t<\/div>\n\t\t\t\t<div class=\"elementor-element elementor-element-fdab1d3 elementor-widget elementor-widget-heading\" data-id=\"fdab1d3\" data-element_type=\"widget\" data-e-type=\"widget\" data-widget_type=\"heading.default\">\n\t\t\t\t<div class=\"elementor-widget-container\">\n\t\t\t\t\t<h2 class=\"elementor-heading-title elementor-size-default\">CABINDA<\/h2>\t\t\t\t<\/div>\n\t\t\t\t<\/div>\n\t\t\t\t\t<\/div>\n\t\t\t\t<\/div>\n\t\t<div class=\"elementor-element elementor-element-f24d5c4 e-flex e-con-boxed e-con e-parent\" data-id=\"f24d5c4\" data-element_type=\"container\" data-e-type=\"container\" data-settings=\"{&quot;background_background&quot;:&quot;classic&quot;}\">\n\t\t\t\t\t<div class=\"e-con-inner\">\n\t\t<div class=\"elementor-element elementor-element-7979e76 e-con-full e-flex e-con e-child\" data-id=\"7979e76\" data-element_type=\"container\" data-e-type=\"container\">\n\t\t\t\t<div class=\"elementor-element elementor-element-ae7d76a elementor-widget elementor-widget-image\" data-id=\"ae7d76a\" data-element_type=\"widget\" data-e-type=\"widget\" data-widget_type=\"image.default\">\n\t\t\t\t<div class=\"elementor-widget-container\">\n\t\t\t\t\t\t\t\t\t\t\t\t\t\t\t<img fetchpriority=\"high\" decoding=\"async\" width=\"1024\" height=\"500\" src=\"https:\/\/negociosconectividade.ao\/wp-content\/uploads\/2025\/05\/Z7A8078-e1747116431228-1024x500.webp\" class=\"attachment-large size-large wp-image-546\" alt=\"\" srcset=\"https:\/\/negociosconectividade.ao\/wp-content\/uploads\/2025\/05\/Z7A8078-e1747116431228-1024x500.webp 1024w, https:\/\/negociosconectividade.ao\/wp-content\/uploads\/2025\/05\/Z7A8078-e1747116431228-300x147.webp 300w, https:\/\/negociosconectividade.ao\/wp-content\/uploads\/2025\/05\/Z7A8078-e1747116431228-768x375.webp 768w, https:\/\/negociosconectividade.ao\/wp-content\/uploads\/2025\/05\/Z7A8078-e1747116431228-1536x750.webp 1536w, https:\/\/negociosconectividade.ao\/wp-content\/uploads\/2025\/05\/Z7A8078-e1747116431228.webp 1728w\" sizes=\"(max-width: 1024px) 100vw, 1024px\" \/>\t\t\t\t\t\t\t\t\t\t\t\t\t\t\t<\/div>\n\t\t\t\t<\/div>\n\t\t\t\t<\/div>\n\t\t<div class=\"elementor-element elementor-element-07b6959 e-con-full e-flex e-con e-child\" data-id=\"07b6959\" data-element_type=\"container\" data-e-type=\"container\" data-settings=\"{&quot;background_background&quot;:&quot;classic&quot;}\">\n\t\t\t\t<div class=\"elementor-element elementor-element-7d26440 elementor-widget elementor-widget-heading\" data-id=\"7d26440\" data-element_type=\"widget\" data-e-type=\"widget\" data-widget_type=\"heading.default\">\n\t\t\t\t<div class=\"elementor-widget-container\">\n\t\t\t\t\t<h2 class=\"elementor-heading-title elementor-size-default\">Prespectivas<\/h2>\t\t\t\t<\/div>\n\t\t\t\t<\/div>\n\t\t\t\t<div class=\"elementor-element elementor-element-8f3f809 elementor-widget elementor-widget-text-editor\" data-id=\"8f3f809\" data-element_type=\"widget\" data-e-type=\"widget\" data-widget_type=\"text-editor.default\">\n\t\t\t\t<div class=\"elementor-widget-container\">\n\t\t\t\t\t\t\t\t\t<p>As cervejeiras de Angola e de Mo\u00e7ambique, por exemplo, podem servir de \u00e2ncoras para trocarem cart\u00f5es-de-visita, assinarem pr\u00e9-contratos e realizarem neg\u00f3cios. O agro-neg\u00f3cio ser\u00e1 uma das principais componentes deste f\u00f3rum, pretendendo-se que a importa\u00e7\u00e3o de um determinado produto, quer seja de Mo\u00e7ambique, quer de outro pa\u00eds presente, seja estabelecido por via desta plataforma de \u201cconectividade\u201d. Por exemplo, o produtor Mo\u00e7ambicano de castanhas de Caj\u00fa poder\u00e1 identificar um industrial Angolano do ramo, passando a realizar trocas comerciais, com vantagens reciprocas.<\/p>\t\t\t\t\t\t\t\t<\/div>\n\t\t\t\t<\/div>\n\t\t\t\t<\/div>\n\t\t\t\t\t<\/div>\n\t\t\t\t<\/div>\n\t\t<div class=\"elementor-element elementor-element-883ff58 e-flex e-con-boxed e-con e-parent\" data-id=\"883ff58\" data-element_type=\"container\" data-e-type=\"container\" data-settings=\"{&quot;background_background&quot;:&quot;classic&quot;}\">\n\t\t\t\t\t<div class=\"e-con-inner\">\n\t\t<div class=\"elementor-element elementor-element-7deee9c e-con-full e-flex e-con e-child\" data-id=\"7deee9c\" data-element_type=\"container\" data-e-type=\"container\">\n\t\t\t\t<div class=\"elementor-element elementor-element-f7c2f00 elementor-widget elementor-widget-image\" data-id=\"f7c2f00\" data-element_type=\"widget\" data-e-type=\"widget\" data-widget_type=\"image.default\">\n\t\t\t\t<div class=\"elementor-widget-container\">\n\t\t\t\t\t\t\t\t\t\t\t\t\t\t\t<img decoding=\"async\" width=\"1024\" height=\"683\" src=\"https:\/\/negociosconectividade.ao\/wp-content\/uploads\/2025\/05\/Z7A7858-1-1024x683.webp\" class=\"attachment-large size-large wp-image-1036\" alt=\"\" srcset=\"https:\/\/negociosconectividade.ao\/wp-content\/uploads\/2025\/05\/Z7A7858-1-1024x683.webp 1024w, https:\/\/negociosconectividade.ao\/wp-content\/uploads\/2025\/05\/Z7A7858-1-300x200.webp 300w, https:\/\/negociosconectividade.ao\/wp-content\/uploads\/2025\/05\/Z7A7858-1-768x512.webp 768w, https:\/\/negociosconectividade.ao\/wp-content\/uploads\/2025\/05\/Z7A7858-1-1536x1024.webp 1536w, https:\/\/negociosconectividade.ao\/wp-content\/uploads\/2025\/05\/Z7A7858-1.webp 1728w\" sizes=\"(max-width: 1024px) 100vw, 1024px\" \/>\t\t\t\t\t\t\t\t\t\t\t\t\t\t\t<\/div>\n\t\t\t\t<\/div>\n\t\t\t\t<\/div>\n\t\t<div class=\"elementor-element elementor-element-614907d e-con-full e-flex e-con e-child\" data-id=\"614907d\" data-element_type=\"container\" data-e-type=\"container\" data-settings=\"{&quot;background_background&quot;:&quot;classic&quot;}\">\n\t\t\t\t<div class=\"elementor-element elementor-element-fac6b43 elementor-widget elementor-widget-text-editor\" data-id=\"fac6b43\" data-element_type=\"widget\" data-e-type=\"widget\" data-widget_type=\"text-editor.default\">\n\t\t\t\t<div class=\"elementor-widget-container\">\n\t\t\t\t\t\t\t\t\t<p>De assinalar que, do ponto de vista local, Cabinda \u00e9, neste momento, o maior produtor de caprinos e su\u00ednos de Angola e, no dom\u00ednio da agricultura, foi retomada a produ\u00e7\u00e3o de Caf\u00e9 e Cacau, j\u00e1 com in\u00edcios de exporta\u00e7\u00e3o.\u00a0No dom\u00ednio do Petr\u00f3leo e G\u00e1s, os pa\u00edses produtores destes hidrocarbonetos, podem trocar experi\u00eancias com os seus parceiros Angolanos.\u00a0Apesar de ser sub-dividido em pain\u00e9is tem\u00e1ticos, a ideia \u00e9 fazer com que se juntem no mesmo, em formato quase informal, homens de neg\u00f3cios do subcontinente para falarem do mesmo tema, aproveitando o\u00a0<strong>\u201cF\u00f3rum Neg\u00f3cios &amp; Conectividade\u201d (Business &amp; Connectivity)<\/strong>, para identificarem outros sectores fortes em Cabinda, como por exemplo a economia azul, a madeira, a transversalidade do turismo e as suas praias.<\/p>\t\t\t\t\t\t\t\t<\/div>\n\t\t\t\t<\/div>\n\t\t\t\t<\/div>\n\t\t\t\t\t<\/div>\n\t\t\t\t<\/div>\n\t\t<div class=\"elementor-element elementor-element-ac888d0 e-flex e-con-boxed e-con e-parent\" data-id=\"ac888d0\" data-element_type=\"container\" data-e-type=\"container\">\n\t\t\t\t\t<div class=\"e-con-inner\">\n\t\t<div class=\"elementor-element elementor-element-9bc13f1 e-con-full e-grid e-con e-child\" data-id=\"9bc13f1\" data-element_type=\"container\" data-e-type=\"container\" data-settings=\"{&quot;background_background&quot;:&quot;classic&quot;}\">\n\t\t\t\t<div class=\"elementor-element elementor-element-3335200 elementor-widget elementor-widget-heading\" data-id=\"3335200\" data-element_type=\"widget\" data-e-type=\"widget\" data-widget_type=\"heading.default\">\n\t\t\t\t<div class=\"elementor-widget-container\">\n\t\t\t\t\t<h4 class=\"elementor-heading-title elementor-size-default\"><span style=\"color: Maroon\">LOCAL: <\/span>\nCabinda<\/h4>\t\t\t\t<\/div>\n\t\t\t\t<\/div>\n\t\t\t\t<\/div>\n\t\t<div class=\"elementor-element elementor-element-067e475 e-con-full e-flex e-con e-child\" data-id=\"067e475\" data-element_type=\"container\" data-e-type=\"container\">\n\t\t<div class=\"elementor-element elementor-element-562b4cc e-con-full e-grid e-con e-child\" data-id=\"562b4cc\" data-element_type=\"container\" data-e-type=\"container\" data-settings=\"{&quot;background_background&quot;:&quot;classic&quot;}\">\n\t\t\t\t<div class=\"elementor-element elementor-element-551fde0 elementor-widget elementor-widget-heading\" data-id=\"551fde0\" data-element_type=\"widget\" data-e-type=\"widget\" data-widget_type=\"heading.default\">\n\t\t\t\t<div class=\"elementor-widget-container\">\n\t\t\t\t\t<h2 class=\"elementor-heading-title elementor-size-default\">1\u00ba DIA<\/h2>\t\t\t\t<\/div>\n\t\t\t\t<\/div>\n\t\t\t\t<\/div>\n\t\t\t\t<\/div>\n\t\t\t\t<div class=\"elementor-element elementor-element-65e2b4c elementor-widget elementor-widget-heading\" data-id=\"65e2b4c\" data-element_type=\"widget\" data-e-type=\"widget\" data-widget_type=\"heading.default\">\n\t\t\t\t<div class=\"elementor-widget-container\">\n\t\t\t\t\t<h4 class=\"elementor-heading-title elementor-size-default\"><span style=\"color: Maroon\">MESTRE CERIM\u00d3NIA: <\/span>\nELSA MARCELINO<\/h4>\t\t\t\t<\/div>\n\t\t\t\t<\/div>\n\t\t<div class=\"elementor-element elementor-element-2304162 e-con-full e-flex e-con e-child\" data-id=\"2304162\" data-element_type=\"container\" data-e-type=\"container\" data-settings=\"{&quot;background_background&quot;:&quot;classic&quot;}\">\n\t\t\t\t<div class=\"elementor-element elementor-element-5361e42 elementor-widget elementor-widget-text-editor\" data-id=\"5361e42\" data-element_type=\"widget\" data-e-type=\"widget\" data-widget_type=\"text-editor.default\">\n\t\t\t\t<div class=\"elementor-widget-container\">\n\t\t\t\t\t\t\t\t\t<p>08h00 &#8211; <strong>Chegada dos Participantes<\/strong><\/p>\t\t\t\t\t\t\t\t<\/div>\n\t\t\t\t<\/div>\n\t\t\t\t<\/div>\n\t\t<div class=\"elementor-element elementor-element-e175fd2 e-con-full e-flex e-con e-child\" data-id=\"e175fd2\" data-element_type=\"container\" data-e-type=\"container\" data-settings=\"{&quot;background_background&quot;:&quot;classic&quot;}\">\n\t\t\t\t<div class=\"elementor-element elementor-element-4eff23f elementor-widget elementor-widget-text-editor\" data-id=\"4eff23f\" data-element_type=\"widget\" data-e-type=\"widget\" data-widget_type=\"text-editor.default\">\n\t\t\t\t<div class=\"elementor-widget-container\">\n\t\t\t\t\t\t\t\t\t<p>1\u00ba PAINEL &#8211; REGIME ESPECIAL E ATRA\u00c7\u00c3O DE INVESTIMENTOS\u00a0<br \/>\u200d- Regime especial tribut\u00e1rio para Cabinda, desafios e oportunidades\u00a0<br \/>&#8211; Oportunidades de neg\u00f3cios\/atra\u00e7\u00e3o de investidores\u00a0<br \/>&#8211; As barreiras do com\u00e9rcio intra-africano\u00a0<\/p>\t\t\t\t\t\t\t\t<\/div>\n\t\t\t\t<\/div>\n\t\t\t\t<\/div>\n\t\t<div class=\"elementor-element elementor-element-d21ffaf e-con-full e-flex e-con e-child\" data-id=\"d21ffaf\" data-element_type=\"container\" data-e-type=\"container\" data-settings=\"{&quot;background_background&quot;:&quot;classic&quot;}\">\n\t\t\t\t<div class=\"elementor-element elementor-element-4c14a9a elementor-widget elementor-widget-text-editor\" data-id=\"4c14a9a\" data-element_type=\"widget\" data-e-type=\"widget\" data-widget_type=\"text-editor.default\">\n\t\t\t\t<div class=\"elementor-widget-container\">\n\t\t\t\t\t\t\t\t\t<p><strong>Conversas &amp; Neg\u00f3cios A\u00a0<br \/>\u200d<\/strong>&#8211; Agro-neg\u00f3cios: Da produ\u00e7\u00e3o a transforma\u00e7\u00e3o e exporta\u00e7\u00e3o.\u00a0<br \/>&#8211; Produ\u00e7\u00e3o de cacau, banana e anan\u00e1s\u00a0<br \/>&#8211; Experi\u00eancias na transforma\u00e7\u00e3o e exporta\u00e7\u00e3o\u00a0<br \/>&#8211; Explora\u00e7\u00e3o florestal<br \/>&#8211; Madeira e derivados<\/p>\t\t\t\t\t\t\t\t<\/div>\n\t\t\t\t<\/div>\n\t\t\t\t<\/div>\n\t\t<div class=\"elementor-element elementor-element-23fc177 e-con-full e-flex e-con e-child\" data-id=\"23fc177\" data-element_type=\"container\" data-e-type=\"container\" data-settings=\"{&quot;background_background&quot;:&quot;classic&quot;}\">\n\t\t\t\t<div class=\"elementor-element elementor-element-b488f7b elementor-widget elementor-widget-text-editor\" data-id=\"b488f7b\" data-element_type=\"widget\" data-e-type=\"widget\" data-widget_type=\"text-editor.default\">\n\t\t\t\t<div class=\"elementor-widget-container\">\n\t\t\t\t\t\t\t\t\t<p><strong>Conversas &amp; Neg\u00f3cios B\u00a0<br \/>\u200d<\/strong>&#8211; Petr\u00f3leo e G\u00e1s<br \/>&#8211; O Neg\u00f3cio da distribui\u00e7\u00e3o, desafios e oportunidades.<\/p>\t\t\t\t\t\t\t\t<\/div>\n\t\t\t\t<\/div>\n\t\t\t\t<\/div>\n\t\t<div class=\"elementor-element elementor-element-d9f6169 e-con-full e-flex e-con e-child\" data-id=\"d9f6169\" data-element_type=\"container\" data-e-type=\"container\" data-settings=\"{&quot;background_background&quot;:&quot;classic&quot;}\">\n\t\t\t\t<div class=\"elementor-element elementor-element-242dbe9 elementor-widget elementor-widget-text-editor\" data-id=\"242dbe9\" data-element_type=\"widget\" data-e-type=\"widget\" data-widget_type=\"text-editor.default\">\n\t\t\t\t<div class=\"elementor-widget-container\">\n\t\t\t\t\t\t\t\t\t<p><strong>Conversas &amp; Neg\u00f3cios C\u00a0<br \/>\u200d<\/strong>&#8211; Desafios do transporte mar\u00edtimo<br \/>&#8211; Cargas e descargas.\u00a0<br \/>&#8211; Mar, a industria pesqueira\u00a0<br \/>&#8211; Turismo, a transversalidade e o desenvolvimento do sector\u00a0<br \/>&#8211; Liga\u00e7\u00f5es a\u00e9reas e terrestres, como redinamizar\u00a0<\/p>\t\t\t\t\t\t\t\t<\/div>\n\t\t\t\t<\/div>\n\t\t\t\t<\/div>\n\t\t<div class=\"elementor-element elementor-element-72b28f1 e-con-full e-flex e-con e-child\" data-id=\"72b28f1\" data-element_type=\"container\" data-e-type=\"container\" data-settings=\"{&quot;background_background&quot;:&quot;classic&quot;}\">\n\t\t\t\t<div class=\"elementor-element elementor-element-409f4c2 elementor-widget elementor-widget-text-editor\" data-id=\"409f4c2\" data-element_type=\"widget\" data-e-type=\"widget\" data-widget_type=\"text-editor.default\">\n\t\t\t\t<div class=\"elementor-widget-container\">\n\t\t\t\t\t\t\t\t\t<p><strong>Conversas &amp; Neg\u00f3cios D\u00a0<br \/>\u200d<\/strong>&#8211; A ind\u00fastria das bebidas<br \/>\u2013 Desafios e oportunidades<\/p><p><strong>2\u00ba PAINEL &#8211; BANCA, SEGUROS E TELECOMUNICA\u00c7\u00d5ES\u00a0<br \/>\u200d<\/strong>&#8211; Funcionalidades e oportunidades, no \u00e2mbito do com\u00e9rcio intra-africano\u00a0\u00a0<\/p>\t\t\t\t\t\t\t\t<\/div>\n\t\t\t\t<\/div>\n\t\t\t\t<\/div>\n\t\t<div class=\"elementor-element elementor-element-ea9971b e-con-full e-flex e-con e-child\" data-id=\"ea9971b\" data-element_type=\"container\" data-e-type=\"container\" data-settings=\"{&quot;background_background&quot;:&quot;classic&quot;}\">\n\t\t\t\t<div class=\"elementor-element elementor-element-c701d2d elementor-widget elementor-widget-text-editor\" data-id=\"c701d2d\" data-element_type=\"widget\" data-e-type=\"widget\" data-widget_type=\"text-editor.default\">\n\t\t\t\t<div class=\"elementor-widget-container\">\n\t\t\t\t\t\t\t\t\t<p><strong>2\u00ba DIA\u00a0<\/strong>&#8211; PASSEIO TUR\u00cdSTICO<\/p>\t\t\t\t\t\t\t\t<\/div>\n\t\t\t\t<\/div>\n\t\t\t\t<\/div>\n\t\t\t\t\t<\/div>\n\t\t\t\t<\/div>\n\t\t<div class=\"elementor-element elementor-element-5e450da4 e-flex e-con-boxed e-con e-parent\" data-id=\"5e450da4\" data-element_type=\"container\" data-e-type=\"container\" data-settings=\"{&quot;background_background&quot;:&quot;classic&quot;}\">\n\t\t\t\t\t<div class=\"e-con-inner\">\n\t\t<div class=\"elementor-element elementor-element-435ed978 e-con-full e-flex e-con e-child\" data-id=\"435ed978\" data-element_type=\"container\" data-e-type=\"container\" data-settings=\"{&quot;background_background&quot;:&quot;gradient&quot;}\">\n\t\t\t\t<div class=\"elementor-element elementor-element-39c677f1 elementor-widget elementor-widget-heading\" data-id=\"39c677f1\" data-element_type=\"widget\" data-e-type=\"widget\" data-widget_type=\"heading.default\">\n\t\t\t\t<div class=\"elementor-widget-container\">\n\t\t\t\t\t<h2 class=\"elementor-heading-title elementor-size-default\">Torne-se um patrocinador<\/h2>\t\t\t\t<\/div>\n\t\t\t\t<\/div>\n\t\t\t\t<div class=\"elementor-element elementor-element-79d342f7 elementor-widget elementor-widget-text-editor\" data-id=\"79d342f7\" data-element_type=\"widget\" data-e-type=\"widget\" data-widget_type=\"text-editor.default\">\n\t\t\t\t<div class=\"elementor-widget-container\">\n\t\t\t\t\t\t\t\t\t<p>Os patrocinadores deste projecto, beneficiam de espa\u00e7os publicit\u00e1rios entre as classes, no quadro abaixo indicado. Os espa\u00e7os ser\u00e3o cedidos em conformidade com os valores que forem patrocinados.<\/p>\t\t\t\t\t\t\t\t<\/div>\n\t\t\t\t<\/div>\n\t\t\t\t<div class=\"elementor-element elementor-element-58567eb4 elementor-widget elementor-widget-button\" data-id=\"58567eb4\" data-element_type=\"widget\" data-e-type=\"widget\" data-widget_type=\"button.default\">\n\t\t\t\t<div class=\"elementor-widget-container\">\n\t\t\t\t\t\t\t\t\t<div class=\"elementor-button-wrapper\">\n\t\t\t\t\t<a class=\"elementor-button elementor-button-link elementor-size-sm\" href=\"https:\/\/negociosconectividade.ao\/index.php\/elementor-pagina-851\/\">\n\t\t\t\t\t\t<span class=\"elementor-button-content-wrapper\">\n\t\t\t\t\t\t\t\t\t<span class=\"elementor-button-text\">SABER MAIS<\/span>\n\t\t\t\t\t<\/span>\n\t\t\t\t\t<\/a>\n\t\t\t\t<\/div>\n\t\t\t\t\t\t\t\t<\/div>\n\t\t\t\t<\/div>\n\t\t\t\t<\/div>\n\t\t\t\t\t<\/div>\n\t\t\t\t<\/div>\n\t\t\t\t<\/div>\n\t\t","protected":false},"excerpt":{"rendered":"<p>CABINDA Prespectivas As cervejeiras de Angola e de Mo\u00e7ambique, por exemplo, podem servir de \u00e2ncoras para trocarem cart\u00f5es-de-visita, assinarem pr\u00e9-contratos e realizarem neg\u00f3cios. O agro-neg\u00f3cio ser\u00e1 uma das principais componentes deste f\u00f3rum, pretendendo-se que a importa\u00e7\u00e3o de um determinado produto, quer seja de Mo\u00e7ambique, quer de outro pa\u00eds presente, seja estabelecido por via desta plataforma [&hellip;]<\/p>\n","protected":false},"author":2,"featured_media":0,"parent":0,"menu_order":0,"comment_status":"closed","ping_status":"closed","template":"","meta":{"footnotes":""},"class_list":["post-564","page","type-page","status-publish","hentry"],"blocksy_meta":[],"_links":{"self":[{"href":"https:\/\/negociosconectividade.ao\/index.php\/wp-json\/wp\/v2\/pages\/564","targetHints":{"allow":["GET"]}}],"collection":[{"href":"https:\/\/negociosconectividade.ao\/index.php\/wp-json\/wp\/v2\/pages"}],"about":[{"href":"https:\/\/negociosconectividade.ao\/index.php\/wp-json\/wp\/v2\/types\/page"}],"author":[{"embeddable":true,"href":"https:\/\/negociosconectividade.ao\/index.php\/wp-json\/wp\/v2\/users\/2"}],"replies":[{"embeddable":true,"href":"https:\/\/negociosconectividade.ao\/index.php\/wp-json\/wp\/v2\/comments?post=564"}],"version-history":[{"count":127,"href":"https:\/\/negociosconectividade.ao\/index.php\/wp-json\/wp\/v2\/pages\/564\/revisions"}],"predecessor-version":[{"id":1846,"href":"https:\/\/negociosconectividade.ao\/index.php\/wp-json\/wp\/v2\/pages\/564\/revisions\/1846"}],"wp:attachment":[{"href":"https:\/\/negociosconectividade.ao\/index.php\/wp-json\/wp\/v2\/media?parent=564"}],"curies":[{"name":"wp","href":"https:\/\/api.w.org\/{rel}","templated":true}]}}