{"id":596,"date":"2025-05-12T13:17:04","date_gmt":"2025-05-12T13:17:04","guid":{"rendered":"https:\/\/negociosconectividade.ao\/?page_id=596"},"modified":"2025-10-20T16:00:24","modified_gmt":"2025-10-20T16:00:24","slug":"o-evento-2","status":"publish","type":"page","link":"https:\/\/negociosconectividade.ao\/index.php\/o-evento-2\/","title":{"rendered":"O EVENTO &#8211; 2"},"content":{"rendered":"\t\t<div data-elementor-type=\"wp-page\" data-elementor-id=\"596\" class=\"elementor elementor-596\">\n\t\t\t\t<div class=\"elementor-element elementor-element-3a3bbd4e e-flex e-con-boxed e-con e-parent\" data-id=\"3a3bbd4e\" data-element_type=\"container\" data-e-type=\"container\" data-settings=\"{&quot;background_background&quot;:&quot;gradient&quot;,&quot;shape_divider_bottom&quot;:&quot;waves&quot;}\">\n\t\t\t\t\t<div class=\"e-con-inner\">\n\t\t\t\t<div class=\"elementor-shape elementor-shape-bottom\" aria-hidden=\"true\" data-negative=\"false\">\n\t\t\t<svg xmlns=\"http:\/\/www.w3.org\/2000\/svg\" viewBox=\"0 0 1000 100\" preserveAspectRatio=\"none\">\n\t<path class=\"elementor-shape-fill\" d=\"M421.9,6.5c22.6-2.5,51.5,0.4,75.5,5.3c23.6,4.9,70.9,23.5,100.5,35.7c75.8,32.2,133.7,44.5,192.6,49.7\n\tc23.6,2.1,48.7,3.5,103.4-2.5c54.7-6,106.2-25.6,106.2-25.6V0H0v30.3c0,0,72,32.6,158.4,30.5c39.2-0.7,92.8-6.7,134-22.4\n\tc21.2-8.1,52.2-18.2,79.7-24.2C399.3,7.9,411.6,7.5,421.9,6.5z\"\/>\n<\/svg>\t\t<\/div>\n\t\t\t\t<div class=\"elementor-element elementor-element-54c32b68 elementor-widget elementor-widget-heading\" data-id=\"54c32b68\" data-element_type=\"widget\" data-e-type=\"widget\" data-widget_type=\"heading.default\">\n\t\t\t\t<div class=\"elementor-widget-container\">\n\t\t\t\t\t<h2 class=\"elementor-heading-title elementor-size-default\">BENGUELA 2023<\/h2>\t\t\t\t<\/div>\n\t\t\t\t<\/div>\n\t\t\t\t\t<\/div>\n\t\t\t\t<\/div>\n\t\t<div class=\"elementor-element elementor-element-82aa597 e-flex e-con-boxed e-con e-parent\" data-id=\"82aa597\" data-element_type=\"container\" data-e-type=\"container\" data-settings=\"{&quot;background_background&quot;:&quot;classic&quot;}\">\n\t\t\t\t\t<div class=\"e-con-inner\">\n\t\t<div class=\"elementor-element elementor-element-a0a70f8 e-con-full e-flex e-con e-child\" data-id=\"a0a70f8\" data-element_type=\"container\" data-e-type=\"container\">\n\t\t\t\t<div class=\"elementor-element elementor-element-753bf0a elementor-widget elementor-widget-image\" data-id=\"753bf0a\" data-element_type=\"widget\" data-e-type=\"widget\" data-widget_type=\"image.default\">\n\t\t\t\t<div class=\"elementor-widget-container\">\n\t\t\t\t\t\t\t\t\t\t\t\t\t\t\t<img fetchpriority=\"high\" decoding=\"async\" width=\"1024\" height=\"662\" src=\"https:\/\/negociosconectividade.ao\/wp-content\/uploads\/2025\/05\/CAM50497-e1747130751224-1024x662.jpg\" class=\"attachment-large size-large wp-image-812\" alt=\"\" srcset=\"https:\/\/negociosconectividade.ao\/wp-content\/uploads\/2025\/05\/CAM50497-e1747130751224-1024x662.jpg 1024w, https:\/\/negociosconectividade.ao\/wp-content\/uploads\/2025\/05\/CAM50497-e1747130751224-300x194.jpg 300w, https:\/\/negociosconectividade.ao\/wp-content\/uploads\/2025\/05\/CAM50497-e1747130751224-768x497.jpg 768w, https:\/\/negociosconectividade.ao\/wp-content\/uploads\/2025\/05\/CAM50497-e1747130751224.jpg 1200w\" sizes=\"(max-width: 1024px) 100vw, 1024px\" \/>\t\t\t\t\t\t\t\t\t\t\t\t\t\t\t<\/div>\n\t\t\t\t<\/div>\n\t\t\t\t<\/div>\n\t\t<div class=\"elementor-element elementor-element-8939b8b e-con-full e-flex e-con e-child\" data-id=\"8939b8b\" data-element_type=\"container\" data-e-type=\"container\" data-settings=\"{&quot;background_background&quot;:&quot;classic&quot;}\">\n\t\t\t\t<div class=\"elementor-element elementor-element-fa42960 elementor-widget elementor-widget-heading\" data-id=\"fa42960\" data-element_type=\"widget\" data-e-type=\"widget\" data-widget_type=\"heading.default\">\n\t\t\t\t<div class=\"elementor-widget-container\">\n\t\t\t\t\t<h2 class=\"elementor-heading-title elementor-size-default\">Prespectivas<\/h2>\t\t\t\t<\/div>\n\t\t\t\t<\/div>\n\t\t\t\t<div class=\"elementor-element elementor-element-eac0c53 elementor-widget elementor-widget-text-editor\" data-id=\"eac0c53\" data-element_type=\"widget\" data-e-type=\"widget\" data-widget_type=\"text-editor.default\">\n\t\t\t\t<div class=\"elementor-widget-container\">\n\t\t\t\t\t\t\t\t\t<p>O evento serve de \u00e2ncora para os empres\u00e1rios trocarem cart\u00f5es-de-visita, assinarem pr\u00e9-contratos e realizarem neg\u00f3cios.O Corredor do Lobito, o agro-neg\u00f3cio, ser\u00e3o as principais componentes deste f\u00f3rum, pretendendosse que a importa\u00e7\u00e3o de um determinado produto, quer de angola, quer de outro pa\u00eds presente, seja estabelecido por via desta plataforma de \u201cconectividade\u201d.<\/p><p>Por exemplo, o importador de peixe poder\u00e1 identificar um industrial Angolano do ramo, passando a realizar trocas comerciais, com vantagens reciprocas.De assinalar que, do ponto de vista local, Benguela \u00e9, neste momento, um dos maiores produtores de peixe e de sal do nosso Pa\u00eds e, no dom\u00ednio da agricultura, aquela prov\u00edncia tem capacidade de exporta\u00e7\u00e3o do seu excedente agr\u00edcola.<\/p>\t\t\t\t\t\t\t\t<\/div>\n\t\t\t\t<\/div>\n\t\t\t\t<\/div>\n\t\t\t\t\t<\/div>\n\t\t\t\t<\/div>\n\t\t<div class=\"elementor-element elementor-element-545fdeb e-flex e-con-boxed e-con e-parent\" data-id=\"545fdeb\" data-element_type=\"container\" data-e-type=\"container\" data-settings=\"{&quot;background_background&quot;:&quot;classic&quot;}\">\n\t\t\t\t\t<div class=\"e-con-inner\">\n\t\t<div class=\"elementor-element elementor-element-9c6968d e-con-full e-flex e-con e-child\" data-id=\"9c6968d\" data-element_type=\"container\" data-e-type=\"container\">\n\t\t\t\t<div class=\"elementor-element elementor-element-b93694e elementor-widget elementor-widget-image\" data-id=\"b93694e\" data-element_type=\"widget\" data-e-type=\"widget\" data-widget_type=\"image.default\">\n\t\t\t\t<div class=\"elementor-widget-container\">\n\t\t\t\t\t\t\t\t\t\t\t\t\t\t\t<img decoding=\"async\" width=\"1024\" height=\"510\" src=\"https:\/\/negociosconectividade.ao\/wp-content\/uploads\/2025\/05\/CAM50516-e1747130614920-1024x510.jpg\" class=\"attachment-large size-large wp-image-810\" alt=\"\" srcset=\"https:\/\/negociosconectividade.ao\/wp-content\/uploads\/2025\/05\/CAM50516-e1747130614920-1024x510.jpg 1024w, https:\/\/negociosconectividade.ao\/wp-content\/uploads\/2025\/05\/CAM50516-e1747130614920-300x150.jpg 300w, https:\/\/negociosconectividade.ao\/wp-content\/uploads\/2025\/05\/CAM50516-e1747130614920-768x383.jpg 768w, https:\/\/negociosconectividade.ao\/wp-content\/uploads\/2025\/05\/CAM50516-e1747130614920.jpg 1200w\" sizes=\"(max-width: 1024px) 100vw, 1024px\" \/>\t\t\t\t\t\t\t\t\t\t\t\t\t\t\t<\/div>\n\t\t\t\t<\/div>\n\t\t\t\t<\/div>\n\t\t<div class=\"elementor-element elementor-element-16eb3e6 e-con-full e-flex e-con e-child\" data-id=\"16eb3e6\" data-element_type=\"container\" data-e-type=\"container\" data-settings=\"{&quot;background_background&quot;:&quot;classic&quot;}\">\n\t\t\t\t<div class=\"elementor-element elementor-element-645f78f elementor-widget elementor-widget-text-editor\" data-id=\"645f78f\" data-element_type=\"widget\" data-e-type=\"widget\" data-widget_type=\"text-editor.default\">\n\t\t\t\t<div class=\"elementor-widget-container\">\n\t\t\t\t\t\t\t\t\t<p>No dom\u00ednio do Petr\u00f3leo e G\u00e1s, \u00e1 refinaria do Lobito, projetada para ser erguida nos pr\u00f3ximos anos, poder\u00e1 servir os pa\u00edses n\u00e3o produtores de hidrocarbonetos, aproveitando as experi\u00eancias dos Angolanos com os seus parceiros regionais.<\/p><p>Apesar de ser sub-dividido em pain\u00e9is tem\u00e1ticos, a ideia \u00e9 fazer com que se juntem, em formato quase informal, homens de neg\u00f3cios do subcontinente para falarem do mesmo tema, aproveitando o\u00a0<strong>\u201cF\u00f3rum Neg\u00f3cios &amp; Conectividade\u201d\u00a0<\/strong>(Business &amp; Networking), para identificarem outros sectores fortes, como por exemplo a economia azul, as potencialidades do turismo e as suas praias.<\/p>\t\t\t\t\t\t\t\t<\/div>\n\t\t\t\t<\/div>\n\t\t\t\t<\/div>\n\t\t\t\t\t<\/div>\n\t\t\t\t<\/div>\n\t\t<div class=\"elementor-element elementor-element-7d2d106 e-flex e-con-boxed e-con e-parent\" data-id=\"7d2d106\" data-element_type=\"container\" data-e-type=\"container\">\n\t\t\t\t\t<div class=\"e-con-inner\">\n\t\t<div class=\"elementor-element elementor-element-9a8a62a e-con-full e-grid e-con e-child\" data-id=\"9a8a62a\" data-element_type=\"container\" data-e-type=\"container\" data-settings=\"{&quot;background_background&quot;:&quot;classic&quot;}\">\n\t\t\t\t<div class=\"elementor-element elementor-element-d79b8e6 elementor-widget elementor-widget-heading\" data-id=\"d79b8e6\" data-element_type=\"widget\" data-e-type=\"widget\" data-widget_type=\"heading.default\">\n\t\t\t\t<div class=\"elementor-widget-container\">\n\t\t\t\t\t<h4 class=\"elementor-heading-title elementor-size-default\"><span style=\"color: Maroon\">LOCAL: <\/span>\n <\/h4>\t\t\t\t<\/div>\n\t\t\t\t<\/div>\n\t\t\t\t<\/div>\n\t\t<div class=\"elementor-element elementor-element-c42c491 e-con-full e-flex e-con e-child\" data-id=\"c42c491\" data-element_type=\"container\" data-e-type=\"container\">\n\t\t<div class=\"elementor-element elementor-element-cead6db e-con-full e-grid e-con e-child\" data-id=\"cead6db\" data-element_type=\"container\" data-e-type=\"container\" data-settings=\"{&quot;background_background&quot;:&quot;classic&quot;}\">\n\t\t\t\t<div class=\"elementor-element elementor-element-7762daf elementor-widget elementor-widget-heading\" data-id=\"7762daf\" data-element_type=\"widget\" data-e-type=\"widget\" data-widget_type=\"heading.default\">\n\t\t\t\t<div class=\"elementor-widget-container\">\n\t\t\t\t\t<h2 class=\"elementor-heading-title elementor-size-default\">1\u00ba DIA<\/h2>\t\t\t\t<\/div>\n\t\t\t\t<\/div>\n\t\t\t\t<\/div>\n\t\t\t\t<\/div>\n\t\t\t\t<div class=\"elementor-element elementor-element-b153861 elementor-widget elementor-widget-heading\" data-id=\"b153861\" data-element_type=\"widget\" data-e-type=\"widget\" data-widget_type=\"heading.default\">\n\t\t\t\t<div class=\"elementor-widget-container\">\n\t\t\t\t\t<h4 class=\"elementor-heading-title elementor-size-default\"><span style=\"color: Maroon\">MESTRE CERIM\u00d3NIA: <\/span>\nELSA MARCELINO<\/h4>\t\t\t\t<\/div>\n\t\t\t\t<\/div>\n\t\t<div class=\"elementor-element elementor-element-cb966e1 e-con-full e-flex e-con e-child\" data-id=\"cb966e1\" data-element_type=\"container\" data-e-type=\"container\" data-settings=\"{&quot;background_background&quot;:&quot;classic&quot;}\">\n\t\t\t\t<div class=\"elementor-element elementor-element-4eaab26 elementor-widget elementor-widget-text-editor\" data-id=\"4eaab26\" data-element_type=\"widget\" data-e-type=\"widget\" data-widget_type=\"text-editor.default\">\n\t\t\t\t<div class=\"elementor-widget-container\">\n\t\t\t\t\t\t\t\t\t<p>08h00 &#8211; <strong>Chegada dos Participantes<\/strong><\/p>\t\t\t\t\t\t\t\t<\/div>\n\t\t\t\t<\/div>\n\t\t\t\t<\/div>\n\t\t<div class=\"elementor-element elementor-element-69d2c1d e-con-full e-flex e-con e-child\" data-id=\"69d2c1d\" data-element_type=\"container\" data-e-type=\"container\" data-settings=\"{&quot;background_background&quot;:&quot;classic&quot;}\">\n\t\t\t\t<div class=\"elementor-element elementor-element-d318c5e elementor-widget elementor-widget-text-editor\" data-id=\"d318c5e\" data-element_type=\"widget\" data-e-type=\"widget\" data-widget_type=\"text-editor.default\">\n\t\t\t\t<div class=\"elementor-widget-container\">\n\t\t\t\t\t\t\t\t\t<p class=\"paragraph-3\">&#8211; PASSEIO TUR\u00cdSTICO<\/p><p>\u200d<strong>1\u00ba Painel<br \/>Corredor Do Lobito, Motor Do Desenvolvimento- Vantagens e explora\u00e7\u00e3o comercial<br \/>\u200d<\/strong>Entidade P\u00fablica\/Cons\u00f3rcio<\/p><p>\u200d<strong>Conversas &amp; Neg\u00f3cios A<br \/>Ind\u00fastria Pesqueira E Potencialidades<br \/>&#8211; Produ\u00e7\u00e3o de sal, mariscos, peixe e derivados<br \/>\u200d<\/strong>Ad\u00e9rito Areias<br \/>\u200d<br \/>\u200d<strong>&#8211; Explora\u00e7\u00e3o de produtos do Vale do Cavaco<\/strong><br \/>Entidade Gestora<\/p><p>\u200d<strong>&#8211; Transforma\u00e7\u00e3o, exporta\u00e7\u00e3o e casos de sucesso<br \/>\u200d<\/strong>SFT &#8211; ANGOLA, Ant\u00f3nio Gama J\u00fanior<\/p><p>\u200d<strong>Atra\u00e7\u00e3o De Investimentos- Incentivos e oportunidades para os investidores<br \/>\u200d<\/strong>AIPEX &#8211; Administradora Executiva Neide Santos<\/p><p>\u200d<\/p>\t\t\t\t\t\t\t\t<\/div>\n\t\t\t\t<\/div>\n\t\t\t\t<\/div>\n\t\t<div class=\"elementor-element elementor-element-26c4233 e-con-full e-flex e-con e-child\" data-id=\"26c4233\" data-element_type=\"container\" data-e-type=\"container\" data-settings=\"{&quot;background_background&quot;:&quot;classic&quot;}\">\n\t\t\t\t<div class=\"elementor-element elementor-element-ea2f8a3 elementor-widget elementor-widget-text-editor\" data-id=\"ea2f8a3\" data-element_type=\"widget\" data-e-type=\"widget\" data-widget_type=\"text-editor.default\">\n\t\t\t\t<div class=\"elementor-widget-container\">\n\t\t\t\t\t\t\t\t\t<p><strong>Conversas &amp; Neg\u00f3cios B<br \/>Refinaria Do Lobito<br \/>&#8211; Investidores\/projecto de distribui\u00e7\u00e3o regional e desafios.<br \/>\u200d<\/strong>Ag\u00eancia Nacional de Petr\u00f3leo e G\u00e1s (ANPG)<\/p>\t\t\t\t\t\t\t\t<\/div>\n\t\t\t\t<\/div>\n\t\t\t\t<\/div>\n\t\t<div class=\"elementor-element elementor-element-f19a807 e-con-full e-flex e-con e-child\" data-id=\"f19a807\" data-element_type=\"container\" data-e-type=\"container\" data-settings=\"{&quot;background_background&quot;:&quot;classic&quot;}\">\n\t\t\t\t<div class=\"elementor-element elementor-element-2c8be66 elementor-widget elementor-widget-text-editor\" data-id=\"2c8be66\" data-element_type=\"widget\" data-e-type=\"widget\" data-widget_type=\"text-editor.default\">\n\t\t\t\t<div class=\"elementor-widget-container\">\n\t\t\t\t\t\t\t\t\t<p><strong>Economia Azul E Turismo- Oportunidades e neg\u00f3cios, boas pr\u00e1ticas<br \/>\u200d<\/strong>Exxon Mobil Armando Afonso<\/p>\t\t\t\t\t\t\t\t<\/div>\n\t\t\t\t<\/div>\n\t\t\t\t<\/div>\n\t\t<div class=\"elementor-element elementor-element-68a3ff6 e-con-full e-flex e-con e-child\" data-id=\"68a3ff6\" data-element_type=\"container\" data-e-type=\"container\" data-settings=\"{&quot;background_background&quot;:&quot;classic&quot;}\">\n\t\t\t\t<div class=\"elementor-element elementor-element-4a42101 elementor-widget elementor-widget-text-editor\" data-id=\"4a42101\" data-element_type=\"widget\" data-e-type=\"widget\" data-widget_type=\"text-editor.default\">\n\t\t\t\t<div class=\"elementor-widget-container\">\n\t\t\t\t\t\t\t\t\t<p><strong>&#8211; Crescimento da ind\u00fastria do turismo<br \/>\u200d<\/strong>Projecto Ba\u00eda dos Elefantes<\/p>\t\t\t\t\t\t\t\t<\/div>\n\t\t\t\t<\/div>\n\t\t\t\t<\/div>\n\t\t<div class=\"elementor-element elementor-element-e7d7e58 e-con-full e-flex e-con e-child\" data-id=\"e7d7e58\" data-element_type=\"container\" data-e-type=\"container\" data-settings=\"{&quot;background_background&quot;:&quot;classic&quot;}\">\n\t\t\t\t<div class=\"elementor-element elementor-element-b05db63 elementor-widget elementor-widget-text-editor\" data-id=\"b05db63\" data-element_type=\"widget\" data-e-type=\"widget\" data-widget_type=\"text-editor.default\">\n\t\t\t\t<div class=\"elementor-widget-container\">\n\t\t\t\t\t\t\t\t\t<p><strong>&#8211; Liga\u00e7\u00f5es a\u00e9reas e terrestres, como redinamizar<br \/>\u200d<\/strong>Fly-Angola \/ Taag \/ Rosalina Express<\/p>\t\t\t\t\t\t\t\t<\/div>\n\t\t\t\t<\/div>\n\t\t\t\t<\/div>\n\t\t<div class=\"elementor-element elementor-element-626c566 e-con-full e-flex e-con e-child\" data-id=\"626c566\" data-element_type=\"container\" data-e-type=\"container\" data-settings=\"{&quot;background_background&quot;:&quot;classic&quot;}\">\n\t\t\t\t<div class=\"elementor-element elementor-element-aa7e6cf elementor-widget elementor-widget-text-editor\" data-id=\"aa7e6cf\" data-element_type=\"widget\" data-e-type=\"widget\" data-widget_type=\"text-editor.default\">\n\t\t\t\t<div class=\"elementor-widget-container\">\n\t\t\t\t\t\t\t\t\t<p>\u200d<strong>Conversas &amp; Neg\u00f3cios C\u00a0<br \/>\u200d<\/strong>&#8211; Desafios do transporte mar\u00edtimo<br \/>&#8211; Cargas e descargas.\u00a0<br \/>&#8211; Mar, a industria pesqueira\u00a0<br \/>&#8211; Turismo, a transversalidade e o desenvolvimento do sector\u00a0<br \/>&#8211; Liga\u00e7\u00f5es a\u00e9reas e terrestres, como redinamizar\u00a0<\/p><p>\u200d<strong>Conversas &amp; Neg\u00f3cios D\u00a0<br \/>\u200d<\/strong>&#8211; A ind\u00fastria das bebidas<br \/>\u2013 Desafios e oportunidades<\/p><p><strong>2\u00ba PAINEL &#8211; BANCA, SEGUROS E TELECOMUNICA\u00c7\u00d5ES\u00a0<br \/>\u200d<\/strong>&#8211; Funcionalidades e oportunidades, no \u00e2mbito do com\u00e9rcio intra-africano\u00a0\u00a0<\/p><p>\u200d<strong>2\u00ba DIA\u00a0<\/strong>&#8211; PASSEIO TUR\u00cdSTICO<\/p>\t\t\t\t\t\t\t\t<\/div>\n\t\t\t\t<\/div>\n\t\t\t\t<\/div>\n\t\t\t\t\t<\/div>\n\t\t\t\t<\/div>\n\t\t<div class=\"elementor-element elementor-element-580bf094 e-flex e-con-boxed e-con e-parent\" data-id=\"580bf094\" data-element_type=\"container\" data-e-type=\"container\" data-settings=\"{&quot;background_background&quot;:&quot;classic&quot;}\">\n\t\t\t\t\t<div class=\"e-con-inner\">\n\t\t<div class=\"elementor-element elementor-element-7eb6ec65 e-con-full e-flex e-con e-child\" data-id=\"7eb6ec65\" data-element_type=\"container\" data-e-type=\"container\" data-settings=\"{&quot;background_background&quot;:&quot;gradient&quot;}\">\n\t\t\t\t<div class=\"elementor-element elementor-element-597fb554 elementor-widget elementor-widget-heading\" data-id=\"597fb554\" data-element_type=\"widget\" data-e-type=\"widget\" data-widget_type=\"heading.default\">\n\t\t\t\t<div class=\"elementor-widget-container\">\n\t\t\t\t\t<h2 class=\"elementor-heading-title elementor-size-default\">Torne-se um patrocinador<\/h2>\t\t\t\t<\/div>\n\t\t\t\t<\/div>\n\t\t\t\t<div class=\"elementor-element elementor-element-2f3d09fc elementor-widget elementor-widget-text-editor\" data-id=\"2f3d09fc\" data-element_type=\"widget\" data-e-type=\"widget\" data-widget_type=\"text-editor.default\">\n\t\t\t\t<div class=\"elementor-widget-container\">\n\t\t\t\t\t\t\t\t\t<p>Os patrocinadores deste projecto, beneficiam de espa\u00e7os publicit\u00e1rios entre as classes, no quadro abaixo indicado. Os espa\u00e7os ser\u00e3o cedidos em conformidade com os valores que forem patrocinados.<\/p>\t\t\t\t\t\t\t\t<\/div>\n\t\t\t\t<\/div>\n\t\t\t\t<div class=\"elementor-element elementor-element-239c9a4 elementor-widget elementor-widget-button\" data-id=\"239c9a4\" data-element_type=\"widget\" data-e-type=\"widget\" data-widget_type=\"button.default\">\n\t\t\t\t<div class=\"elementor-widget-container\">\n\t\t\t\t\t\t\t\t\t<div class=\"elementor-button-wrapper\">\n\t\t\t\t\t<a class=\"elementor-button elementor-button-link elementor-size-sm\" href=\"https:\/\/negociosconectividade.ao\/index.php\/elementor-pagina-851\/\">\n\t\t\t\t\t\t<span class=\"elementor-button-content-wrapper\">\n\t\t\t\t\t\t\t\t\t<span class=\"elementor-button-text\">SABER MAIS<\/span>\n\t\t\t\t\t<\/span>\n\t\t\t\t\t<\/a>\n\t\t\t\t<\/div>\n\t\t\t\t\t\t\t\t<\/div>\n\t\t\t\t<\/div>\n\t\t\t\t<\/div>\n\t\t\t\t\t<\/div>\n\t\t\t\t<\/div>\n\t\t\t\t<\/div>\n\t\t","protected":false},"excerpt":{"rendered":"<p>BENGUELA 2023 Prespectivas O evento serve de \u00e2ncora para os empres\u00e1rios trocarem cart\u00f5es-de-visita, assinarem pr\u00e9-contratos e realizarem neg\u00f3cios.O Corredor do Lobito, o agro-neg\u00f3cio, ser\u00e3o as principais componentes deste f\u00f3rum, pretendendosse que a importa\u00e7\u00e3o de um determinado produto, quer de angola, quer de outro pa\u00eds presente, seja estabelecido por via desta plataforma de \u201cconectividade\u201d. Por exemplo, [&hellip;]<\/p>\n","protected":false},"author":2,"featured_media":0,"parent":0,"menu_order":0,"comment_status":"closed","ping_status":"closed","template":"","meta":{"footnotes":""},"class_list":["post-596","page","type-page","status-publish","hentry"],"blocksy_meta":[],"_links":{"self":[{"href":"https:\/\/negociosconectividade.ao\/index.php\/wp-json\/wp\/v2\/pages\/596","targetHints":{"allow":["GET"]}}],"collection":[{"href":"https:\/\/negociosconectividade.ao\/index.php\/wp-json\/wp\/v2\/pages"}],"about":[{"href":"https:\/\/negociosconectividade.ao\/index.php\/wp-json\/wp\/v2\/types\/page"}],"author":[{"embeddable":true,"href":"https:\/\/negociosconectividade.ao\/index.php\/wp-json\/wp\/v2\/users\/2"}],"replies":[{"embeddable":true,"href":"https:\/\/negociosconectividade.ao\/index.php\/wp-json\/wp\/v2\/comments?post=596"}],"version-history":[{"count":25,"href":"https:\/\/negociosconectividade.ao\/index.php\/wp-json\/wp\/v2\/pages\/596\/revisions"}],"predecessor-version":[{"id":1869,"href":"https:\/\/negociosconectividade.ao\/index.php\/wp-json\/wp\/v2\/pages\/596\/revisions\/1869"}],"wp:attachment":[{"href":"https:\/\/negociosconectividade.ao\/index.php\/wp-json\/wp\/v2\/media?parent=596"}],"curies":[{"name":"wp","href":"https:\/\/api.w.org\/{rel}","templated":true}]}}