{"id":618,"date":"2025-05-12T14:02:44","date_gmt":"2025-05-12T14:02:44","guid":{"rendered":"https:\/\/negociosconectividade.ao\/?page_id=618"},"modified":"2025-05-14T19:35:26","modified_gmt":"2025-05-14T19:35:26","slug":"o-evento-3","status":"publish","type":"page","link":"https:\/\/negociosconectividade.ao\/index.php\/o-evento-3\/","title":{"rendered":"O EVENTO &#8211; 3"},"content":{"rendered":"\t\t<div data-elementor-type=\"wp-page\" data-elementor-id=\"618\" class=\"elementor elementor-618\">\n\t\t\t\t<div class=\"elementor-element elementor-element-1543ccb9 e-flex e-con-boxed e-con e-parent\" data-id=\"1543ccb9\" data-element_type=\"container\" data-e-type=\"container\" data-settings=\"{&quot;background_background&quot;:&quot;gradient&quot;,&quot;shape_divider_bottom&quot;:&quot;waves&quot;}\">\n\t\t\t\t\t<div class=\"e-con-inner\">\n\t\t\t\t<div class=\"elementor-shape elementor-shape-bottom\" aria-hidden=\"true\" data-negative=\"false\">\n\t\t\t<svg xmlns=\"http:\/\/www.w3.org\/2000\/svg\" viewBox=\"0 0 1000 100\" preserveAspectRatio=\"none\">\n\t<path class=\"elementor-shape-fill\" d=\"M421.9,6.5c22.6-2.5,51.5,0.4,75.5,5.3c23.6,4.9,70.9,23.5,100.5,35.7c75.8,32.2,133.7,44.5,192.6,49.7\n\tc23.6,2.1,48.7,3.5,103.4-2.5c54.7-6,106.2-25.6,106.2-25.6V0H0v30.3c0,0,72,32.6,158.4,30.5c39.2-0.7,92.8-6.7,134-22.4\n\tc21.2-8.1,52.2-18.2,79.7-24.2C399.3,7.9,411.6,7.5,421.9,6.5z\"\/>\n<\/svg>\t\t<\/div>\n\t\t\t\t<div class=\"elementor-element elementor-element-1dc7c698 elementor-widget elementor-widget-heading\" data-id=\"1dc7c698\" data-element_type=\"widget\" data-e-type=\"widget\" data-widget_type=\"heading.default\">\n\t\t\t\t<div class=\"elementor-widget-container\">\n\t\t\t\t\t<h2 class=\"elementor-heading-title elementor-size-default\">HUAMBO<\/h2>\t\t\t\t<\/div>\n\t\t\t\t<\/div>\n\t\t\t\t\t<\/div>\n\t\t\t\t<\/div>\n\t\t<div class=\"elementor-element elementor-element-392eb8b e-flex e-con-boxed e-con e-parent\" data-id=\"392eb8b\" data-element_type=\"container\" data-e-type=\"container\" data-settings=\"{&quot;background_background&quot;:&quot;classic&quot;}\">\n\t\t\t\t\t<div class=\"e-con-inner\">\n\t\t<div class=\"elementor-element elementor-element-99b0059 e-con-full e-flex e-con e-child\" data-id=\"99b0059\" data-element_type=\"container\" data-e-type=\"container\">\n\t\t\t\t<div class=\"elementor-element elementor-element-00537f4 elementor-widget elementor-widget-image\" data-id=\"00537f4\" data-element_type=\"widget\" data-e-type=\"widget\" data-widget_type=\"image.default\">\n\t\t\t\t<div class=\"elementor-widget-container\">\n\t\t\t\t\t\t\t\t\t\t\t\t\t\t\t<img fetchpriority=\"high\" decoding=\"async\" width=\"1024\" height=\"469\" src=\"https:\/\/negociosconectividade.ao\/wp-content\/uploads\/2025\/05\/DM_Forum_Negocios__Conectividade_Huambo_2024-91-1-e1747131670443-1024x469.jpg\" class=\"attachment-large size-large wp-image-829\" alt=\"\" srcset=\"https:\/\/negociosconectividade.ao\/wp-content\/uploads\/2025\/05\/DM_Forum_Negocios__Conectividade_Huambo_2024-91-1-e1747131670443-1024x469.jpg 1024w, https:\/\/negociosconectividade.ao\/wp-content\/uploads\/2025\/05\/DM_Forum_Negocios__Conectividade_Huambo_2024-91-1-e1747131670443-300x137.jpg 300w, https:\/\/negociosconectividade.ao\/wp-content\/uploads\/2025\/05\/DM_Forum_Negocios__Conectividade_Huambo_2024-91-1-e1747131670443-768x352.jpg 768w, https:\/\/negociosconectividade.ao\/wp-content\/uploads\/2025\/05\/DM_Forum_Negocios__Conectividade_Huambo_2024-91-1-e1747131670443.jpg 1419w\" sizes=\"(max-width: 1024px) 100vw, 1024px\" \/>\t\t\t\t\t\t\t\t\t\t\t\t\t\t\t<\/div>\n\t\t\t\t<\/div>\n\t\t\t\t<\/div>\n\t\t<div class=\"elementor-element elementor-element-af63666 e-con-full e-flex e-con e-child\" data-id=\"af63666\" data-element_type=\"container\" data-e-type=\"container\" data-settings=\"{&quot;background_background&quot;:&quot;classic&quot;}\">\n\t\t\t\t<div class=\"elementor-element elementor-element-488887c elementor-widget elementor-widget-heading\" data-id=\"488887c\" data-element_type=\"widget\" data-e-type=\"widget\" data-widget_type=\"heading.default\">\n\t\t\t\t<div class=\"elementor-widget-container\">\n\t\t\t\t\t<h2 class=\"elementor-heading-title elementor-size-default\">Prespectivas<\/h2>\t\t\t\t<\/div>\n\t\t\t\t<\/div>\n\t\t\t\t<div class=\"elementor-element elementor-element-83cc8ac elementor-widget elementor-widget-text-editor\" data-id=\"83cc8ac\" data-element_type=\"widget\" data-e-type=\"widget\" data-widget_type=\"text-editor.default\">\n\t\t\t\t<div class=\"elementor-widget-container\">\n\t\t\t\t\t\t\t\t\t<p>Este evento, serve de \u00e2ncora para os empres\u00e1rios trocarem cart\u00f5es-de-visita, assinarem pr\u00e9-contratos e realizarem neg\u00f3cios.<strong>\u201cAgricultura, a Base da Sustentabilidade Alimentar\u201d<\/strong>, ser\u00e1 a principal componente deste f\u00f3rum, onde pretendemos demonstrar a capacidade produtiva de angola e dos angolanos, diante dos desafios que os mercados africanos e obviamente os internacionais apresentam.<\/p><p>Neste particular, de acordo com os dados do Minist\u00e9rio da Economia e Planeamento, da qual reportamos abaixo, a prov\u00edncia do Huambo a par das demais, s\u00e3o neste momento, os maiores polos de produ\u00e7\u00e3o agr\u00edcola, com capacidade para exportar o seu excedente.<\/p>\t\t\t\t\t\t\t\t<\/div>\n\t\t\t\t<\/div>\n\t\t\t\t<\/div>\n\t\t<div class=\"elementor-element elementor-element-57e9708 e-con-full e-flex e-con e-child\" data-id=\"57e9708\" data-element_type=\"container\" data-e-type=\"container\" data-settings=\"{&quot;background_background&quot;:&quot;classic&quot;}\">\n\t\t<div class=\"elementor-element elementor-element-f3cb035 e-con-full e-flex e-con e-child\" data-id=\"f3cb035\" data-element_type=\"container\" data-e-type=\"container\">\n\t\t\t\t<div class=\"elementor-element elementor-element-18abff7 elementor-widget elementor-widget-image\" data-id=\"18abff7\" data-element_type=\"widget\" data-e-type=\"widget\" data-widget_type=\"image.default\">\n\t\t\t\t<div class=\"elementor-widget-container\">\n\t\t\t\t\t\t\t\t\t\t\t\t\t\t\t<img decoding=\"async\" width=\"1024\" height=\"524\" src=\"https:\/\/negociosconectividade.ao\/wp-content\/uploads\/2025\/05\/DM_Forum_Negocios__Conectividade_Huambo_2024-256-e1747131874410-1024x524.jpg\" class=\"attachment-large size-large wp-image-831\" alt=\"\" srcset=\"https:\/\/negociosconectividade.ao\/wp-content\/uploads\/2025\/05\/DM_Forum_Negocios__Conectividade_Huambo_2024-256-e1747131874410-1024x524.jpg 1024w, https:\/\/negociosconectividade.ao\/wp-content\/uploads\/2025\/05\/DM_Forum_Negocios__Conectividade_Huambo_2024-256-e1747131874410-300x153.jpg 300w, https:\/\/negociosconectividade.ao\/wp-content\/uploads\/2025\/05\/DM_Forum_Negocios__Conectividade_Huambo_2024-256-e1747131874410-768x393.jpg 768w, https:\/\/negociosconectividade.ao\/wp-content\/uploads\/2025\/05\/DM_Forum_Negocios__Conectividade_Huambo_2024-256-e1747131874410-1536x786.jpg 1536w, https:\/\/negociosconectividade.ao\/wp-content\/uploads\/2025\/05\/DM_Forum_Negocios__Conectividade_Huambo_2024-256-e1747131874410.jpg 2000w\" sizes=\"(max-width: 1024px) 100vw, 1024px\" \/>\t\t\t\t\t\t\t\t\t\t\t\t\t\t\t<\/div>\n\t\t\t\t<\/div>\n\t\t\t\t<\/div>\n\t\t<div class=\"elementor-element elementor-element-71a8fb3 e-con-full e-flex e-con e-child\" data-id=\"71a8fb3\" data-element_type=\"container\" data-e-type=\"container\" data-settings=\"{&quot;background_background&quot;:&quot;classic&quot;}\">\n\t\t\t\t<div class=\"elementor-element elementor-element-606d573 elementor-widget elementor-widget-text-editor\" data-id=\"606d573\" data-element_type=\"widget\" data-e-type=\"widget\" data-widget_type=\"text-editor.default\">\n\t\t\t\t<div class=\"elementor-widget-container\">\n\t\t\t\t\t\t\t\t\t<p>Por via desta plataforma de \u201cconectividade\u201d, podemos potenciar os seus activos e transforma-los em neg\u00f3cios.<\/p><p>Apesar de serem sub-divididos em pain\u00e9is tem\u00e1ticos, a ideia \u00e9 fazer com que se juntem, em formato quase informal, homens de neg\u00f3cios, para falarem do mesmo tema, aproveitando o\u00a0<strong>\u201cF\u00f3rum Neg\u00f3cios &amp; Conectividade\u201d<\/strong>\u00a0<strong>(Business &amp; Connectivity),\u00a0<\/strong>identificarem outros sectores fortes, como por exemplo, as potencialidades do turismo interno.<\/p>\t\t\t\t\t\t\t\t<\/div>\n\t\t\t\t<\/div>\n\t\t\t\t<\/div>\n\t\t\t\t<\/div>\n\t\t\t\t\t<\/div>\n\t\t\t\t<\/div>\n\t\t<div class=\"elementor-element elementor-element-74588b3d e-con-full e-flex e-con e-parent\" data-id=\"74588b3d\" data-element_type=\"container\" data-e-type=\"container\">\n\t\t<div class=\"elementor-element elementor-element-2fa92302 e-con-full e-flex e-con e-child\" data-id=\"2fa92302\" data-element_type=\"container\" data-e-type=\"container\" data-settings=\"{&quot;background_background&quot;:&quot;classic&quot;}\">\n\t\t\t\t<div class=\"elementor-element elementor-element-3ceb92d1 elementor-widget elementor-widget-heading\" data-id=\"3ceb92d1\" data-element_type=\"widget\" data-e-type=\"widget\" data-widget_type=\"heading.default\">\n\t\t\t\t<div class=\"elementor-widget-container\">\n\t\t\t\t\t<h2 class=\"elementor-heading-title elementor-size-default\">PROGRAMA<\/h2>\t\t\t\t<\/div>\n\t\t\t\t<\/div>\n\t\t\t\t<\/div>\n\t\t<div class=\"elementor-element elementor-element-1da840f1 e-con-full e-flex e-con e-child\" data-id=\"1da840f1\" data-element_type=\"container\" data-e-type=\"container\" data-settings=\"{&quot;background_background&quot;:&quot;classic&quot;}\">\n\t\t\t\t<div class=\"elementor-element elementor-element-75353fa9 elementor-widget elementor-widget-text-editor\" data-id=\"75353fa9\" data-element_type=\"widget\" data-e-type=\"widget\" data-widget_type=\"text-editor.default\">\n\t\t\t\t<div class=\"elementor-widget-container\">\n\t\t\t\t\t\t\t\t\t<h2 class=\"text-block-31\"><strong style=\"font-size: 16px;\">1\u00ba DIA\u00a0<\/strong><\/h2><div class=\"w-layout-grid grid-20\"><p class=\"paragraph-3\"><strong>Plen\u00e1ria De Abertura<br \/>\u200d<\/strong>&#8211; Cr\u00e9dito \u00e0 Produ\u00e7\u00e3o e acesso aos Fundos de Financiamento (Apresenta\u00e7\u00e3o de institui\u00e7\u00f5es banc\u00e1rias e Fundos diversos)<br \/>&#8211; Os Seguros e as vantagens para a ind\u00fastria transformadora da produ\u00e7\u00e3o alimentar. (Apresenta\u00e7\u00e3o de Seguradoras)<br \/>&#8211; Palestra Motivacional sobre \u201cComunica\u00e7\u00e3o e Vendas\u201d<\/p><p>\u200d<strong>Conversas &amp; Neg\u00f3cios 1<br \/>\u200d<\/strong>&#8211;\u00a0<strong>Agricultura<br \/>&#8211;\u00a0<\/strong>Produ\u00e7\u00e3o e Distribui\u00e7\u00e3o de alimentos (o que se produz, como se produz e a procura de parcerias)<\/p><p>\u200d<strong>Conversas &amp; Neg\u00f3cios 2<br \/>&#8211; O Agro-Neg\u00f3cio<br \/>\u200d<\/strong>Cadeias de Valor dos produtos produzidos em Angola (Frutas, Tub\u00e9rculos, Cereais, Plantas Medicinais\u2026)<\/p><\/div>\t\t\t\t\t\t\t\t<\/div>\n\t\t\t\t<\/div>\n\t\t\t\t<\/div>\n\t\t<div class=\"elementor-element elementor-element-6473a857 e-con-full e-flex e-con e-child\" data-id=\"6473a857\" data-element_type=\"container\" data-e-type=\"container\" data-settings=\"{&quot;background_background&quot;:&quot;classic&quot;}\">\n\t\t\t\t<div class=\"elementor-element elementor-element-240d24da elementor-widget elementor-widget-text-editor\" data-id=\"240d24da\" data-element_type=\"widget\" data-e-type=\"widget\" data-widget_type=\"text-editor.default\">\n\t\t\t\t<div class=\"elementor-widget-container\">\n\t\t\t\t\t\t\t\t\t<p>\u200d<strong>Conversas &amp; Neg\u00f3cios 3<br \/>&#8211; Industrializa\u00e7\u00e3o Da Produ\u00e7\u00e3o Agr\u00edcola<br \/>\u200d<\/strong>As oportunidades para o aproveitamento e transforma\u00e7\u00e3o da produ\u00e7\u00e3o agr\u00edcola<\/p><p>\u200d<strong>Conversas &amp; Neg\u00f3cios 4<br \/>&#8211; Produ\u00e7\u00e3o De Sementes, Fertilizantes E Ra\u00e7\u00e3o Animal<br \/>\u200d<\/strong>Cria\u00e7\u00e3o animal, ra\u00e7\u00e3o e derivados. O que existe, as necessi- des do mercado e o quadro regulat\u00f3rio<\/p><p>\u200d<strong>Conversas &amp; Neg\u00f3cios 5<br \/>&#8211; O Neg\u00f3cio Da Explo-Ra\u00e7\u00e3o Mineira Em Angola: Que Oportunidades?<br \/>\u200d<\/strong>O que existe e as oportunidades de neg\u00f3cios em regi\u00f5es como o Huambo, Kuanza-Sul, Malanje e Bi\u00e9.<\/p><p>\u200d<strong>Conversas em plen\u00e1ria 2<br \/>\u200d<\/strong>&#8211; Reservado aos patrocinadores<\/p><p>\u200d<strong>2\u00ba DIA\u00a0<\/strong>&#8211; PASSEIO TUR\u00cdSTICO<\/p>\t\t\t\t\t\t\t\t<\/div>\n\t\t\t\t<\/div>\n\t\t\t\t<\/div>\n\t\t\t\t<\/div>\n\t\t<div class=\"elementor-element elementor-element-64f34077 e-flex e-con-boxed e-con e-parent\" data-id=\"64f34077\" data-element_type=\"container\" data-e-type=\"container\" data-settings=\"{&quot;background_background&quot;:&quot;classic&quot;}\">\n\t\t\t\t\t<div class=\"e-con-inner\">\n\t\t<div class=\"elementor-element elementor-element-13c8b66b e-con-full e-flex e-con e-child\" data-id=\"13c8b66b\" data-element_type=\"container\" data-e-type=\"container\" data-settings=\"{&quot;background_background&quot;:&quot;gradient&quot;}\">\n\t\t\t\t<div class=\"elementor-element elementor-element-6ea8250f elementor-widget elementor-widget-heading\" data-id=\"6ea8250f\" data-element_type=\"widget\" data-e-type=\"widget\" data-widget_type=\"heading.default\">\n\t\t\t\t<div class=\"elementor-widget-container\">\n\t\t\t\t\t<h2 class=\"elementor-heading-title elementor-size-default\">Torne-se um patrocinador<\/h2>\t\t\t\t<\/div>\n\t\t\t\t<\/div>\n\t\t\t\t<div class=\"elementor-element elementor-element-4d74cf4e elementor-widget elementor-widget-text-editor\" data-id=\"4d74cf4e\" data-element_type=\"widget\" data-e-type=\"widget\" data-widget_type=\"text-editor.default\">\n\t\t\t\t<div class=\"elementor-widget-container\">\n\t\t\t\t\t\t\t\t\t<p>Os patrocinadores deste projecto, beneficiam de espa\u00e7os publicit\u00e1rios entre as classes, no quadro abaixo indicado. Os espa\u00e7os ser\u00e3o cedidos em conformidade com os valores que forem patrocinados.<\/p>\t\t\t\t\t\t\t\t<\/div>\n\t\t\t\t<\/div>\n\t\t\t\t<div class=\"elementor-element elementor-element-401ccbdc elementor-widget elementor-widget-button\" data-id=\"401ccbdc\" data-element_type=\"widget\" data-e-type=\"widget\" data-widget_type=\"button.default\">\n\t\t\t\t<div class=\"elementor-widget-container\">\n\t\t\t\t\t\t\t\t\t<div class=\"elementor-button-wrapper\">\n\t\t\t\t\t<a class=\"elementor-button elementor-button-link elementor-size-sm\" href=\"https:\/\/negociosconectividade.ao\/index.php\/elementor-pagina-851\/\">\n\t\t\t\t\t\t<span class=\"elementor-button-content-wrapper\">\n\t\t\t\t\t\t\t\t\t<span class=\"elementor-button-text\">SABER MAIS<\/span>\n\t\t\t\t\t<\/span>\n\t\t\t\t\t<\/a>\n\t\t\t\t<\/div>\n\t\t\t\t\t\t\t\t<\/div>\n\t\t\t\t<\/div>\n\t\t\t\t<\/div>\n\t\t\t\t\t<\/div>\n\t\t\t\t<\/div>\n\t\t\t\t<\/div>\n\t\t","protected":false},"excerpt":{"rendered":"<p>HUAMBO Prespectivas Este evento, serve de \u00e2ncora para os empres\u00e1rios trocarem cart\u00f5es-de-visita, assinarem pr\u00e9-contratos e realizarem neg\u00f3cios.\u201cAgricultura, a Base da Sustentabilidade Alimentar\u201d, ser\u00e1 a principal componente deste f\u00f3rum, onde pretendemos demonstrar a capacidade produtiva de angola e dos angolanos, diante dos desafios que os mercados africanos e obviamente os internacionais apresentam. Neste particular, de acordo [&hellip;]<\/p>\n","protected":false},"author":2,"featured_media":0,"parent":0,"menu_order":0,"comment_status":"closed","ping_status":"closed","template":"","meta":{"footnotes":""},"class_list":["post-618","page","type-page","status-publish","hentry"],"blocksy_meta":[],"_links":{"self":[{"href":"https:\/\/negociosconectividade.ao\/index.php\/wp-json\/wp\/v2\/pages\/618","targetHints":{"allow":["GET"]}}],"collection":[{"href":"https:\/\/negociosconectividade.ao\/index.php\/wp-json\/wp\/v2\/pages"}],"about":[{"href":"https:\/\/negociosconectividade.ao\/index.php\/wp-json\/wp\/v2\/types\/page"}],"author":[{"embeddable":true,"href":"https:\/\/negociosconectividade.ao\/index.php\/wp-json\/wp\/v2\/users\/2"}],"replies":[{"embeddable":true,"href":"https:\/\/negociosconectividade.ao\/index.php\/wp-json\/wp\/v2\/comments?post=618"}],"version-history":[{"count":22,"href":"https:\/\/negociosconectividade.ao\/index.php\/wp-json\/wp\/v2\/pages\/618\/revisions"}],"predecessor-version":[{"id":1068,"href":"https:\/\/negociosconectividade.ao\/index.php\/wp-json\/wp\/v2\/pages\/618\/revisions\/1068"}],"wp:attachment":[{"href":"https:\/\/negociosconectividade.ao\/index.php\/wp-json\/wp\/v2\/media?parent=618"}],"curies":[{"name":"wp","href":"https:\/\/api.w.org\/{rel}","templated":true}]}}