{"id":62,"date":"2025-05-07T21:30:45","date_gmt":"2025-05-07T21:30:45","guid":{"rendered":"https:\/\/negociosconectividade.ao\/?page_id=62"},"modified":"2026-01-02T11:53:19","modified_gmt":"2026-01-02T11:53:19","slug":"home","status":"publish","type":"page","link":"https:\/\/negociosconectividade.ao\/index.php\/home\/","title":{"rendered":"HOME"},"content":{"rendered":"\t\t<div data-elementor-type=\"wp-page\" data-elementor-id=\"62\" class=\"elementor elementor-62\">\n\t\t\t\t<div class=\"elementor-element elementor-element-72f7fad4 e-flex e-con-boxed e-con e-parent\" data-id=\"72f7fad4\" data-element_type=\"container\" data-e-type=\"container\">\n\t\t\t\t\t<div class=\"e-con-inner\">\n\t\t<div class=\"elementor-element elementor-element-4829010f e-con-full e-flex e-con e-child\" data-id=\"4829010f\" data-element_type=\"container\" data-e-type=\"container\" data-settings=\"{&quot;background_background&quot;:&quot;classic&quot;}\">\n\t\t<div class=\"elementor-element elementor-element-2d63dd0 e-con-full e-flex e-con e-child\" data-id=\"2d63dd0\" data-element_type=\"container\" data-e-type=\"container\">\n\t\t\t\t<div class=\"elementor-element elementor-element-7bfcd190 elementor-widget elementor-widget-image\" data-id=\"7bfcd190\" data-element_type=\"widget\" data-e-type=\"widget\" data-widget_type=\"image.default\">\n\t\t\t\t<div class=\"elementor-widget-container\">\n\t\t\t\t\t\t\t\t\t\t\t\t\t\t\t<img fetchpriority=\"high\" decoding=\"async\" width=\"2560\" height=\"986\" src=\"https:\/\/negociosconectividade.ao\/wp-content\/uploads\/2025\/08\/Logotipo-FNC_Uige25-01-scaled.webp\" class=\"attachment-full size-full wp-image-1729\" alt=\"\" srcset=\"https:\/\/negociosconectividade.ao\/wp-content\/uploads\/2025\/08\/Logotipo-FNC_Uige25-01-scaled.webp 2560w, https:\/\/negociosconectividade.ao\/wp-content\/uploads\/2025\/08\/Logotipo-FNC_Uige25-01-300x116.webp 300w, https:\/\/negociosconectividade.ao\/wp-content\/uploads\/2025\/08\/Logotipo-FNC_Uige25-01-1024x395.webp 1024w, https:\/\/negociosconectividade.ao\/wp-content\/uploads\/2025\/08\/Logotipo-FNC_Uige25-01-768x296.webp 768w, https:\/\/negociosconectividade.ao\/wp-content\/uploads\/2025\/08\/Logotipo-FNC_Uige25-01-1536x592.webp 1536w, https:\/\/negociosconectividade.ao\/wp-content\/uploads\/2025\/08\/Logotipo-FNC_Uige25-01-2048x789.webp 2048w\" sizes=\"(max-width: 2560px) 100vw, 2560px\" \/>\t\t\t\t\t\t\t\t\t\t\t\t\t\t\t<\/div>\n\t\t\t\t<\/div>\n\t\t\t\t<\/div>\n\t\t<div class=\"elementor-element elementor-element-74f8f8b e-con-full e-flex e-con e-child\" data-id=\"74f8f8b\" data-element_type=\"container\" data-e-type=\"container\">\n\t\t\t\t<div class=\"elementor-element elementor-element-3df3b0ae elementor-widget elementor-widget-heading\" data-id=\"3df3b0ae\" data-element_type=\"widget\" data-e-type=\"widget\" data-widget_type=\"heading.default\">\n\t\t\t\t<div class=\"elementor-widget-container\">\n\t\t\t\t\t<h2 class=\"elementor-heading-title elementor-size-default\">O MOTE:<\/h2>\t\t\t\t<\/div>\n\t\t\t\t<\/div>\n\t\t\t\t<div class=\"elementor-element elementor-element-1998da95 elementor-widget elementor-widget-text-editor\" data-id=\"1998da95\" data-element_type=\"widget\" data-e-type=\"widget\" data-widget_type=\"text-editor.default\">\n\t\t\t\t<div class=\"elementor-widget-container\">\n\t\t\t\t\t\t\t\t\t<p><strong>\u201cANGOLA 5.0 \u2013 ESTRAT\u00c9GIAS DE <\/strong><strong>DESENVOLVIMENTO <br \/><\/strong><strong>E VIS\u00c3O SUSTENT\u00c1VEL\u201d<\/strong><\/p><p>No \u201cV F\u00f3rum Neg\u00f3cios &amp; Conectividade\u201d (Business &amp; Networking) definimos como Mote \u201c<strong>Angola 5.0 \u2013 Estrat\u00e9gias de Desenvolvimento e Vis\u00e3o Sustent\u00e1vel<\/strong>\u201d,\u00a0 reflectindo o posicionamento dos participantes, com temas que ser\u00e3o discutidos, que oportunamente poder\u00e3o resultar em parcerias de neg\u00f3cios diversos, em diferentes \u00e1reas de desenvolvimento s\u00f3cio-econ\u00f3mico da prov\u00edncia do U\u00edge com destaque para:<\/p>\t\t\t\t\t\t\t\t<\/div>\n\t\t\t\t<\/div>\n\t\t\t\t<\/div>\n\t\t\t\t<\/div>\n\t\t\t\t\t<\/div>\n\t\t\t\t<\/div>\n\t\t<div class=\"elementor-element elementor-element-11a5aa5b e-flex e-con-boxed e-con e-parent\" data-id=\"11a5aa5b\" data-element_type=\"container\" data-e-type=\"container\">\n\t\t\t\t\t<div class=\"e-con-inner\">\n\t\t<div class=\"elementor-element elementor-element-18fe54eb e-con-full e-flex e-con e-child\" data-id=\"18fe54eb\" data-element_type=\"container\" data-e-type=\"container\" data-settings=\"{&quot;background_background&quot;:&quot;classic&quot;}\">\n\t\t<div class=\"elementor-element elementor-element-5e70b35e e-con-full e-flex e-con e-child\" data-id=\"5e70b35e\" data-element_type=\"container\" data-e-type=\"container\">\n\t\t\t\t<div class=\"elementor-element elementor-element-6b85a2ed elementor-widget elementor-widget-text-editor\" data-id=\"6b85a2ed\" data-element_type=\"widget\" data-e-type=\"widget\" data-widget_type=\"text-editor.default\">\n\t\t\t\t<div class=\"elementor-widget-container\">\n\t\t\t\t\t\t\t\t\t<p><strong>Agro-Neg\u00f3cio\u00a0<\/strong>&#8211; Cultura de Caf\u00e9, Banana, Mandioca, Cereais e Frutas.<br \/><br \/>&#8211; <strong>Aquicultura <\/strong>&#8211; Produ\u00e7\u00e3o de Til\u00e1pia.<br \/><br \/>&#8211; <strong>Industrial <\/strong>&#8211; Tratamento e engarrafamento de \u00e1gua, Panifica\u00e7\u00e3o e transforma\u00e7\u00e3o de produtos agr\u00edcolas como mandioca e batata em produtos pasteleiros tal como p\u00e3o, bolos, bolachas, etc.<br \/><br \/>&#8211; <strong>Presta\u00e7\u00e3o de Servi\u00e7os <\/strong>&#8211; Restaura\u00e7\u00e3o, forma\u00e7\u00e3o tecnica e profissional, transporte, seguros, constru\u00e7\u00e3o civil, tecnologia, etc.<\/p>\t\t\t\t\t\t\t\t<\/div>\n\t\t\t\t<\/div>\n\t\t\t\t<\/div>\n\t\t<div class=\"elementor-element elementor-element-621b4776 e-con-full e-flex e-con e-child\" data-id=\"621b4776\" data-element_type=\"container\" data-e-type=\"container\">\n\t\t\t\t<div class=\"elementor-element elementor-element-b70cd8f elementor-widget elementor-widget-image\" data-id=\"b70cd8f\" data-element_type=\"widget\" data-e-type=\"widget\" data-widget_type=\"image.default\">\n\t\t\t\t<div class=\"elementor-widget-container\">\n\t\t\t\t\t\t\t\t\t\t\t\t\t\t\t<img decoding=\"async\" width=\"1024\" height=\"631\" src=\"https:\/\/negociosconectividade.ao\/wp-content\/uploads\/2025\/08\/Blog-AgriQ_Agronegocio_Creditos-Shutterstock-1024x631.webp\" class=\"attachment-large size-large wp-image-1764\" alt=\"\" srcset=\"https:\/\/negociosconectividade.ao\/wp-content\/uploads\/2025\/08\/Blog-AgriQ_Agronegocio_Creditos-Shutterstock-1024x631.webp 1024w, https:\/\/negociosconectividade.ao\/wp-content\/uploads\/2025\/08\/Blog-AgriQ_Agronegocio_Creditos-Shutterstock-300x185.webp 300w, https:\/\/negociosconectividade.ao\/wp-content\/uploads\/2025\/08\/Blog-AgriQ_Agronegocio_Creditos-Shutterstock-768x473.webp 768w, https:\/\/negociosconectividade.ao\/wp-content\/uploads\/2025\/08\/Blog-AgriQ_Agronegocio_Creditos-Shutterstock.webp 1280w\" sizes=\"(max-width: 1024px) 100vw, 1024px\" \/>\t\t\t\t\t\t\t\t\t\t\t\t\t\t\t<\/div>\n\t\t\t\t<\/div>\n\t\t\t\t<\/div>\n\t\t\t\t<\/div>\n\t\t\t\t\t<\/div>\n\t\t\t\t<\/div>\n\t\t<div class=\"elementor-element elementor-element-46824e9 e-flex e-con-boxed e-con e-parent\" data-id=\"46824e9\" data-element_type=\"container\" data-e-type=\"container\">\n\t\t\t\t\t<div class=\"e-con-inner\">\n\t\t<div class=\"elementor-element elementor-element-31021e65 e-con-full e-flex e-con e-child\" data-id=\"31021e65\" data-element_type=\"container\" data-e-type=\"container\" data-settings=\"{&quot;background_background&quot;:&quot;classic&quot;}\">\n\t\t<div class=\"elementor-element elementor-element-fc4be20 e-con-full e-flex e-con e-child\" data-id=\"fc4be20\" data-element_type=\"container\" data-e-type=\"container\">\n\t\t\t\t<div class=\"elementor-element elementor-element-6d3006fb elementor-widget elementor-widget-image\" data-id=\"6d3006fb\" data-element_type=\"widget\" data-e-type=\"widget\" data-widget_type=\"image.default\">\n\t\t\t\t<div class=\"elementor-widget-container\">\n\t\t\t\t\t\t\t\t\t\t\t\t\t\t\t<img decoding=\"async\" width=\"2560\" height=\"2097\" src=\"https:\/\/negociosconectividade.ao\/wp-content\/uploads\/2025\/08\/Uige_Divisao-Politica-scaled.webp\" class=\"attachment-full size-full wp-image-1777\" alt=\"\" srcset=\"https:\/\/negociosconectividade.ao\/wp-content\/uploads\/2025\/08\/Uige_Divisao-Politica-scaled.webp 2560w, https:\/\/negociosconectividade.ao\/wp-content\/uploads\/2025\/08\/Uige_Divisao-Politica-300x246.webp 300w, https:\/\/negociosconectividade.ao\/wp-content\/uploads\/2025\/08\/Uige_Divisao-Politica-1024x839.webp 1024w, https:\/\/negociosconectividade.ao\/wp-content\/uploads\/2025\/08\/Uige_Divisao-Politica-768x629.webp 768w, https:\/\/negociosconectividade.ao\/wp-content\/uploads\/2025\/08\/Uige_Divisao-Politica-1536x1258.webp 1536w, https:\/\/negociosconectividade.ao\/wp-content\/uploads\/2025\/08\/Uige_Divisao-Politica-2048x1678.webp 2048w\" sizes=\"(max-width: 2560px) 100vw, 2560px\" \/>\t\t\t\t\t\t\t\t\t\t\t\t\t\t\t<\/div>\n\t\t\t\t<\/div>\n\t\t\t\t<\/div>\n\t\t<div class=\"elementor-element elementor-element-29c35da e-con-full e-flex e-con e-child\" data-id=\"29c35da\" data-element_type=\"container\" data-e-type=\"container\">\n\t\t\t\t<div class=\"elementor-element elementor-element-18e59468 elementor-widget elementor-widget-text-editor\" data-id=\"18e59468\" data-element_type=\"widget\" data-e-type=\"widget\" data-widget_type=\"text-editor.default\">\n\t\t\t\t<div class=\"elementor-widget-container\">\n\t\t\t\t\t\t\t\t\t<p>Os <strong>participantes<\/strong> ao V F\u00f3rum Neg\u00f3cios &amp; Conectividade poder\u00e3o ainda encontrar \u00e1reas de investimento tendo em conta os Potenciais Neg\u00f3cios da prov\u00edncia do U\u00edge:<\/p><p>&#8211; <strong>Agro-Ind\u00fastria <\/strong>&#8211; Transforma\u00e7\u00e3o de produtos agr\u00edcolas em bens alimentares, mobili\u00e1rio, farmac\u00eautico, etc.<\/p><p>&#8211; <strong>Pecu\u00e1ria <\/strong>&#8211; Produ\u00e7\u00e3o e transforma\u00e7\u00e3o de gado bovino, su\u00edno, caprino, ovino, aves e seus derivados.<\/p><p>&#8211; <strong>Cadeia de escoamento organizada de produtos agr\u00edcolas <\/strong>&#8211; Transporte, Conserva\u00e7\u00e3o e Distribui\u00e7\u00e3o;<\/p><p>&#8211; <strong>Habita\u00e7\u00e3o<\/strong>: constru\u00e7\u00e3o de casas de baixa e m\u00e9dia renda para atender a crescente demanda por parte da juventude.<\/p><p>&#8211; <strong>Sector Mineiro <\/strong>&#8211; Recursos minerais por se explorar e transformar.<\/p><p>&#8211; <strong>Ensino <\/strong>&#8211; Institui\u00e7\u00f5es de Ensino Superior de especialidades como medicina,\u00a0 agricultura, minerais e outros.<\/p><p>&#8211; <strong>Servi\u00e7os <\/strong>&#8211; Transportes P\u00fablicos urbanos e inter-municipais, sa\u00fade, hotelaria e estaura\u00e7\u00e3o e servi\u00e7os gr\u00e1ficos.<\/p>\t\t\t\t\t\t\t\t<\/div>\n\t\t\t\t<\/div>\n\t\t\t\t<\/div>\n\t\t\t\t<\/div>\n\t\t\t\t\t<\/div>\n\t\t\t\t<\/div>\n\t\t<div class=\"elementor-element elementor-element-32790726 elementor-hidden-desktop elementor-hidden-tablet elementor-hidden-mobile e-flex e-con-boxed e-con e-parent\" data-id=\"32790726\" data-element_type=\"container\" data-e-type=\"container\">\n\t\t\t\t\t<div class=\"e-con-inner\">\n\t\t<div class=\"elementor-element elementor-element-55c16ad6 e-con-full e-flex e-con e-child\" data-id=\"55c16ad6\" data-element_type=\"container\" data-e-type=\"container\">\n\t\t\t\t<div class=\"elementor-element elementor-element-5ecec96d elementor-widget elementor-widget-html\" data-id=\"5ecec96d\" data-element_type=\"widget\" data-e-type=\"widget\" data-widget_type=\"html.default\">\n\t\t\t\t<div class=\"elementor-widget-container\">\n\t\t\t\t\t<div id=\"omnisend-embedded-v2-682ee65e7796c80649f864a8\"><\/div>\t\t\t\t<\/div>\n\t\t\t\t<\/div>\n\t\t\t\t<\/div>\n\t\t\t\t\t<\/div>\n\t\t\t\t<\/div>\n\t\t<div class=\"elementor-element elementor-element-63deee04 e-flex e-con-boxed e-con e-parent\" data-id=\"63deee04\" data-element_type=\"container\" data-e-type=\"container\">\n\t\t\t\t\t<div class=\"e-con-inner\">\n\t\t<div class=\"elementor-element elementor-element-aba9398 e-con-full e-grid e-con e-child\" data-id=\"aba9398\" data-element_type=\"container\" data-e-type=\"container\" data-settings=\"{&quot;background_background&quot;:&quot;classic&quot;}\">\n\t\t\t\t<div class=\"elementor-element elementor-element-7a726a0 elementor-widget elementor-widget-heading\" data-id=\"7a726a0\" data-element_type=\"widget\" data-e-type=\"widget\" data-widget_type=\"heading.default\">\n\t\t\t\t<div class=\"elementor-widget-container\">\n\t\t\t\t\t<h4 class=\"elementor-heading-title elementor-size-default\"><span style=\"color: Maroon\">LOCAL: <\/span>\n Hotel Bel Kumba<\/h4>\t\t\t\t<\/div>\n\t\t\t\t<\/div>\n\t\t\t\t<\/div>\n\t\t<div class=\"elementor-element elementor-element-739b4c0d e-con-full e-flex e-con e-child\" data-id=\"739b4c0d\" data-element_type=\"container\" data-e-type=\"container\">\n\t\t<div class=\"elementor-element elementor-element-20627efb e-con-full e-grid e-con e-child\" data-id=\"20627efb\" data-element_type=\"container\" data-e-type=\"container\" data-settings=\"{&quot;background_background&quot;:&quot;classic&quot;}\">\n\t\t\t\t<div class=\"elementor-element elementor-element-463783d2 elementor-widget elementor-widget-heading\" data-id=\"463783d2\" data-element_type=\"widget\" data-e-type=\"widget\" data-widget_type=\"heading.default\">\n\t\t\t\t<div class=\"elementor-widget-container\">\n\t\t\t\t\t<h2 class=\"elementor-heading-title elementor-size-default\">1\u00ba DIA - 26\/09\/25<\/h2>\t\t\t\t<\/div>\n\t\t\t\t<\/div>\n\t\t\t\t<\/div>\n\t\t\t\t<\/div>\n\t\t\t\t<div class=\"elementor-element elementor-element-7c202447 elementor-widget elementor-widget-heading\" data-id=\"7c202447\" data-element_type=\"widget\" data-e-type=\"widget\" data-widget_type=\"heading.default\">\n\t\t\t\t<div class=\"elementor-widget-container\">\n\t\t\t\t\t<h4 class=\"elementor-heading-title elementor-size-default\"><span style=\"color: Maroon\">MESTRE CERIM\u00d3NIA: <\/span>\nEdno pinto<\/h4>\t\t\t\t<\/div>\n\t\t\t\t<\/div>\n\t\t<div class=\"elementor-element elementor-element-4090cb5b e-con-full e-flex e-con e-child\" data-id=\"4090cb5b\" data-element_type=\"container\" data-e-type=\"container\" data-settings=\"{&quot;background_background&quot;:&quot;classic&quot;}\">\n\t\t\t\t<div class=\"elementor-element elementor-element-523eebb0 elementor-widget elementor-widget-text-editor\" data-id=\"523eebb0\" data-element_type=\"widget\" data-e-type=\"widget\" data-widget_type=\"text-editor.default\">\n\t\t\t\t<div class=\"elementor-widget-container\">\n\t\t\t\t\t\t\t\t\t<p>08h00 &#8211; <strong>Chegada dos Participantes<\/strong><\/p>\t\t\t\t\t\t\t\t<\/div>\n\t\t\t\t<\/div>\n\t\t\t\t<\/div>\n\t\t<div class=\"elementor-element elementor-element-662054f4 e-con-full e-flex e-con e-child\" data-id=\"662054f4\" data-element_type=\"container\" data-e-type=\"container\" data-settings=\"{&quot;background_background&quot;:&quot;classic&quot;}\">\n\t\t\t\t<div class=\"elementor-element elementor-element-721e9cf4 elementor-widget elementor-widget-text-editor\" data-id=\"721e9cf4\" data-element_type=\"widget\" data-e-type=\"widget\" data-widget_type=\"text-editor.default\">\n\t\t\t\t<div class=\"elementor-widget-container\">\n\t\t\t\t\t\t\t\t\t<p>09h00 \u2013 <strong>ABERTURA SOLENE<\/strong><br \/>09h05 \u2013 <strong>PALAVRAS DE BOAS -VINDAS<\/strong> <br \/>\u00a0 \u00a0 \u00a0 \u00a0 \u00a0 \u00a0 \u00a0 \u00a0Coordenador Geral do Grupo MediaNova, <strong>Dr. Augusto Dembo<\/strong><br \/>09h10 \u2013 <strong>DISCURSO DE ABERTURA<\/strong> <br \/>\u00a0 \u00a0 \u00a0 \u00a0 \u00a0 \u00a0 \u00a0 \u00a0Exmo Sr. Governador Provincial do U\u00edge, <strong>Carvalho da Rocha<\/strong><br \/>09h15 \u2013 <strong>DISCURSO DO MINTIICS<\/strong> <br \/>\u00a0 \u00a0 \u00a0 \u00a0 \u00a0 \u00a0 \u00a0 Exmo Sr. Secret\u00e1rio de Estado para a Comunica\u00e7\u00e3o Social, <strong>Nuno dos Anjos Caldas Albino<br \/><\/strong>09h20 \u2013 Foto de Fam\u00edlia com m\u00fasica ambiente de fundo (20\u00b4)<strong><br \/><\/strong>09h40 &#8211; <span style=\"color: maroon;\"><strong>CONVERSAS &amp; NEG\u00d3CIOS<\/strong> 1:<\/span>\u00a0<br \/><strong>\u00a0 \u00a0 \u00a0 \u00a0 \u00a0 \u00a0 \u00a0 <\/strong>Moderador:<strong> DANIEL COSTA<br \/><\/strong><strong>\u00a0 \u00a0 \u00a0 \u00a0 \u00a0 \u00a0 \u00a0 OPORTUNIDADES DE NEG\u00d3CIOS E POTENCIALIDADES DO U\u00cdGE;<br \/><\/strong>09h45 &#8211; <strong>Seguran\u00e7a Alimentar como Pilar da Soberania Econ\u00f3mica<\/strong><br \/><strong>\u00a0 \u00a0 \u00a0 \u00a0 \u00a0 \u00a0 \u00a0 de \u00c1frica: O Papel do Fundo Soberano de Angola (20\u00b4)<\/strong><br \/><strong>\u00a0 \u00a0 \u00a0 \u00a0 \u00a0 \u00a0 \u00a0 Prelector: Igor Lima<\/strong><br \/>\u00a0 \u00a0 \u00a0 \u00a0 \u00a0 \u00a0 \u00a0 Administrador do Fundo Soberano de Angola<br \/>10h05 &#8211;\u00a0<strong>Transforma Aqui (15\u00b4)<\/strong><br \/><strong>\u00a0 \u00a0 \u00a0 \u00a0 \u00a0 \u00a0 \u00a0 Prelector: Ad\u00e3o Matari<\/strong><br \/>\u00a0 \u00a0 \u00a0 \u00a0 \u00a0 \u00a0 \u00a0 T\u00e9cnico de Cr\u00e9dito do FADA <br \/>10h20 &#8211; <strong>O Meio Ambiente Econ\u00f3mico e os Projetos Econ\u00f3micos do Gab\u00e3o (15\u00b4)<\/strong><br \/><strong>\u00a0 \u00a0 \u00a0 \u00a0 \u00a0 \u00a0 \u00a0 \u00a0Prelectora: Edwige Koumby Missambo<\/strong><br \/>\u00a0 \u00a0 \u00a0 \u00a0 \u00a0 \u00a0 \u00a0 Embaixadora da Rep\u00fablica do Gab\u00e3o em Angola<br \/>10h35 &#8211; Perguntas e respostas (20min)<br \/>10h55 &#8212; COFFE-BREACK + momento m\u00fasica ambiente (45\u00b4)<\/p>\t\t\t\t\t\t\t\t<\/div>\n\t\t\t\t<\/div>\n\t\t\t\t<\/div>\n\t\t<div class=\"elementor-element elementor-element-380e6ead e-con-full e-flex e-con e-child\" data-id=\"380e6ead\" data-element_type=\"container\" data-e-type=\"container\" data-settings=\"{&quot;background_background&quot;:&quot;classic&quot;}\">\n\t\t\t\t<div class=\"elementor-element elementor-element-1da97a2e elementor-widget elementor-widget-text-editor\" data-id=\"1da97a2e\" data-element_type=\"widget\" data-e-type=\"widget\" data-widget_type=\"text-editor.default\">\n\t\t\t\t<div class=\"elementor-widget-container\">\n\t\t\t\t\t\t\t\t\t<p>11h40 &#8211; <span style=\"color: maroon;\"><strong>CONVERSAS &amp; NEG\u00d3CIOS 2<\/strong>: <br \/><\/span><strong>\u00a0 \u00a0 \u00a0 \u00a0 \u00a0 \u00a0 \u00a0 <\/strong>Moderadora:<strong> Gisela Silva<br \/><\/strong><strong>\u00a0 \u00a0 \u00a0 \u00a0 \u00a0 \u00a0 \u00a0 PERSPECTIVAS DE INDUSTRIALIZA\u00c7\u00c3O<br \/><\/strong>11h45- <strong>Agro-Neg\u00f3cio: Cadeia de valor, capacidade local e n\u00edvel de crescimento (15\u00b4)<\/strong><br \/><strong>\u00a0 \u00a0 \u00a0 \u00a0 \u00a0 \u00a0 \u00a0Prelector: Marcelino Ferreira<\/strong><br \/>\u00a0 \u00a0 \u00a0 \u00a0 \u00a0 \u00a0 \u00a0Director Provincial do Gabinete de Desenvolvimento Econ\u00f3mico Integrado<br \/>12h00 &#8211; <strong>Minerais estrat\u00e9gicos, desafiando o mercado (15min)<\/strong><br \/><strong>\u00a0 \u00a0 \u00a0 \u00a0 \u00a0 \u00a0 \u00a0 Prelector: Eng\u00ba Am\u00e9rico da Mata<\/strong><br \/>\u00a0 \u00a0 \u00a0 \u00a0 \u00a0 \u00a0 \u00a0Administrador do Instituto Geol\u00f3gico de Angola<br \/>12h15 &#8211;<strong>\u00a0O papel e a cadeia de valor do caf\u00e9 no desenvolvimento da prov\u00edncia do Uige (15min)<\/strong><br \/><strong>\u00a0 \u00a0 \u00a0 \u00a0 \u00a0 \u00a0 \u00a0 \u00a0Prelector: Eng\u00b0 Magalh\u00e3es Alfredo Louren\u00e7o<\/strong><br \/>\u00a0 \u00a0 \u00a0 \u00a0 \u00a0 \u00a0 \u00a0 \u00a0Director T\u00e9cnico do INCA<\/p>\t\t\t\t\t\t\t\t<\/div>\n\t\t\t\t<\/div>\n\t\t\t\t<\/div>\n\t\t<div class=\"elementor-element elementor-element-64385a21 e-con-full e-flex e-con e-child\" data-id=\"64385a21\" data-element_type=\"container\" data-e-type=\"container\" data-settings=\"{&quot;background_background&quot;:&quot;classic&quot;}\">\n\t\t\t\t<div class=\"elementor-element elementor-element-d1bb794 elementor-widget elementor-widget-text-editor\" data-id=\"d1bb794\" data-element_type=\"widget\" data-e-type=\"widget\" data-widget_type=\"text-editor.default\">\n\t\t\t\t<div class=\"elementor-widget-container\">\n\t\t\t\t\t\t\t\t\t<p>\u00a012h30 &#8211; Perguntas e respostas (20min)<\/p>\t\t\t\t\t\t\t\t<\/div>\n\t\t\t\t<\/div>\n\t\t\t\t<\/div>\n\t\t<div class=\"elementor-element elementor-element-50edfbe6 e-con-full e-flex e-con e-child\" data-id=\"50edfbe6\" data-element_type=\"container\" data-e-type=\"container\" data-settings=\"{&quot;background_background&quot;:&quot;classic&quot;}\">\n\t\t\t\t<div class=\"elementor-element elementor-element-20fdd3d7 elementor-widget elementor-widget-text-editor\" data-id=\"20fdd3d7\" data-element_type=\"widget\" data-e-type=\"widget\" data-widget_type=\"text-editor.default\">\n\t\t\t\t<div class=\"elementor-widget-container\">\n\t\t\t\t\t\t\t\t\t<p>12h50 &#8211;<strong> <span style=\"color: maroon;\">CONVERSAS &amp; NEG\u00d3CIOS 3: <br \/><\/span>\u00a0 \u00a0 \u00a0 \u00a0 \u00a0 \u00a0 \u00a0 \u00a0<\/strong>Moderador:<strong> EDNO PINTO<br \/><\/strong><strong>\u00a0 \u00a0 \u00a0 \u00a0 \u00a0 \u00a0 \u00a0 \u00a0MOLDANDO O FUTURO DIVERSIFICANDO ONDE APOSTAR<\/strong><br \/>12h55 &#8211;\u00a0<strong>Investimento no Capital Humano\/Novas Tecnologias (15min)<\/strong><br \/><strong>\u00a0 \u00a0 \u00a0 \u00a0 \u00a0 \u00a0 \u00a0 1. Prelectora: Eng\u00aa Fernanda Cleto<\/strong><br \/>\u00a0 \u00a0 \u00a0 \u00a0 \u00a0 \u00a0 \u00a0 \u00a0Instituto Geol\u00f3gico de Angola<br \/><strong>\u00a0 \u00a0 \u00a0 \u00a0 \u00a0 \u00a0 \u00a0 2. Prelector: Eng. Jonathan Timoteo<\/strong><br \/>\u00a0 \u00a0 \u00a0 \u00a0 \u00a0 \u00a0 \u00a0Chefe de Departamento de Supervis\u00e3o de Infraestruturas da MSTelcom<br \/>13h25 &#8211; <strong>Potencialidades do Turismo Local (15min)<\/strong><br \/><strong>\u00a0 \u00a0 \u00a0 \u00a0 \u00a0 \u00a0 \u00a0 Prelector: Gomes Lino<\/strong><br \/>\u00a0 \u00a0 \u00a0 \u00a0 \u00a0 \u00a0 \u00a0 Director Provincial do Turismo e Cultura<br \/>13h40 &#8211; Perguntas e respostas (20min)<br \/>14h00 \u2013 Inscri\u00e7\u00f5es para o Cartaz Empresarial ao som de m\u00fasica ambiente (10\u00b4)<br \/><br \/><\/p>\t\t\t\t\t\t\t\t<\/div>\n\t\t\t\t<\/div>\n\t\t\t\t<\/div>\n\t\t<div class=\"elementor-element elementor-element-4927a50d e-con-full e-flex e-con e-child\" data-id=\"4927a50d\" data-element_type=\"container\" data-e-type=\"container\" data-settings=\"{&quot;background_background&quot;:&quot;classic&quot;}\">\n\t\t\t\t<div class=\"elementor-element elementor-element-3794bc3b elementor-widget elementor-widget-text-editor\" data-id=\"3794bc3b\" data-element_type=\"widget\" data-e-type=\"widget\" data-widget_type=\"text-editor.default\">\n\t\t\t\t<div class=\"elementor-widget-container\">\n\t\t\t\t\t\t\t\t\t<p>14h10 &#8211; <span style=\"color: maroon;\"><strong>CARTAZ EMPRESARIAL (30\u00b4)<\/strong><br \/><\/span>14h40 &#8211;<strong> Discurso de Encerramento<\/strong><br \/>\u00a0 \u00a0 \u00a0 \u00a0 \u00a0 \u00a0 \u00a0 <strong>Coordenador Geral do Grupo Media Nova, Dr. Augusto Dembo<\/strong><br \/>14h45 &#8211; Entrega de Certificados (15\u00b4)<br \/><br \/><\/p>\t\t\t\t\t\t\t\t<\/div>\n\t\t\t\t<\/div>\n\t\t\t\t<\/div>\n\t\t<div class=\"elementor-element elementor-element-70934c17 e-con-full e-flex e-con e-child\" data-id=\"70934c17\" data-element_type=\"container\" data-e-type=\"container\" data-settings=\"{&quot;background_background&quot;:&quot;classic&quot;}\">\n\t\t\t\t<div class=\"elementor-element elementor-element-2ddf5111 elementor-widget elementor-widget-text-editor\" data-id=\"2ddf5111\" data-element_type=\"widget\" data-e-type=\"widget\" data-widget_type=\"text-editor.default\">\n\t\t\t\t<div class=\"elementor-widget-container\">\n\t\t\t\t\t\t\t\t\t<p>15h00 \u2013<strong><span style=\"color: maroon;\">\u00a0ALMO\u00c7O \/ ENCERRAMENTO (2h) <\/span><\/strong><\/p>\t\t\t\t\t\t\t\t<\/div>\n\t\t\t\t<\/div>\n\t\t\t\t<\/div>\n\t\t\t\t\t<\/div>\n\t\t\t\t<\/div>\n\t\t<div class=\"elementor-element elementor-element-e24c3d3 e-flex e-con-boxed e-con e-parent\" data-id=\"e24c3d3\" data-element_type=\"container\" data-e-type=\"container\">\n\t\t\t\t\t<div class=\"e-con-inner\">\n\t\t\t\t<div class=\"elementor-element elementor-element-5e29ab69 elementor-widget elementor-widget-image\" data-id=\"5e29ab69\" data-element_type=\"widget\" data-e-type=\"widget\" data-widget_type=\"image.default\">\n\t\t\t\t<div class=\"elementor-widget-container\">\n\t\t\t\t\t\t\t\t\t\t\t\t\t\t\t<img loading=\"lazy\" decoding=\"async\" width=\"1024\" height=\"111\" src=\"https:\/\/negociosconectividade.ao\/wp-content\/uploads\/2025\/10\/Rodape-Patrocinadores-v2-01-1024x111.webp\" class=\"attachment-large size-large wp-image-1877\" alt=\"\" srcset=\"https:\/\/negociosconectividade.ao\/wp-content\/uploads\/2025\/10\/Rodape-Patrocinadores-v2-01-1024x111.webp 1024w, https:\/\/negociosconectividade.ao\/wp-content\/uploads\/2025\/10\/Rodape-Patrocinadores-v2-01-300x33.webp 300w, https:\/\/negociosconectividade.ao\/wp-content\/uploads\/2025\/10\/Rodape-Patrocinadores-v2-01-768x84.webp 768w, https:\/\/negociosconectividade.ao\/wp-content\/uploads\/2025\/10\/Rodape-Patrocinadores-v2-01-1536x167.webp 1536w, https:\/\/negociosconectividade.ao\/wp-content\/uploads\/2025\/10\/Rodape-Patrocinadores-v2-01-2048x223.webp 2048w\" sizes=\"(max-width: 1024px) 100vw, 1024px\" \/>\t\t\t\t\t\t\t\t\t\t\t\t\t\t\t<\/div>\n\t\t\t\t<\/div>\n\t\t\t\t\t<\/div>\n\t\t\t\t<\/div>\n\t\t\t\t<\/div>\n\t\t","protected":false},"excerpt":{"rendered":"<p>O MOTE: \u201cANGOLA 5.0 \u2013 ESTRAT\u00c9GIAS DE DESENVOLVIMENTO E VIS\u00c3O SUSTENT\u00c1VEL\u201d No \u201cV F\u00f3rum Neg\u00f3cios &amp; Conectividade\u201d (Business &amp; Networking) definimos como Mote \u201cAngola 5.0 \u2013 Estrat\u00e9gias de Desenvolvimento e Vis\u00e3o Sustent\u00e1vel\u201d,\u00a0 reflectindo o posicionamento dos participantes, com temas que ser\u00e3o discutidos, que oportunamente poder\u00e3o resultar em parcerias de neg\u00f3cios diversos, em diferentes \u00e1reas de [&hellip;]<\/p>\n","protected":false},"author":1,"featured_media":0,"parent":0,"menu_order":0,"comment_status":"closed","ping_status":"closed","template":"","meta":{"footnotes":""},"class_list":["post-62","page","type-page","status-publish","hentry"],"blocksy_meta":[],"_links":{"self":[{"href":"https:\/\/negociosconectividade.ao\/index.php\/wp-json\/wp\/v2\/pages\/62","targetHints":{"allow":["GET"]}}],"collection":[{"href":"https:\/\/negociosconectividade.ao\/index.php\/wp-json\/wp\/v2\/pages"}],"about":[{"href":"https:\/\/negociosconectividade.ao\/index.php\/wp-json\/wp\/v2\/types\/page"}],"author":[{"embeddable":true,"href":"https:\/\/negociosconectividade.ao\/index.php\/wp-json\/wp\/v2\/users\/1"}],"replies":[{"embeddable":true,"href":"https:\/\/negociosconectividade.ao\/index.php\/wp-json\/wp\/v2\/comments?post=62"}],"version-history":[{"count":634,"href":"https:\/\/negociosconectividade.ao\/index.php\/wp-json\/wp\/v2\/pages\/62\/revisions"}],"predecessor-version":[{"id":2643,"href":"https:\/\/negociosconectividade.ao\/index.php\/wp-json\/wp\/v2\/pages\/62\/revisions\/2643"}],"wp:attachment":[{"href":"https:\/\/negociosconectividade.ao\/index.php\/wp-json\/wp\/v2\/media?parent=62"}],"curies":[{"name":"wp","href":"https:\/\/api.w.org\/{rel}","templated":true}]}}