{"id":639,"date":"2025-05-12T14:27:15","date_gmt":"2025-05-12T14:27:15","guid":{"rendered":"https:\/\/negociosconectividade.ao\/?page_id=639"},"modified":"2025-05-14T19:34:14","modified_gmt":"2025-05-14T19:34:14","slug":"o-evento-4","status":"publish","type":"page","link":"https:\/\/negociosconectividade.ao\/index.php\/o-evento-4\/","title":{"rendered":"O EVENTO &#8211; 4"},"content":{"rendered":"\t\t<div data-elementor-type=\"wp-page\" data-elementor-id=\"639\" class=\"elementor elementor-639\">\n\t\t\t\t<div class=\"elementor-element elementor-element-5532c6fd e-flex e-con-boxed e-con e-parent\" data-id=\"5532c6fd\" data-element_type=\"container\" data-e-type=\"container\" data-settings=\"{&quot;background_background&quot;:&quot;gradient&quot;,&quot;shape_divider_bottom&quot;:&quot;waves&quot;}\">\n\t\t\t\t\t<div class=\"e-con-inner\">\n\t\t\t\t<div class=\"elementor-shape elementor-shape-bottom\" aria-hidden=\"true\" data-negative=\"false\">\n\t\t\t<svg xmlns=\"http:\/\/www.w3.org\/2000\/svg\" viewBox=\"0 0 1000 100\" preserveAspectRatio=\"none\">\n\t<path class=\"elementor-shape-fill\" d=\"M421.9,6.5c22.6-2.5,51.5,0.4,75.5,5.3c23.6,4.9,70.9,23.5,100.5,35.7c75.8,32.2,133.7,44.5,192.6,49.7\n\tc23.6,2.1,48.7,3.5,103.4-2.5c54.7-6,106.2-25.6,106.2-25.6V0H0v30.3c0,0,72,32.6,158.4,30.5c39.2-0.7,92.8-6.7,134-22.4\n\tc21.2-8.1,52.2-18.2,79.7-24.2C399.3,7.9,411.6,7.5,421.9,6.5z\"\/>\n<\/svg>\t\t<\/div>\n\t\t\t\t<div class=\"elementor-element elementor-element-43649bca elementor-widget elementor-widget-heading\" data-id=\"43649bca\" data-element_type=\"widget\" data-e-type=\"widget\" data-widget_type=\"heading.default\">\n\t\t\t\t<div class=\"elementor-widget-container\">\n\t\t\t\t\t<h2 class=\"elementor-heading-title elementor-size-default\">HU\u00cdLA 2025<\/h2>\t\t\t\t<\/div>\n\t\t\t\t<\/div>\n\t\t\t\t\t<\/div>\n\t\t\t\t<\/div>\n\t\t<div class=\"elementor-element elementor-element-54b77ab e-flex e-con-boxed e-con e-parent\" data-id=\"54b77ab\" data-element_type=\"container\" data-e-type=\"container\" data-settings=\"{&quot;background_background&quot;:&quot;classic&quot;}\">\n\t\t\t\t\t<div class=\"e-con-inner\">\n\t\t<div class=\"elementor-element elementor-element-8a99e60 e-con-full e-flex e-con e-child\" data-id=\"8a99e60\" data-element_type=\"container\" data-e-type=\"container\">\n\t\t\t\t<div class=\"elementor-element elementor-element-923e989 elementor-widget elementor-widget-image\" data-id=\"923e989\" data-element_type=\"widget\" data-e-type=\"widget\" data-widget_type=\"image.default\">\n\t\t\t\t<div class=\"elementor-widget-container\">\n\t\t\t\t\t\t\t\t\t\t\t\t\t\t\t<img fetchpriority=\"high\" decoding=\"async\" width=\"1000\" height=\"488\" src=\"https:\/\/negociosconectividade.ao\/wp-content\/uploads\/2025\/05\/PN_Forum_de_Negocios_conectividade_Huila_Lubango-223-1-e1747251246648.webp\" class=\"attachment-large size-large wp-image-1062\" alt=\"\" srcset=\"https:\/\/negociosconectividade.ao\/wp-content\/uploads\/2025\/05\/PN_Forum_de_Negocios_conectividade_Huila_Lubango-223-1-e1747251246648.webp 1000w, https:\/\/negociosconectividade.ao\/wp-content\/uploads\/2025\/05\/PN_Forum_de_Negocios_conectividade_Huila_Lubango-223-1-e1747251246648-300x146.webp 300w, https:\/\/negociosconectividade.ao\/wp-content\/uploads\/2025\/05\/PN_Forum_de_Negocios_conectividade_Huila_Lubango-223-1-e1747251246648-768x375.webp 768w\" sizes=\"(max-width: 1000px) 100vw, 1000px\" \/>\t\t\t\t\t\t\t\t\t\t\t\t\t\t\t<\/div>\n\t\t\t\t<\/div>\n\t\t\t\t<\/div>\n\t\t<div class=\"elementor-element elementor-element-d53be39 e-con-full e-flex e-con e-child\" data-id=\"d53be39\" data-element_type=\"container\" data-e-type=\"container\" data-settings=\"{&quot;background_background&quot;:&quot;classic&quot;}\">\n\t\t\t\t<div class=\"elementor-element elementor-element-887df39 elementor-widget elementor-widget-heading\" data-id=\"887df39\" data-element_type=\"widget\" data-e-type=\"widget\" data-widget_type=\"heading.default\">\n\t\t\t\t<div class=\"elementor-widget-container\">\n\t\t\t\t\t<h2 class=\"elementor-heading-title elementor-size-default\">Prespectivas<\/h2>\t\t\t\t<\/div>\n\t\t\t\t<\/div>\n\t\t\t\t<div class=\"elementor-element elementor-element-975ddb9 elementor-widget elementor-widget-text-editor\" data-id=\"975ddb9\" data-element_type=\"widget\" data-e-type=\"widget\" data-widget_type=\"text-editor.default\">\n\t\t\t\t<div class=\"elementor-widget-container\">\n\t\t\t\t\t\t\t\t\t<p>Para o evento na prov\u00edncia da Hu\u00edla, realizado mais propriamente na cidade do Lubango, escolheu-se como Mote, <strong>\u201cA CARTA GEOL\u00d3GICA DA HU\u00cdLA, NAMIBE, CUNENE E O AGRO-NEG\u00d3CIO\u00a0DA\u00a0REGI\u00c3O\u201d <\/strong>foi abordado quanto as potencialidades da prov\u00edncia da Hu\u00edla, tendo em conta o que as autoridades angolanas perspectivam por um melhor aproveitamento com a explora\u00e7\u00e3o do ferro, ouro e do granito negro.<\/p><p>Segundo o Ministro dos Recursos Minerais, Petr\u00f3leo e G\u00e1s, Diamantino Azevedo, o objectivo do sector \u00e9 melhorar os conhecimentos geol\u00f3gicos do pa\u00eds e coloca-los ao servi\u00e7o da sociedade e de todos os interessados. De acordo com o governante, o conhecimento geol\u00f3gico n\u00e3o serve apenas o sector mineiro, mas todo o planeamento nacional, incluindo a agricultura e a constru\u00e7\u00e3o de infraestruturas, havendo tamb\u00e9m desafios no que respeita \u00e0 explora\u00e7\u00e3o de \u00e1guas substerr\u00e2neas. J\u00e1 o Cunene o destaque no seu subsolo recai para a exist\u00eancia de minerais como o ouro, a mica, o cobre e o ferro.<\/p><p>Por seu lado, a regi\u00e3o do Namibe \u00e9 abundante em cobre, gesso, merc\u00fario, zinco, cobalto, cr\u00f3mio, tit\u00e2nio, talco, berilo, pirocloro, apatita e quartzo e, relativamente \u00e0s mat\u00e9rias rochosas, destaca-se gnaisse, m\u00e1rmore, xistos, granito e calc\u00e1rio.<\/p>\t\t\t\t\t\t\t\t<\/div>\n\t\t\t\t<\/div>\n\t\t\t\t<\/div>\n\t\t\t\t\t<\/div>\n\t\t\t\t<\/div>\n\t\t<div class=\"elementor-element elementor-element-cda7f90 e-flex e-con-boxed e-con e-parent\" data-id=\"cda7f90\" data-element_type=\"container\" data-e-type=\"container\" data-settings=\"{&quot;background_background&quot;:&quot;classic&quot;}\">\n\t\t\t\t\t<div class=\"e-con-inner\">\n\t\t<div class=\"elementor-element elementor-element-b6e55b6 e-con-full e-flex e-con e-child\" data-id=\"b6e55b6\" data-element_type=\"container\" data-e-type=\"container\">\n\t\t\t\t<div class=\"elementor-element elementor-element-5b1d4c4 elementor-widget elementor-widget-image\" data-id=\"5b1d4c4\" data-element_type=\"widget\" data-e-type=\"widget\" data-widget_type=\"image.default\">\n\t\t\t\t<div class=\"elementor-widget-container\">\n\t\t\t\t\t\t\t\t\t\t\t\t\t\t\t<img decoding=\"async\" width=\"1000\" height=\"558\" src=\"https:\/\/negociosconectividade.ao\/wp-content\/uploads\/2025\/05\/PN_Ministro_da_Comunicao_Social_Mario_de_Oliveira-6-e1747133352142.jpg\" class=\"attachment-large size-large wp-image-839\" alt=\"\" srcset=\"https:\/\/negociosconectividade.ao\/wp-content\/uploads\/2025\/05\/PN_Ministro_da_Comunicao_Social_Mario_de_Oliveira-6-e1747133352142.jpg 1000w, https:\/\/negociosconectividade.ao\/wp-content\/uploads\/2025\/05\/PN_Ministro_da_Comunicao_Social_Mario_de_Oliveira-6-e1747133352142-300x167.jpg 300w, https:\/\/negociosconectividade.ao\/wp-content\/uploads\/2025\/05\/PN_Ministro_da_Comunicao_Social_Mario_de_Oliveira-6-e1747133352142-768x429.jpg 768w\" sizes=\"(max-width: 1000px) 100vw, 1000px\" \/>\t\t\t\t\t\t\t\t\t\t\t\t\t\t\t<\/div>\n\t\t\t\t<\/div>\n\t\t\t\t<\/div>\n\t\t<div class=\"elementor-element elementor-element-1bd28fe e-con-full e-flex e-con e-child\" data-id=\"1bd28fe\" data-element_type=\"container\" data-e-type=\"container\" data-settings=\"{&quot;background_background&quot;:&quot;classic&quot;}\">\n\t\t\t\t<div class=\"elementor-element elementor-element-254a7cc elementor-widget elementor-widget-heading\" data-id=\"254a7cc\" data-element_type=\"widget\" data-e-type=\"widget\" data-widget_type=\"heading.default\">\n\t\t\t\t<div class=\"elementor-widget-container\">\n\t\t\t\t\t<h2 class=\"elementor-heading-title elementor-size-default\">SOBRE \u201cO AGRO-NEG\u00d3CIO NA REGI\u00c3O\u201d<\/h2>\t\t\t\t<\/div>\n\t\t\t\t<\/div>\n\t\t\t\t<div class=\"elementor-element elementor-element-1b618a4 elementor-widget elementor-widget-text-editor\" data-id=\"1b618a4\" data-element_type=\"widget\" data-e-type=\"widget\" data-widget_type=\"text-editor.default\">\n\t\t\t\t<div class=\"elementor-widget-container\">\n\t\t\t\t\t\t\t\t\t<p><strong>\u00a0<\/strong>voltaram-se as aten\u00e7\u00f5es para o potencial h\u00eddrico da prov\u00edncia da Huila, caracterizado pelo caudal do rio Cunene, que atravessa o territ\u00f3rio de norte a sul, os seus afluentes, bem como os rios Caculuvar e Cubango, \u00e9 considerado como uma das maiores regi\u00f5es produtoras de milho branco e amarelo.<br \/>Com uma colheita calculada em mais de 200 mil toneladas ano, inicialmente os tr\u00eas munic\u00edpios nomeadamente a Caconda, Caluquembe e Chicomba, passaram a ser denominadas o <em>\u201cTri\u00e2ngulo do Milho\u201d<\/em>.<br \/>Por\u00e9m, as prov\u00edncias vizinhas do Namibe e Cunene tamb\u00e9m t\u00eam uma palavra a dizer no dom\u00ednio do agro-neg\u00f3cio. Com a inaugura\u00e7\u00e3o do Canal do Kafu, no Cunene, a agricultura tem conhecido um renascimento assinal\u00e1vel, deixando para tr\u00e1s os momentos de quase trag\u00e9dia vividos pela intensidade do fen\u00f3meno da seca que assolou a regi\u00e3o em anos muito recentes.<br \/>J\u00e1 o Namibe, como se sabe, apesar do clima des\u00e9rtico, a produ\u00e7\u00e3o de hort\u00edcolas tem servido at\u00e9 para abastecer mercados como o de Luanda, onde se concentra a grande maioria de consumidores do pa\u00eds.<br \/>A express\u00e3o segundo a qual \u201ca agricultura \u00e9 a base e a ind\u00fastria o factor de desenvolvimento (decisivo)\u201d, em anos idos, serviu como forma de motivar e sensibilizar para a disponibiliza\u00e7\u00e3o de recursos para o alcance da auto-sufici\u00eancia alimentar e, consequentemente, o relan\u00e7amento do sector industrial.<br \/>Em resumo, avaliar as quantidades e a qualidade de minerais foi tamb\u00e9m um dois principais factores para atra\u00e7\u00e3o de investidores com vista ao desenvolvimento do<\/p>\t\t\t\t\t\t\t\t<\/div>\n\t\t\t\t<\/div>\n\t\t\t\t<\/div>\n\t\t\t\t\t<\/div>\n\t\t\t\t<\/div>\n\t\t<div class=\"elementor-element elementor-element-182a8907 e-con-full e-flex e-con e-parent\" data-id=\"182a8907\" data-element_type=\"container\" data-e-type=\"container\">\n\t\t<div class=\"elementor-element elementor-element-144aa966 e-con-full e-flex e-con e-child\" data-id=\"144aa966\" data-element_type=\"container\" data-e-type=\"container\" data-settings=\"{&quot;background_background&quot;:&quot;classic&quot;}\">\n\t\t\t\t<div class=\"elementor-element elementor-element-2e128235 elementor-widget elementor-widget-heading\" data-id=\"2e128235\" data-element_type=\"widget\" data-e-type=\"widget\" data-widget_type=\"heading.default\">\n\t\t\t\t<div class=\"elementor-widget-container\">\n\t\t\t\t\t<h2 class=\"elementor-heading-title elementor-size-default\">PROGRAMA<\/h2>\t\t\t\t<\/div>\n\t\t\t\t<\/div>\n\t\t\t\t<\/div>\n\t\t<div class=\"elementor-element elementor-element-3736a107 e-con-full e-flex e-con e-child\" data-id=\"3736a107\" data-element_type=\"container\" data-e-type=\"container\" data-settings=\"{&quot;background_background&quot;:&quot;classic&quot;}\">\n\t\t\t\t<div class=\"elementor-element elementor-element-158959c7 elementor-widget elementor-widget-text-editor\" data-id=\"158959c7\" data-element_type=\"widget\" data-e-type=\"widget\" data-widget_type=\"text-editor.default\">\n\t\t\t\t<div class=\"elementor-widget-container\">\n\t\t\t\t\t\t\t\t\t<h2 class=\"text-block-31\"><strong style=\"font-size: 16px;\">1\u00ba DIA &#8211; 28\/03\/25<\/strong><\/h2><div class=\"w-layout-grid grid-20\"><p><strong>MESTRE CERM\u00d3NIA: GISELA SILVA<\/strong><\/p><p>08h00 &#8211; Chegada dos Participantes<\/p><p>\u00a0\u00a0\u00a0\u00a0\u00a0\u00a0\u00a0\u00a0\u00a0 &#8211; MOMENTO cultural<\/p><p>\u00a0\u00a0\u00a0\u00a0\u00a0\u00a0\u00a0\u00a0\u00a0\u00a0\u00a0\u00a0\u00a0\u00a0\u00a0 09h00 \u2013 ABERTURA SOLENE<\/p><p>09h05 \u2013 PALAVRAS DE BOAS-VINDAS<\/p><p>\u00a0\u00a0\u00a0\u00a0\u00a0\u00a0\u00a0\u00a0\u00a0 \u00a0\u00a0 Coordenador Geral do Grupo Media Nova<\/p><p>09h10 \u2013 DISCURSO DO MINTIICS<\/p><p>\u00a0\u00a0\u00a0\u00a0\u00a0\u00a0\u00a0\u00a0\u00a0 \u00a0\u00a0\u00a0 Exmo Sr. Ministro M\u00e1rio A.S. Oliveira<\/p><p>09h15 \u2013 DISCURSO DE ABERTURA<\/p><p>\u00a0\u00a0\u00a0\u00a0\u00a0\u00a0\u00a0\u00a0\u00a0 \u00a0\u00a0\u00a0 Exmo Sr. Governador Provincial da Hu\u00edl, Nuno Mahapi<\/p><p>09h20 \u2013 mOMENTO CULTURAL<\/p><p>PRIMEIRO ESPA\u00c7O PARA INSTITUI\u00c7\u00d5ES FINANCEIRAS\/SEGURADORAS<\/p><p>09h25 \u2013 Estrat\u00e9gia de investimento Alternativo<br \/>\u00a0\u00a0\u00a0\u00a0\u00a0\u00a0\u00a0\u00a0\u00a0 \u00a0\u00a0\u00a0 Orador: <strong>Armando Manuel<\/strong><\/p><p>\u00a0\u00a0\u00a0\u00a0\u00a0\u00a0\u00a0\u00a0\u00a0\u00a0\u00a0\u00a0\u00a0\u00a0\u00a0\u00a0\u00a0\u00a0 \u00a0\u00a0\u00a0\u00a0\u00a0\u00a0 PCA do Fundo Soberano de Angola &#8211; FSDEA<br \/>09h40 \u2013 Apresenta\u00e7\u00e3o da NOSSA SEGUROS<\/p><p>\u00a0\u00a0\u00a0\u00a0\u00a0\u00a0\u00a0\u00a0\u00a0 \u00a0\u00a0 Orador: \u00e0 definir pela Entidade<\/p><p><strong>09<\/strong><strong>h<\/strong><strong>55<\/strong><strong> \u2013 mOMENTO m\u00fasica ambiente<\/strong><\/p><p><strong>\u00a0<\/strong><strong>CONVERSAS E NEG\u00d3CIOS 1<\/strong><\/p><p>Moderador: TEODORO ALBANO (Jornalista da R\u00e1dio Mais \u2013 Hla)<\/p><p>10h00 &#8211; <strong>POTENCIAL MINERAL\u00d3GICO DA PROV\u00cdNCIA DA HU\u00cdLA<\/strong><\/p><p>\u00a0\u00a0\u00a0\u00a0\u00a0\u00a0\u00a0\u00a0\u00a0 \u00a0\u00a0 Orador: <strong>Fernanda Cleto<\/strong> &#8211; Ge\u00f3loga<\/p><p>\u00a0\u00a0\u00a0\u00a0\u00a0\u00a0\u00a0\u00a0\u00a0\u00a0\u00a0\u00a0\u00a0\u00a0\u00a0\u00a0\u00a0\u00a0 \u00a0\u00a0\u00a0\u00a0\u00a0 Coordenadora do Comit\u00e9 de Gest\u00e3o do PLANAGEO<\/p><p>\u00a0\u00a0\u00a0\u00a0\u00a0\u00a0\u00a0\u00a0\u00a0\u00a0\u00a0\u00a0\u00a0\u00a0\u00a0\u00a0\u00a0\u00a0 \u00a0\u00a0\u00a0\u00a0\u00a0 para a Zona Norte<br \/>10h10 &#8211; <strong>PERSPECTIVAS DA EVOLU\u00c7\u00c3O DA AGRICULTURA NA<\/strong><\/p><p><strong>\u00a0\u00a0\u00a0\u00a0\u00a0\u00a0\u00a0\u00a0\u00a0 \u00a0 REGI\u00c3O<\/strong><\/p><p>\u00a0\u00a0\u00a0\u00a0\u00a0\u00a0\u00a0\u00a0\u00a0 \u00a0\u00a0 Orador: <strong>Adelino\u00a0Calenga<\/strong><\/p><p>\u00a0\u00a0\u00a0\u00a0\u00a0\u00a0\u00a0\u00a0\u00a0\u00a0\u00a0\u00a0\u00a0\u00a0\u00a0\u00a0\u00a0\u00a0 \u00a0\u00a0\u00a0\u00a0\u00a0 Cooperativa Wapoma Agropecu\u00e1ria e Mineiro<\/p><p>10h20 \u2013 PERGUNTAS E RESPOSTAS<\/p><p>10h40 \u2013 mOMENTO m\u00dasica ambiente<\/p><p><strong>CONVERSAS E NEG\u00d3CIOS 2<\/strong><\/p><p>Moderador: EDNO PINTO (Director Geral da R\u00e1dio Mais)<\/p><p>11h10 \u2013 <strong>CADEIA DE VALOR DOS MINERAIS DA REGI\u00c3O<\/strong><\/p><p>\u00a0\u00a0\u00a0\u00a0\u00a0\u00a0\u00a0\u00a0\u00a0 \u00a0\u00a0 Orador: Am\u00e9rico da Mata Louren\u00e7o Victorino<\/p><p>\u00a0\u00a0\u00a0\u00a0\u00a0\u00a0\u00a0\u00a0\u00a0\u00a0\u00a0\u00a0\u00a0\u00a0\u00a0\u00a0\u00a0\u00a0 \u00a0\u00a0\u00a0\u00a0\u00a0 Administrador para a \u00c1rea T\u00e9cnica do IGEO<\/p><p>11h20 &#8211; <strong>\u201cTRI\u00c2NGULO DO MILHO\u201d: N\u00cdVEL PRODUTIVO E<\/strong><\/p><p><strong>\u00a0\u00a0\u00a0\u00a0\u00a0\u00a0\u00a0\u00a0\u00a0 \u00a0\u00a0 QUALIDADE<\/strong><\/p><p>\u00a0\u00a0\u00a0\u00a0\u00a0\u00a0\u00a0\u00a0\u00a0 \u00a0 \u00a0Orador: <strong>Eng\u00ba Pedro Conde Muanda<\/strong><\/p><p>\u00a0\u00a0\u00a0\u00a0\u00a0\u00a0\u00a0\u00a0\u00a0\u00a0\u00a0\u00a0\u00a0\u00a0\u00a0\u00a0\u00a0\u00a0 \u00a0\u00a0\u00a0\u00a0 Director do Dept\u00ba da Agricultura, Florestas e Pescas da Hu\u00edla<\/p><p>11h30 \u2013 PERGUNTAS E RESPOSTAS<\/p><p>11h50 \u2013 COFEE BRECK<\/p><\/div>\t\t\t\t\t\t\t\t<\/div>\n\t\t\t\t<\/div>\n\t\t\t\t<\/div>\n\t\t<div class=\"elementor-element elementor-element-677201bd e-con-full e-flex e-con e-child\" data-id=\"677201bd\" data-element_type=\"container\" data-e-type=\"container\" data-settings=\"{&quot;background_background&quot;:&quot;classic&quot;}\">\n\t\t\t\t<div class=\"elementor-element elementor-element-c34448c elementor-widget elementor-widget-text-editor\" data-id=\"c34448c\" data-element_type=\"widget\" data-e-type=\"widget\" data-widget_type=\"text-editor.default\">\n\t\t\t\t<div class=\"elementor-widget-container\">\n\t\t\t\t\t\t\t\t\t<p>SEGUNDO ESPA\u00c7O PARA INSTITUI\u00c7\u00d5ES FINANCEIRAS\/SEGURADORAS<\/p><p>12h20 \u2013 Apresenta\u00e7\u00e3o da ANPG<\/p><p>\u00a0\u00a0\u00a0\u00a0\u00a0\u00a0\u00a0\u00a0 \u00a0\u00a0 Orador: \u00e0 definir pela Entidade<\/p><p>12h35 \u2013 Apresenta\u00e7\u00e3o da ENSA \u2013 SEGUROS DE ANGOLA<\/p><p>\u00a0\u00a0\u00a0\u00a0\u00a0\u00a0\u00a0\u00a0 \u00a0\u00a0 Orador: \u00e0 definir pela Entidade<br \/><br \/><strong>CONVERSAS E NEG\u00d3CIOS 3<\/strong><\/p><p>Moderadora: AMARO DE JESUS (TvZimbo)<\/p><p>12h50 &#8211; <strong>LABORAT\u00d3RIOS DE AN\u00c1LISE DE ROCHAS ORNAMEN-<\/strong><strong>TAIS &#8211; CAPACIDADE T\u00c9CNICA, TECNOL\u00d3GICA E\u00a0 \u00a0 <\/strong><strong>ACREDITA\u00c7\u00c3O<\/strong><\/p><p>\u00a0\u00a0\u00a0\u00a0\u00a0\u00a0\u00a0\u00a0 \u00a0 Oradora: <strong>Helena Nat\u00e1lia NTjamba<\/strong><\/p><p>\u00a0\u00a0\u00a0\u00a0\u00a0\u00a0\u00a0\u00a0\u00a0\u00a0\u00a0\u00a0\u00a0\u00a0\u00a0\u00a0\u00a0\u00a0 \u00a0\u00a0\u00a0\u00a0 \u00a0\u00a0Coordenadora do Laborat\u00f3rio Geocint\u00edfico do Lubango<br \/><br \/>13h00 \u2013 <strong>IND\u00daSTRIAS DO FERRO, OURO, M\u00c1RMORE E GRANITO<\/strong><\/p><p>\u00a0\u00a0\u00a0\u00a0\u00a0\u00a0\u00a0\u00a0 \u00a0\u00a0 Orador: Dr. Domingos Kalumana<\/p><p>\u00a0\u00a0\u00a0\u00a0\u00a0\u00a0\u00a0\u00a0\u00a0\u00a0\u00a0\u00a0\u00a0\u00a0\u00a0\u00a0\u00a0\u00a0 \u00a0\u00a0\u00a0\u00a0\u00a0 Director do Gab.Provincial p\/o Desenvoilveimento Econ\u00f3mico<\/p><p>\u00a0\u00a0\u00a0\u00a0\u00a0\u00a0\u00a0\u00a0 \u00a0\u00a0\u00a0\u00a0\u00a0\u00a0\u00a0\u00a0\u00a0\u00a0\u00a0\u00a0\u00a0\u00a0\u00a0\u00a0 Integrado da Hu\u00edla<br \/>13h10 \u2013 PERGUNTAS E RESPOSTAS<\/p><p>13h30 \u2013 mOMENTO m\u00fasica ambiente<\/p><p><strong>CONVERSAS E NEG\u00d3CIOS 4<\/strong><\/p><p>Moderador: DANI COSTA (Coordenador para a \u00c1rea de Conte\u00fados do GMN)<br \/><br \/>13h35 \u2013 <strong>CALC\u00c1RIO: EXPLORA\u00c7\u00c3O, VALOR ECON\u00d3MICO E<\/strong><\/p><p><strong>\u00a0\u00a0\u00a0\u00a0\u00a0\u00a0\u00a0\u00a0 \u00a0\u00a0 IMPORT\u00c2NCIA<\/strong><\/p><p>\u00a0\u00a0\u00a0\u00a0\u00a0\u00a0\u00a0\u00a0 \u00a0\u00a0\u00a0\u00a0 PARA A CORREC\u00c7\u00c3O DE SOLOS<\/p><p>\u00a0\u00a0\u00a0\u00a0\u00a0\u00a0\u00a0\u00a0 \u00a0\u00a0\u00a0\u00a0 Orador: <strong>Eng\u00ba. Nelson Mangala<br \/><\/strong>Coordenador do Comit\u00e9 de Gest\u00e3o do PLANAGEO<\/p><p>para a Zona Leste<\/p><p>13h45 \u2013<strong>EXPLORA\u00c7\u00c3O MINERAL VS POTENCIAL TUR\u00cdSTICO<\/strong><\/p><p>\u00a0\u00a0\u00a0\u00a0\u00a0\u00a0\u00a0\u00a0 \u00a0 Orador: <strong>Eng\u00ba. Marcelo Siko<br \/><\/strong>\u00a0 \u00a0 \u00a0 \u00a0 \u00a0 \u00a0 \u00a0 \u00a0 \u00a0 \u00a0 \u00a0 \u00a0 \u00a0 Presidente da Associa\u00e7\u00e3o dos produtores de Pedras\u00a0 da Regi\u00e3o Sul de Angola<\/p><p>13h55 \u2013 PERGUNTAS E RESPOSTAS<\/p><p>13h40 \u2013 mOMENTO m\u00fasica ambiente<\/p><p><strong>CONVERSAS E NEG\u00d3CIOS 5<\/strong><\/p><p>Moderador: ELSA MARCELINO (Directora da R\u00e1dio Mais Huambo)<\/p><p>14h15 \u2013 \u00c1GUAS SUBTERR\u00c2NEAS: DESCOBERTA E PERFURA\u00c7\u00c3O<\/p><p>\u00a0\u00a0\u00a0\u00a0\u00a0\u00a0\u00a0\u00a0 \u00a0\u00a0\u00a0 EM REGI\u00d5ES DE SECA<\/p><p>\u00a0\u00a0\u00a0\u00a0\u00a0\u00a0\u00a0\u00a0 \u00a0\u00a0\u00a0 Orador: <strong>S\u00e9rgio Wayeto &#8211; Geof\u00edsico<\/strong><\/p><p>14h25 \u2013 CASO DE ESTUDO: PER\u00cdMETRO IRRIGADO DA MATALA<\/p><p>\u00a0\u00a0\u00a0\u00a0\u00a0\u00a0\u00a0\u00a0 \u00a0\u00a0\u00a0 Orador: Dr. Manuel Machado Quilende<\/p><p>\u00a0\u00a0\u00a0\u00a0\u00a0\u00a0\u00a0\u00a0\u00a0\u00a0\u00a0\u00a0\u00a0\u00a0\u00a0\u00a0\u00a0\u00a0 \u00a0\u00a0\u00a0\u00a0 Administrador da Matala<\/p><p>14h35 \u2013 PERGUNTAS E RESPOSTAS<\/p><p>14h55 \u2013 CARTAZ EMPRESARIAL<\/p><p>\u00a0\u00a0\u00a0\u00a0\u00a0\u00a0\u00a0\u00a0 \u00a0\u00a0\u00a0\u00a0 Momento de microfone aberto para cada participante se apresentar<\/p><p>\u00a0\u00a0\u00a0\u00a0\u00a0\u00a0\u00a0\u00a0 \u00a0\u00a0\u00a0\u00a0 e mostrar seu neg\u00f3cio e necessidades.<\/p><p>15h25 &#8211; DISCURSO DE ENCERRAMENTO<\/p><p>\u00a0\u00a0\u00a0\u00a0\u00a0\u00a0\u00a0\u00a0 \u00a0 Coordenador Geral do Grupo Media Nova<\/p><p>15h35 &#8211; FOTO DE FAM\u00cdLIA + ENTREGA DOS CERTIFICADOS<\/p><p>\u00a0 \u00a0 \u00a0 \u00a0 \u00a0 \u00a0 \u00a0 \u00a0MOMENTO CULTURAL + ALMO\u00c7O<\/p><p>\u00a0\u00a0\u00a0\u00a0\u00a0\u00a0\u00a0\u00a0\u00a0\u00a0\u00a0\u00a0\u00a0\u00a0 ENCERRAMENTO<\/p><p><strong>2\u00ba DIA &#8211; 29\/03\/25 <\/strong><\/p><p>PASSEIO TUR\u00cdSTICO INCLUINDO VISITA A CENTROS DE PRODU\u00c7\u00c3O;<\/p><p>Apenas para patrocinadores e participantes A, B e D<\/p>\t\t\t\t\t\t\t\t<\/div>\n\t\t\t\t<\/div>\n\t\t\t\t<\/div>\n\t\t\t\t<\/div>\n\t\t<div class=\"elementor-element elementor-element-b000eb7 e-flex e-con-boxed e-con e-parent\" data-id=\"b000eb7\" data-element_type=\"container\" data-e-type=\"container\">\n\t\t\t\t\t<div class=\"e-con-inner\">\n\t\t\t\t<div class=\"elementor-element elementor-element-520bed0 elementor-widget elementor-widget-heading\" data-id=\"520bed0\" data-element_type=\"widget\" data-e-type=\"widget\" data-widget_type=\"heading.default\">\n\t\t\t\t<div class=\"elementor-widget-container\">\n\t\t\t\t\t<h2 class=\"elementor-heading-title elementor-size-default\">Nossos parceiros<\/h2>\t\t\t\t<\/div>\n\t\t\t\t<\/div>\n\t\t\t\t<div class=\"elementor-element elementor-element-8ea04ad elementor-widget elementor-widget-image\" data-id=\"8ea04ad\" data-element_type=\"widget\" data-e-type=\"widget\" data-widget_type=\"image.default\">\n\t\t\t\t<div class=\"elementor-widget-container\">\n\t\t\t\t\t\t\t\t\t\t\t\t\t\t\t<img decoding=\"async\" width=\"1024\" height=\"232\" src=\"https:\/\/negociosconectividade.ao\/wp-content\/uploads\/2025\/05\/patrocinadores-1024x232.webp\" class=\"attachment-large size-large wp-image-286\" alt=\"\" srcset=\"https:\/\/negociosconectividade.ao\/wp-content\/uploads\/2025\/05\/patrocinadores-1024x232.webp 1024w, https:\/\/negociosconectividade.ao\/wp-content\/uploads\/2025\/05\/patrocinadores-300x68.webp 300w, https:\/\/negociosconectividade.ao\/wp-content\/uploads\/2025\/05\/patrocinadores-768x174.webp 768w, https:\/\/negociosconectividade.ao\/wp-content\/uploads\/2025\/05\/patrocinadores.webp 1326w\" sizes=\"(max-width: 1024px) 100vw, 1024px\" \/>\t\t\t\t\t\t\t\t\t\t\t\t\t\t\t<\/div>\n\t\t\t\t<\/div>\n\t\t\t\t\t<\/div>\n\t\t\t\t<\/div>\n\t\t<div class=\"elementor-element elementor-element-68776636 e-flex e-con-boxed e-con e-parent\" data-id=\"68776636\" data-element_type=\"container\" data-e-type=\"container\" data-settings=\"{&quot;background_background&quot;:&quot;classic&quot;}\">\n\t\t\t\t\t<div class=\"e-con-inner\">\n\t\t<div class=\"elementor-element elementor-element-5514856e e-con-full e-flex e-con e-child\" data-id=\"5514856e\" data-element_type=\"container\" data-e-type=\"container\" data-settings=\"{&quot;background_background&quot;:&quot;gradient&quot;}\">\n\t\t\t\t<div class=\"elementor-element elementor-element-75ad51c elementor-widget elementor-widget-heading\" data-id=\"75ad51c\" data-element_type=\"widget\" data-e-type=\"widget\" data-widget_type=\"heading.default\">\n\t\t\t\t<div class=\"elementor-widget-container\">\n\t\t\t\t\t<h2 class=\"elementor-heading-title elementor-size-default\">Torne-se um patrocinador<\/h2>\t\t\t\t<\/div>\n\t\t\t\t<\/div>\n\t\t\t\t<div class=\"elementor-element elementor-element-457359a9 elementor-widget elementor-widget-text-editor\" data-id=\"457359a9\" data-element_type=\"widget\" data-e-type=\"widget\" data-widget_type=\"text-editor.default\">\n\t\t\t\t<div class=\"elementor-widget-container\">\n\t\t\t\t\t\t\t\t\t<p>Os patrocinadores deste projecto, beneficiam de espa\u00e7os publicit\u00e1rios entre as classes, no quadro abaixo indicado. Os espa\u00e7os ser\u00e3o cedidos em conformidade com os valores que forem patrocinados.<\/p>\t\t\t\t\t\t\t\t<\/div>\n\t\t\t\t<\/div>\n\t\t\t\t<div class=\"elementor-element elementor-element-5d31424a elementor-widget elementor-widget-button\" data-id=\"5d31424a\" data-element_type=\"widget\" data-e-type=\"widget\" data-widget_type=\"button.default\">\n\t\t\t\t<div class=\"elementor-widget-container\">\n\t\t\t\t\t\t\t\t\t<div class=\"elementor-button-wrapper\">\n\t\t\t\t\t<a class=\"elementor-button elementor-button-link elementor-size-sm\" href=\"https:\/\/negociosconectividade.ao\/index.php\/elementor-pagina-851\/\">\n\t\t\t\t\t\t<span class=\"elementor-button-content-wrapper\">\n\t\t\t\t\t\t\t\t\t<span class=\"elementor-button-text\">SABER MAIS<\/span>\n\t\t\t\t\t<\/span>\n\t\t\t\t\t<\/a>\n\t\t\t\t<\/div>\n\t\t\t\t\t\t\t\t<\/div>\n\t\t\t\t<\/div>\n\t\t\t\t<\/div>\n\t\t\t\t\t<\/div>\n\t\t\t\t<\/div>\n\t\t\t\t<\/div>\n\t\t","protected":false},"excerpt":{"rendered":"<p>HU\u00cdLA 2025 Prespectivas Para o evento na prov\u00edncia da Hu\u00edla, realizado mais propriamente na cidade do Lubango, escolheu-se como Mote, \u201cA CARTA GEOL\u00d3GICA DA HU\u00cdLA, NAMIBE, CUNENE E O AGRO-NEG\u00d3CIO\u00a0DA\u00a0REGI\u00c3O\u201d foi abordado quanto as potencialidades da prov\u00edncia da Hu\u00edla, tendo em conta o que as autoridades angolanas perspectivam por um melhor aproveitamento com a explora\u00e7\u00e3o [&hellip;]<\/p>\n","protected":false},"author":2,"featured_media":0,"parent":0,"menu_order":0,"comment_status":"closed","ping_status":"closed","template":"","meta":{"footnotes":""},"class_list":["post-639","page","type-page","status-publish","hentry"],"blocksy_meta":[],"_links":{"self":[{"href":"https:\/\/negociosconectividade.ao\/index.php\/wp-json\/wp\/v2\/pages\/639","targetHints":{"allow":["GET"]}}],"collection":[{"href":"https:\/\/negociosconectividade.ao\/index.php\/wp-json\/wp\/v2\/pages"}],"about":[{"href":"https:\/\/negociosconectividade.ao\/index.php\/wp-json\/wp\/v2\/types\/page"}],"author":[{"embeddable":true,"href":"https:\/\/negociosconectividade.ao\/index.php\/wp-json\/wp\/v2\/users\/2"}],"replies":[{"embeddable":true,"href":"https:\/\/negociosconectividade.ao\/index.php\/wp-json\/wp\/v2\/comments?post=639"}],"version-history":[{"count":22,"href":"https:\/\/negociosconectividade.ao\/index.php\/wp-json\/wp\/v2\/pages\/639\/revisions"}],"predecessor-version":[{"id":1065,"href":"https:\/\/negociosconectividade.ao\/index.php\/wp-json\/wp\/v2\/pages\/639\/revisions\/1065"}],"wp:attachment":[{"href":"https:\/\/negociosconectividade.ao\/index.php\/wp-json\/wp\/v2\/media?parent=639"}],"curies":[{"name":"wp","href":"https:\/\/api.w.org\/{rel}","templated":true}]}}